{"id":15524,"date":"2023-08-25T16:53:26","date_gmt":"2023-08-25T21:53:26","guid":{"rendered":"https:\/\/saludnl.gob.mx\/regulacion-sanitaria\/?page_id=15524"},"modified":"2023-08-25T16:53:26","modified_gmt":"2023-08-25T21:53:26","slug":"guia-de-autoevaluacion-de-establecimientos-con-atencion-estomatologica","status":"publish","type":"page","link":"https:\/\/saludnl.gob.mx\/regulacion-sanitaria\/index.php\/guia-de-autoevaluacion-de-establecimientos-con-atencion-estomatologica\/","title":{"rendered":"Gu\u00eda de Autoevaluaci\u00f3n de Establecimientos con Atenci\u00f3n Estomatol\u00f3gica"},"content":{"rendered":"<a href=\"https:\/\/saludnl.gob.mx\/regulacion-sanitaria\/wp-content\/uploads\/2023\/08\/Guia-de-Autoevaluacion-de-Establecimientos-con-Atencion-Estomatologica.pdf\" class=\"pdfemb-viewer\" style=\"\" data-width=\"max\" data-height=\"max\" data-toolbar=\"bottom\" data-toolbar-fixed=\"off\">Gu\u00eda de Autoevaluaci\u00f3n de Establecimientos con Atenci\u00f3n Estomatol\u00f3gica<\/a>\n<p>&nbsp;<\/p>\n<div class=\"sdm_download_item \"><div class=\"sdm_download_item_top\"><div class=\"sdm_download_thumbnail\"><\/div><div class=\"sdm_download_title\">Gu\u00eda de Autoevaluaci\u00f3n de Establecimientos con Atenci\u00f3n Estomatol\u00f3gica<\/div><\/div><div style=\"clear:both;\"><\/div><div class=\"sdm_download_description\"><p>&nbsp;<\/p>\n<p>&nbsp;<\/p>\n<p>&nbsp;<\/p>\n<\/div><div class=\"sdm_download_link\"><span class=\"sdm_download_button\"><a href=\"https:\/\/saludnl.gob.mx\/regulacion-sanitaria\/?sdm_process_download=1&download_id=15526\" class=\"sdm_download blue\" title=\"Gu\u00eda de Autoevaluaci\u00f3n de Establecimientos con Atenci\u00f3n Estomatol\u00f3gica\" target=\"_self\">Download Now!<\/a><\/span><span class=\"sdm_download_item_count\"><span class=\"sdm_item_count_number\">267<\/span><span class=\"sdm_item_count_string\"> Downloads<\/span><\/span><\/div><\/div><div class=\"sdm_clear_float\"><\/div>\n","protected":false},"excerpt":{"rendered":"<p>&nbsp;<\/p>\n","protected":false},"author":5,"featured_media":0,"parent":0,"menu_order":0,"comment_status":"closed","ping_status":"closed","template":"","meta":{"footnotes":""},"class_list":["post-15524","page","type-page","status-publish","hentry"],"_links":{"self":[{"href":"https:\/\/saludnl.gob.mx\/regulacion-sanitaria\/index.php\/wp-json\/wp\/v2\/pages\/15524","targetHints":{"allow":["GET"]}}],"collection":[{"href":"https:\/\/saludnl.gob.mx\/regulacion-sanitaria\/index.php\/wp-json\/wp\/v2\/pages"}],"about":[{"href":"https:\/\/saludnl.gob.mx\/regulacion-sanitaria\/index.php\/wp-json\/wp\/v2\/types\/page"}],"author":[{"embeddable":true,"href":"https:\/\/saludnl.gob.mx\/regulacion-sanitaria\/index.php\/wp-json\/wp\/v2\/users\/5"}],"replies":[{"embeddable":true,"href":"https:\/\/saludnl.gob.mx\/regulacion-sanitaria\/index.php\/wp-json\/wp\/v2\/comments?post=15524"}],"version-history":[{"count":1,"href":"https:\/\/saludnl.gob.mx\/regulacion-sanitaria\/index.php\/wp-json\/wp\/v2\/pages\/15524\/revisions"}],"predecessor-version":[{"id":15534,"href":"https:\/\/saludnl.gob.mx\/regulacion-sanitaria\/index.php\/wp-json\/wp\/v2\/pages\/15524\/revisions\/15534"}],"wp:attachment":[{"href":"https:\/\/saludnl.gob.mx\/regulacion-sanitaria\/index.php\/wp-json\/wp\/v2\/media?parent=15524"}],"curies":[{"name":"wp","href":"https:\/\/api.w.org\/{rel}","templated":true}]}}