{"id":15291,"date":"2023-08-08T10:58:08","date_gmt":"2023-08-08T15:58:08","guid":{"rendered":"https:\/\/saludnl.gob.mx\/regulacion-sanitaria\/?page_id=15291"},"modified":"2023-08-08T12:05:06","modified_gmt":"2023-08-08T17:05:06","slug":"reglamentos","status":"publish","type":"page","link":"https:\/\/saludnl.gob.mx\/regulacion-sanitaria\/index.php\/reglamentos\/","title":{"rendered":"Reglamentos"},"content":{"rendered":"\n<figure class=\"wp-block-table\"><table><tbody><tr><td><\/td><td>\u00daltima reforma<\/td><td>Enlace<\/td><\/tr><tr><td>Reglamento Interior de la Secretar\u00eda de Salud<\/td><td>31-01-2022<\/td><td><a href=\"http:\/\/sistec.nl.gob.mx\/Transparencia_2015\/Archivos\/AC_0001_0007_00170182_000004.pdf\" data-type=\"URL\" data-id=\"http:\/\/sistec.nl.gob.mx\/Transparencia_2015\/Archivos\/AC_0001_0007_00170182_000004.pdf\">PDF<\/a><\/td><\/tr><tr><td>Reglamento de la Ley General de Protecci\u00f3n Civil<\/td><td>09-12-2015<\/td><td><a href=\"http:\/\/www.diputados.gob.mx\/LeyesBiblio\/regley\/Reg_LGPC_091215.pdf\" data-type=\"URL\" data-id=\"http:\/\/www.diputados.gob.mx\/LeyesBiblio\/regley\/Reg_LGPC_091215.pdf\">PDF<\/a><\/td><\/tr><tr><td>Reglamento de Control Sanitario de Productos y Servicios<\/td><td>08-09-2022<\/td><td><a href=\"http:\/\/www.ordenjuridico.gob.mx\/Documentos\/Federal\/pdf\/wo88301.pdf\" data-type=\"URL\" data-id=\"http:\/\/www.ordenjuridico.gob.mx\/Documentos\/Federal\/pdf\/wo88301.pdf\">PDF<\/a><\/td><\/tr><tr><td>Reglamento de Insumos para la Salud<\/td><td>31-05-2021<\/td><td><a href=\"http:\/\/www.ordenjuridico.gob.mx\/Documentos\/Federal\/pdf\/wo88318.pdf\" data-type=\"URL\" data-id=\"http:\/\/www.ordenjuridico.gob.mx\/Documentos\/Federal\/pdf\/wo88318.pdf\">PDF<\/a><\/td><\/tr><tr><td>Reglamento de la Comisi\u00f3n Federal para la Protecci\u00f3n contra Riesgos Sanitarios<\/td><td>Sin Reforma<\/td><td><a href=\"http:\/\/www.ordenjuridico.gob.mx\/Documentos\/Federal\/pdf\/wo88332.pdf\" data-type=\"URL\" data-id=\"http:\/\/www.ordenjuridico.gob.mx\/Documentos\/Federal\/pdf\/wo88332.pdf\">PDF<\/a><\/td><\/tr><tr><td>Reglamento de la Ley Aduanera<\/td><td>Sin Reforma<\/td><td><a href=\"http:\/\/www.diputados.gob.mx\/LeyesBiblio\/regley\/Reg_LAdua_241220.pdf\" data-type=\"URL\" data-id=\"http:\/\/www.diputados.gob.mx\/LeyesBiblio\/regley\/Reg_LAdua_241220.pdf\">PDF<\/a><\/td><\/tr><tr><td>Reglamento de la Ley de Bioseguridad de Organismos Gen\u00e9ticamente Modificados<\/td><td>06-03-2009<\/td><td><a href=\"http:\/\/www.diputados.gob.mx\/LeyesBiblio\/regley\/Reg_LBOGM.pdf\" data-type=\"URL\" data-id=\"http:\/\/www.diputados.gob.mx\/LeyesBiblio\/regley\/Reg_LBOGM.pdf\">PDF<\/a><\/td><\/tr><tr><td>Reglamento de la Ley de Comercio Exterior<\/td><td>22-05-2014<\/td><td><a href=\"http:\/\/www.diputados.gob.mx\/LeyesBiblio\/regley\/Reg_LCE.pdf\" data-type=\"URL\" data-id=\"http:\/\/www.diputados.gob.mx\/LeyesBiblio\/regley\/Reg_LCE.pdf\">PDF<\/a><\/td><\/tr><tr><td>Reglamento de la Ley Federal para el Control de Precursores Qu\u00edmicos, Productos Qu\u00edmicos Esenciales y M\u00e1quinas para elaborar C\u00e1psulas, Tabletas y\/o Comprimidos<\/td><td>Sin reforma<\/td><td><a href=\"http:\/\/www.diputados.gob.mx\/LeyesBiblio\/regley\/Reg_LFCPrecQuim.pdf\" data-type=\"URL\" data-id=\"http:\/\/www.diputados.gob.mx\/LeyesBiblio\/regley\/Reg_LFCPrecQuim.pdf\">PDF<\/a><\/td><\/tr><tr><td>Reglamento de la Ley Federal de Sanidad Animal<\/td><td>Sin reforma<\/td><td><a href=\"http:\/\/www.diputados.gob.mx\/LeyesBiblio\/regley\/Reg_LFSA.pdf\" data-type=\"URL\" data-id=\"http:\/\/www.diputados.gob.mx\/LeyesBiblio\/regley\/Reg_LFSA.pdf\">PDF<\/a><\/td><\/tr><tr><td>Reglamento de la Ley Federal de Transparencia y Acceso a la Informaci\u00f3n P\u00fablica Gubernamental<\/td><td>Sin reforma\u00a0<\/td><td><a href=\"http:\/\/www.diputados.gob.mx\/LeyesBiblio\/regley\/Reg_LFTAIPG.pdf\" data-type=\"URL\" data-id=\"http:\/\/www.diputados.gob.mx\/LeyesBiblio\/regley\/Reg_LFTAIPG.pdf\">PDF<\/a><\/td><\/tr><tr><td>Reglamento de la Ley General para el Control del Tabaco<\/td><td>16-12-2022<\/td><td><a href=\"https:\/\/www.diputados.gob.mx\/LeyesBiblio\/regley\/Reg_LGCT.pdf\" data-type=\"URL\" data-id=\"https:\/\/www.diputados.gob.mx\/LeyesBiblio\/regley\/Reg_LGCT.pdf\">PDF<\/a><\/td><\/tr><tr><td>Reglamento de la Ley General de Salud en Materia de Control Sanitario de Actividades, Establecimientos, Productos y Servicios<\/td><td>28-12-2004<\/td><td><a href=\"http:\/\/www.ordenjuridico.gob.mx\/Documentos\/Federal\/pdf\/wo88533.pdf\" data-type=\"URL\" data-id=\"http:\/\/www.ordenjuridico.gob.mx\/Documentos\/Federal\/pdf\/wo88533.pdf\">PDF<\/a><\/td><\/tr><tr><td>Reglamento de la Ley General de Salud en Materia de Control Sanitario de la Disposici\u00f3n de \u00d3rganos, Tejidos y Cad\u00e1veres de Seres Humanos<\/td><td>26-03-2014<\/td><td><a href=\"http:\/\/www.diputados.gob.mx\/LeyesBiblio\/regley\/Reg_LGS_MCSOTCSH.pdf\" data-type=\"URL\" data-id=\"http:\/\/www.diputados.gob.mx\/LeyesBiblio\/regley\/Reg_LGS_MCSOTCSH.pdf\">PDF<\/a><\/td><\/tr><tr><td>Reglamento de la Ley General de Salud en Materia de Control Sanitario para la Producci\u00f3n, Investigaci\u00f3n y Uso Medicinal de la Cannabis y sus Derivados Farmacol\u00f3gicos<\/td><td>Sin reforma<\/td><td><a href=\"http:\/\/www.diputados.gob.mx\/LeyesBiblio\/regley\/Reg_LGS_MCSPIUMC_120121.pdf\" data-type=\"URL\" data-id=\"http:\/\/www.diputados.gob.mx\/LeyesBiblio\/regley\/Reg_LGS_MCSPIUMC_120121.pdf\">PDF<\/a><\/td><\/tr><tr><td>Reglamento de la Ley General de Salud en Materia de Investigaci\u00f3n para la Salud<\/td><td>02-04-2014<\/td><td><a href=\"http:\/\/www.diputados.gob.mx\/LeyesBiblio\/regley\/Reg_LGS_MIS.pdf\" data-type=\"URL\" data-id=\"http:\/\/www.diputados.gob.mx\/LeyesBiblio\/regley\/Reg_LGS_MIS.pdf\">PDF<\/a><\/td><\/tr><tr><td>Reglamento de la Ley General de Salud en Materia de Prestaci\u00f3n de Servicios de Atenci\u00f3n M\u00e9dica<\/td><td>17-07-2018<\/td><td><a href=\"http:\/\/www.diputados.gob.mx\/LeyesBiblio\/regley\/Reg_LGS_MPSAM_170718.pdf\" data-type=\"URL\" data-id=\"http:\/\/www.diputados.gob.mx\/LeyesBiblio\/regley\/Reg_LGS_MPSAM_170718.pdf\">PDF<\/a><\/td><\/tr><tr><td>Reglamento de la Ley General de Salud en Materia de Publicidad<\/td><td>08-09-2022<\/td><td><a href=\"http:\/\/www.diputados.gob.mx\/LeyesBiblio\/regley\/Reg_LGS_MP.pdf\" data-type=\"URL\" data-id=\"http:\/\/www.diputados.gob.mx\/LeyesBiblio\/regley\/Reg_LGS_MP.pdf\">PDF<\/a><\/td><\/tr><tr><td>Reglamento de la Ley General de Salud en Materia de Sanidad Internacional<\/td><td>10-07-1985<\/td><td><a href=\"http:\/\/www.diputados.gob.mx\/LeyesBiblio\/regley\/Reg_LGS_MSI.pdf\" data-type=\"URL\" data-id=\"http:\/\/www.diputados.gob.mx\/LeyesBiblio\/regley\/Reg_LGS_MSI.pdf\">PDF<\/a><\/td><\/tr><tr><td>Reglamento Interior del Comit\u00e9 de Mol\u00e9culas Nuevas<\/td><td>Sin reforma<\/td><td><a href=\"https:\/\/www.dof.gob.mx\/nota_detalle.php?codigo=5235010&amp;fecha=23\/02\/2012\" data-type=\"URL\" data-id=\"https:\/\/www.dof.gob.mx\/nota_detalle.php?codigo=5235010&amp;fecha=23\/02\/2012\">PDF<\/a><\/td><\/tr><tr><td>MODIFICACI\u00d3N al Reglamento Interior del Comit\u00e9 de Mol\u00e9culas Nuevas<\/td><td>23-07-2014<br><\/td><td><a href=\"http:\/\/dof.gob.mx\/nota_detalle.php?codigo=5532472&amp;fecha=20\/07\/2018\" data-type=\"URL\" data-id=\"http:\/\/dof.gob.mx\/nota_detalle.php?codigo=5532472&amp;fecha=20\/07\/2018\">PDF<\/a><\/td><\/tr><tr><td>MODIFICACI\u00d3N al Reglamento Interior del Comit\u00e9 de Mol\u00e9culas Nuevas<\/td><td>20-07-2018<\/td><td><a href=\"http:\/\/www.ordenjuridico.gob.mx\/Documentos\/Federal\/pdf\/wo88738.pdf\" data-type=\"URL\" data-id=\"http:\/\/www.ordenjuridico.gob.mx\/Documentos\/Federal\/pdf\/wo88738.pdf\">PDF<\/a><\/td><\/tr><tr><td>Reglamento Interior de la Comisi\u00f3n Interinstitucional del Cuadro B\u00e1sico y Cat\u00e1logo de Insumos del Sector Salud<\/td><td>16-01-2014<\/td><td><a href=\"http:\/\/www.ordenjuridico.gob.mx\/Documentos\/Federal\/pdf\/wo88738.pdf\" data-type=\"URL\" data-id=\"http:\/\/www.ordenjuridico.gob.mx\/Documentos\/Federal\/pdf\/wo88738.pdf\">PDF<\/a><\/td><\/tr><tr><td>Reglamento Interior de la Comisi\u00f3n Intersecretarial para el Control del Proceso y Uso de Plaguicidas, Fertilizantes y Sustancias T\u00f3xicas<\/td><td>Sin reforma<\/td><td><a href=\"http:\/\/www.ordenjuridico.gob.mx\/Documentos\/Federal\/pdf\/wo88741.pdf\" data-type=\"URL\" data-id=\"http:\/\/www.ordenjuridico.gob.mx\/Documentos\/Federal\/pdf\/wo88741.pdf\">PDF<\/a><\/td><\/tr><tr><td>Reglamento en Materia de Registros, Autorizaciones de Importaci\u00f3n y Exportaci\u00f3n y Certificados de Exportaci\u00f3n de Plaguicidas y Nutrientes Vegetales y Sustancias y Materiales T\u00f3xicos o Peligrosos<\/td><td>13-02-2014<\/td><td><a href=\"http:\/\/www.ordenjuridico.gob.mx\/Documentos\/Federal\/pdf\/wo88716.pdf\" data-type=\"URL\" data-id=\"http:\/\/www.ordenjuridico.gob.mx\/Documentos\/Federal\/pdf\/wo88716.pdf\">PDF<\/a><\/td><\/tr><\/tbody><\/table><\/figure>\n","protected":false},"excerpt":{"rendered":"<p>\u00daltima reforma Enlace Reglamento Interior de la Secretar\u00eda de Salud 31-01-2022 PDF Reglamento de la Ley General de Protecci\u00f3n Civil 09-12-2015 PDF Reglamento de Control Sanitario de Productos y Servicios 08-09-2022 PDF Reglamento de Insumos para la Salud 31-05-2021 PDF Reglamento de la Comisi\u00f3n Federal para la Protecci\u00f3n contra Riesgos Sanitarios Sin Reforma PDF Reglamento [&hellip;]<\/p>\n","protected":false},"author":5,"featured_media":0,"parent":0,"menu_order":0,"comment_status":"closed","ping_status":"closed","template":"","meta":{"footnotes":""},"class_list":["post-15291","page","type-page","status-publish","hentry"],"_links":{"self":[{"href":"https:\/\/saludnl.gob.mx\/regulacion-sanitaria\/index.php\/wp-json\/wp\/v2\/pages\/15291","targetHints":{"allow":["GET"]}}],"collection":[{"href":"https:\/\/saludnl.gob.mx\/regulacion-sanitaria\/index.php\/wp-json\/wp\/v2\/pages"}],"about":[{"href":"https:\/\/saludnl.gob.mx\/regulacion-sanitaria\/index.php\/wp-json\/wp\/v2\/types\/page"}],"author":[{"embeddable":true,"href":"https:\/\/saludnl.gob.mx\/regulacion-sanitaria\/index.php\/wp-json\/wp\/v2\/users\/5"}],"replies":[{"embeddable":true,"href":"https:\/\/saludnl.gob.mx\/regulacion-sanitaria\/index.php\/wp-json\/wp\/v2\/comments?post=15291"}],"version-history":[{"count":4,"href":"https:\/\/saludnl.gob.mx\/regulacion-sanitaria\/index.php\/wp-json\/wp\/v2\/pages\/15291\/revisions"}],"predecessor-version":[{"id":15301,"href":"https:\/\/saludnl.gob.mx\/regulacion-sanitaria\/index.php\/wp-json\/wp\/v2\/pages\/15291\/revisions\/15301"}],"wp:attachment":[{"href":"https:\/\/saludnl.gob.mx\/regulacion-sanitaria\/index.php\/wp-json\/wp\/v2\/media?parent=15291"}],"curies":[{"name":"wp","href":"https:\/\/api.w.org\/{rel}","templated":true}]}}