{"id":15290,"date":"2023-08-08T09:51:13","date_gmt":"2023-08-08T14:51:13","guid":{"rendered":"https:\/\/saludnl.gob.mx\/regulacion-sanitaria\/?page_id=15290"},"modified":"2025-07-10T10:39:46","modified_gmt":"2025-07-10T16:39:46","slug":"leyes","status":"publish","type":"page","link":"https:\/\/saludnl.gob.mx\/regulacion-sanitaria\/index.php\/leyes\/","title":{"rendered":"Leyes"},"content":{"rendered":"\n<figure class=\"wp-block-table\"><table><tbody><tr><td><\/td><td>\u00daltima reforma<\/td><td>Enlaces<\/td><\/tr><tr><td>Constituci\u00f3n Pol\u00edtica de los Estados Unidos Mexicanos<\/td><td>06-06-2023<\/td><td><a href=\"https:\/\/www.diputados.gob.mx\/LeyesBiblio\/pdf\/CPEUM.pdf\" data-type=\"URL\" data-id=\"https:\/\/www.diputados.gob.mx\/LeyesBiblio\/pdf\/CPEUM.pdf\">PDF<\/a><\/td><\/tr><tr><td>Ley Estatal de Salud<\/td><td>14-04-2025<\/td><td><a href=\"https:\/\/www.hcnl.gob.mx\/trabajo_legislativo\/leyes\/pdf\/LEY%20ESTATAL%20DE%20SALUD.pdf?2025-04-14\">PDF<\/a><\/td><\/tr><tr><td>Ley Aduanera<\/td><td>24-12-2021<\/td><td><a href=\"http:\/\/www.diputados.gob.mx\/LeyesBiblio\/pdf\/LAdua.pdf\" data-type=\"URL\" data-id=\"http:\/\/www.diputados.gob.mx\/LeyesBiblio\/pdf\/LAdua.pdf\">PDF<\/a><\/td><\/tr><tr><td>Ley de Amparo, reglamentaria de los art\u00edculos 103 y 107 de la Constituci\u00f3n Pol\u00edtica de los Estados Unidos Mexicanos<\/td><td>07-06-2021<\/td><td><a href=\"http:\/\/www.diputados.gob.mx\/LeyesBiblio\/pdf\/LAmp.pdf\" data-type=\"URL\" data-id=\"http:\/\/www.diputados.gob.mx\/LeyesBiblio\/pdf\/LAmp.pdf\">PDF<\/a><\/td><\/tr><tr><td>Ley de Asistencia Social<\/td><td>06-01-2023<\/td><td><a href=\"http:\/\/www.diputados.gob.mx\/LeyesBiblio\/pdf\/LASoc.pdf\" data-type=\"URL\" data-id=\"http:\/\/www.diputados.gob.mx\/LeyesBiblio\/pdf\/LASoc.pdf\">PDF<\/a><\/td><\/tr><tr><td>Ley de Bioseguridad de Organismos Gen\u00e9ticamente Modificados<\/td><td>11-05-2022<\/td><td><a href=\"http:\/\/www.diputados.gob.mx\/LeyesBiblio\/pdf\/LBOGM.pdf\" data-type=\"URL\" data-id=\"http:\/\/www.diputados.gob.mx\/LeyesBiblio\/pdf\/LBOGM.pdf\">PDF<\/a><\/td><\/tr><tr><td>Ley de Comercio Exterior<\/td><td>21-12-2006<\/td><td><a href=\"http:\/\/www.diputados.gob.mx\/LeyesBiblio\/pdf\/28.pdf\" data-type=\"URL\" data-id=\"http:\/\/www.diputados.gob.mx\/LeyesBiblio\/pdf\/28.pdf\">PDF<\/a><\/td><\/tr><tr><td>Ley de Seguridad Nacional<\/td><td>20-05-2021<\/td><td><a href=\"http:\/\/www.diputados.gob.mx\/LeyesBiblio\/pdf\/LSN.pdf\" data-type=\"URL\" data-id=\"http:\/\/www.diputados.gob.mx\/LeyesBiblio\/pdf\/LSN.pdf\">PDF<\/a><\/td><\/tr><tr><td>Ley Federal de Derechos<\/td><td>27-12-2022<\/td><td><a href=\"http:\/\/www.diputados.gob.mx\/LeyesBiblio\/pdf\/LFD.pdf\" data-type=\"URL\" data-id=\"http:\/\/www.diputados.gob.mx\/LeyesBiblio\/pdf\/LFD.pdf\">PDF<\/a><\/td><\/tr><tr><td>Ley Federal de Procedimiento Administrativo<\/td><td>18-05-2018<\/td><td><a href=\"http:\/\/www.diputados.gob.mx\/LeyesBiblio\/pdf\/112_180518.pdf\" data-type=\"URL\" data-id=\"http:\/\/www.diputados.gob.mx\/LeyesBiblio\/pdf\/112_180518.pdf\">PDF<\/a><\/td><\/tr><tr><td>Ley Federal de Procedimiento Contencioso Administrativo<\/td><td>27-01-2017<\/td><td><a href=\"http:\/\/www.diputados.gob.mx\/LeyesBiblio\/pdf\/LFPCA_270117.pdf\" data-type=\"URL\" data-id=\"http:\/\/www.diputados.gob.mx\/LeyesBiblio\/pdf\/LFPCA_270117.pdf\">PDF<\/a><\/td><\/tr><tr><td>Ley Federal de Responsabilidades de los Servidores P\u00fablicos<\/td><td>18-07-2016<\/td><td><a href=\"http:\/\/www.diputados.gob.mx\/LeyesBiblio\/pdf\/115_180716.pdf\" data-type=\"URL\" data-id=\"http:\/\/www.diputados.gob.mx\/LeyesBiblio\/pdf\/115_180716.pdf\">PDF<\/a><\/td><\/tr><tr><td>Ley Federal de Sanidad Animal<\/td><td>11-05-2022<\/td><td><a href=\"http:\/\/www.diputados.gob.mx\/LeyesBiblio\/pdf\/LFSA.pdf\" data-type=\"URL\" data-id=\"http:\/\/www.diputados.gob.mx\/LeyesBiblio\/pdf\/LFSA.pdf\">PDF<\/a><\/td><\/tr><tr><td>Ley Federal de Sanidad Vegetal<\/td><td>11-05-2022<\/td><td><a href=\"http:\/\/www.diputados.gob.mx\/LeyesBiblio\/pdf\/LFSV.pdf\" data-type=\"URL\" data-id=\"http:\/\/www.diputados.gob.mx\/LeyesBiblio\/pdf\/LFSV.pdf\">PDF<\/a><\/td><\/tr><tr><td>Ley Federal de Transparencia y Acceso a la Informaci\u00f3n P\u00fablica<\/td><td>20-05-2021<\/td><td><a href=\"http:\/\/www.diputados.gob.mx\/LeyesBiblio\/pdf\/LFTAIP_200521.pdf\" data-type=\"URL\" data-id=\"http:\/\/www.diputados.gob.mx\/LeyesBiblio\/pdf\/LFTAIP_200521.pdf\">PDF<\/a><\/td><\/tr><tr><td>Ley Federal del Trabajo&nbsp;<\/td><td>27-12-2022<\/td><td><a href=\"http:\/\/www.diputados.gob.mx\/LeyesBiblio\/pdf\/LFT.pdf\" data-type=\"URL\" data-id=\"http:\/\/www.diputados.gob.mx\/LeyesBiblio\/pdf\/LFT.pdf\">PDF<\/a><\/td><\/tr><tr><td>Ley Federal para el Control de Precursores Qu\u00edmicos, Productos Qu\u00edmicos Esenciales y M\u00e1quinas para elaborar C\u00e1psulas, Tabletas y\/o Comprimidos<\/td><td>03-05-2023<\/td><td><a href=\"https:\/\/www.diputados.gob.mx\/LeyesBiblio\/pdf\/LFCPQ.pdf\" data-type=\"URL\" data-id=\"https:\/\/www.diputados.gob.mx\/LeyesBiblio\/pdf\/LFCPQ.pdf\">PDF<\/a><\/td><\/tr><tr><td>Ley General de Responsabilidades Administrativas<\/td><td>27-12-2022<\/td><td><a href=\"http:\/\/www.diputados.gob.mx\/LeyesBiblio\/pdf\/LGRA.pdf\" data-type=\"URL\" data-id=\"http:\/\/www.diputados.gob.mx\/LeyesBiblio\/pdf\/LGRA.pdf\">PDF<\/a><\/td><\/tr><tr><td>Ley General de Salud<\/td><td>24-03-2023<\/td><td><a href=\"https:\/\/www.diputados.gob.mx\/LeyesBiblio\/pdf\/LGS.pdf\" data-type=\"URL\" data-id=\"https:\/\/www.diputados.gob.mx\/LeyesBiblio\/pdf\/LGS.pdf\">PDF<\/a><\/td><\/tr><tr><td>Ley General de Transparencia y Acceso a la Informaci\u00f3n P\u00fablica<\/td><td>20-05-2021<\/td><td><a href=\"http:\/\/www.diputados.gob.mx\/LeyesBiblio\/pdf\/LGTAIP_200521.pdf\" data-type=\"URL\" data-id=\"http:\/\/www.diputados.gob.mx\/LeyesBiblio\/pdf\/LGTAIP_200521.pdf\">PDF<\/a><\/td><\/tr><tr><td>Ley General para el Control del Tabaco<\/td><td>17-02-2022<\/td><td><a href=\"http:\/\/www.diputados.gob.mx\/LeyesBiblio\/pdf\/LGCT.pdf\" data-type=\"URL\" data-id=\"http:\/\/www.diputados.gob.mx\/LeyesBiblio\/pdf\/LGCT.pdf\">PDF<\/a><\/td><\/tr><\/tbody><\/table><\/figure>\n","protected":false},"excerpt":{"rendered":"<p>\u00daltima reforma Enlaces Constituci\u00f3n Pol\u00edtica de los Estados Unidos Mexicanos 06-06-2023 PDF Ley Estatal de Salud 14-04-2025 PDF Ley Aduanera 24-12-2021 PDF Ley de Amparo, reglamentaria de los art\u00edculos 103 y 107 de la Constituci\u00f3n Pol\u00edtica de los Estados Unidos Mexicanos 07-06-2021 PDF Ley de Asistencia Social 06-01-2023 PDF Ley de Bioseguridad de Organismos Gen\u00e9ticamente [&hellip;]<\/p>\n","protected":false},"author":5,"featured_media":0,"parent":0,"menu_order":0,"comment_status":"closed","ping_status":"closed","template":"","meta":{"footnotes":""},"class_list":["post-15290","page","type-page","status-publish","hentry"],"_links":{"self":[{"href":"https:\/\/saludnl.gob.mx\/regulacion-sanitaria\/index.php\/wp-json\/wp\/v2\/pages\/15290","targetHints":{"allow":["GET"]}}],"collection":[{"href":"https:\/\/saludnl.gob.mx\/regulacion-sanitaria\/index.php\/wp-json\/wp\/v2\/pages"}],"about":[{"href":"https:\/\/saludnl.gob.mx\/regulacion-sanitaria\/index.php\/wp-json\/wp\/v2\/types\/page"}],"author":[{"embeddable":true,"href":"https:\/\/saludnl.gob.mx\/regulacion-sanitaria\/index.php\/wp-json\/wp\/v2\/users\/5"}],"replies":[{"embeddable":true,"href":"https:\/\/saludnl.gob.mx\/regulacion-sanitaria\/index.php\/wp-json\/wp\/v2\/comments?post=15290"}],"version-history":[{"count":3,"href":"https:\/\/saludnl.gob.mx\/regulacion-sanitaria\/index.php\/wp-json\/wp\/v2\/pages\/15290\/revisions"}],"predecessor-version":[{"id":29034,"href":"https:\/\/saludnl.gob.mx\/regulacion-sanitaria\/index.php\/wp-json\/wp\/v2\/pages\/15290\/revisions\/29034"}],"wp:attachment":[{"href":"https:\/\/saludnl.gob.mx\/regulacion-sanitaria\/index.php\/wp-json\/wp\/v2\/media?parent=15290"}],"curies":[{"name":"wp","href":"https:\/\/api.w.org\/{rel}","templated":true}]}}