{"id":152,"date":"2017-10-30T15:33:02","date_gmt":"2017-10-30T21:33:02","guid":{"rendered":"http:\/\/localhost\/regulacion-sanitaria\/?page_id=152"},"modified":"2025-07-15T11:04:00","modified_gmt":"2025-07-15T17:04:00","slug":"humo-de-tabaco","status":"publish","type":"page","link":"https:\/\/saludnl.gob.mx\/regulacion-sanitaria\/index.php\/humo-de-tabaco\/","title":{"rendered":""},"content":{"rendered":"\n<figure class=\"wp-block-image size-large\"><img loading=\"lazy\" decoding=\"async\" width=\"1024\" height=\"375\" src=\"https:\/\/saludnl.gob.mx\/regulacion-sanitaria\/wp-content\/uploads\/2025\/06\/20_Espacios-100-por-ciento-1-1024x375.png\" alt=\"\" class=\"wp-image-28721\" srcset=\"https:\/\/saludnl.gob.mx\/regulacion-sanitaria\/wp-content\/uploads\/2025\/06\/20_Espacios-100-por-ciento-1-1024x375.png 1024w, https:\/\/saludnl.gob.mx\/regulacion-sanitaria\/wp-content\/uploads\/2025\/06\/20_Espacios-100-por-ciento-1-300x110.png 300w, https:\/\/saludnl.gob.mx\/regulacion-sanitaria\/wp-content\/uploads\/2025\/06\/20_Espacios-100-por-ciento-1-768x281.png 768w, https:\/\/saludnl.gob.mx\/regulacion-sanitaria\/wp-content\/uploads\/2025\/06\/20_Espacios-100-por-ciento-1.png 1366w\" sizes=\"auto, (max-width: 1024px) 100vw, 1024px\" \/><\/figure>\n\n\n\n<p><\/p>\n\n\n<div class=\"wp-block-image\">\n<figure class=\"aligncenter size-full\"><img loading=\"lazy\" decoding=\"async\" width=\"601\" height=\"290\" src=\"https:\/\/saludnl.gob.mx\/regulacion-sanitaria\/wp-content\/uploads\/2025\/06\/3_Objetivo-2.png\" alt=\"\" class=\"wp-image-28722\" srcset=\"https:\/\/saludnl.gob.mx\/regulacion-sanitaria\/wp-content\/uploads\/2025\/06\/3_Objetivo-2.png 601w, https:\/\/saludnl.gob.mx\/regulacion-sanitaria\/wp-content\/uploads\/2025\/06\/3_Objetivo-2-300x145.png 300w\" sizes=\"auto, (max-width: 601px) 100vw, 601px\" \/><\/figure>\n<\/div>\n\n<blockquote>\n<h2><strong>Reconocer a todos aquellos lugares donde est\u00e1 ausente el acto de fumar y vapear, y haya protecci\u00f3n para los no fumadores y no vapeadores.<\/strong><\/h2>\n<\/blockquote>\n\n\n<div class=\"wp-block-columns is-layout-flex wp-container-core-columns-is-layout-9d6595d7 wp-block-columns-is-layout-flex\">\n<div class=\"wp-block-column is-layout-flow wp-block-column-is-layout-flow\">\n<div class=\"wp-block-columns is-layout-flex wp-container-core-columns-is-layout-9d6595d7 wp-block-columns-is-layout-flex\">\n<div class=\"wp-block-column is-layout-flow wp-block-column-is-layout-flow\" style=\"flex-basis:100%\"><\/div>\n\n\n\n<div class=\"wp-block-column is-layout-flow wp-block-column-is-layout-flow\"><\/div>\n<\/div>\n\n\n<div class=\"wp-block-image\">\n<figure class=\"aligncenter size-full\"><img loading=\"lazy\" decoding=\"async\" width=\"601\" height=\"290\" src=\"https:\/\/saludnl.gob.mx\/regulacion-sanitaria\/wp-content\/uploads\/2025\/06\/24_Reglamento.png\" alt=\"\" class=\"wp-image-28724\" srcset=\"https:\/\/saludnl.gob.mx\/regulacion-sanitaria\/wp-content\/uploads\/2025\/06\/24_Reglamento.png 601w, https:\/\/saludnl.gob.mx\/regulacion-sanitaria\/wp-content\/uploads\/2025\/06\/24_Reglamento-300x145.png 300w\" sizes=\"auto, (max-width: 601px) 100vw, 601px\" \/><\/figure>\n<\/div><\/div>\n<\/div>\n\n\n<div class=\"sdm_download_item \"><div class=\"sdm_download_item_top\"><div class=\"sdm_download_thumbnail\"><\/div><div class=\"sdm_download_title\">Reglamento de la Ley General para el Control del Tabaco<\/div><\/div><div style=\"clear:both;\"><\/div><div class=\"sdm_download_description\"><h5><span style=\"color: #333333\">Reglamento de la Ley General para el Control del Tabaco \/ \u00daltima reforma publicada DOF 16-12-2022<\/span><\/h5>\n<\/div><div class=\"sdm_download_link\"><span class=\"sdm_download_button\"><a href=\"https:\/\/saludnl.gob.mx\/regulacion-sanitaria\/?sdm_process_download=1&download_id=13340\" class=\"sdm_download blue\" title=\"Reglamento de la Ley General para el Control del Tabaco\" target=\"_blank\">\u00a1Descarga el Reglamento de la Ley General para el Control del Tabaco\u00a0, aqu\u00ed!<\/a><\/span><span class=\"sdm_download_item_count\"><span class=\"sdm_item_count_number\">971<\/span><span class=\"sdm_item_count_string\"> Downloads<\/span><\/span><\/div><\/div><div class=\"sdm_clear_float\"><\/div>\n\n\n\n<div class=\"wp-block-columns is-layout-flex wp-container-core-columns-is-layout-9d6595d7 wp-block-columns-is-layout-flex\">\n<div class=\"wp-block-column is-layout-flow wp-block-column-is-layout-flow\" style=\"flex-basis:100%\"><div class=\"wp-block-image\">\n<figure class=\"aligncenter size-full\"><img loading=\"lazy\" decoding=\"async\" width=\"601\" height=\"290\" src=\"https:\/\/saludnl.gob.mx\/regulacion-sanitaria\/wp-content\/uploads\/2025\/06\/4_\u00bfQue-estamos-haciendo-1-2.png\" alt=\"\" class=\"wp-image-28723\" srcset=\"https:\/\/saludnl.gob.mx\/regulacion-sanitaria\/wp-content\/uploads\/2025\/06\/4_\u00bfQue-estamos-haciendo-1-2.png 601w, https:\/\/saludnl.gob.mx\/regulacion-sanitaria\/wp-content\/uploads\/2025\/06\/4_\u00bfQue-estamos-haciendo-1-2-300x145.png 300w\" sizes=\"auto, (max-width: 601px) 100vw, 601px\" \/><\/figure>\n<\/div>\n\n\n<div class=\"imagen-principal\"><span class=\"small\">En <strong>COFEPRIS<\/strong> se han recibido mil doscientas denuncias por la venta y publicidad de cigarrillos electr\u00f3nicos<\/span><\/div>\n<div class=\"article-body\">\n<ul>\n<li><strong>Se han decomisado m\u00e1s de 121 mil piezas a un a\u00f1o de la publicaci\u00f3n del decreto presidencial que proh\u00edbe su comercializaci\u00f3n.<\/strong><\/li>\n<li><strong>Se han recibido mil doscientas denuncias por la venta y publicidad de cigarrillos electr\u00f3nicos.<\/strong><\/li>\n<li><strong>Nuevos espacios 100 por ciento libres de humo de tabaco y emisiones favorecen la protecci\u00f3n a la salud de quienes no fuman y\/o vapean.<\/strong><\/li>\n<\/ul>\n<p><a href=\"https:\/\/www.gob.mx\/cofepris\/articulos\/cofepris-combate-riesgos-a-la-salud-por-uso-de-vapeadores\">(Nota completa aqu\u00ed)<\/a><\/p>\n<p style=\"text-align: right;\"><em>Ciudad de M\u00e9xico, 30 de mayo de 2023<\/em><\/p>\n<p>En la Subsecretar\u00eda de Regulaci\u00f3n y Fomento Sanitario, llevamos a cabo vigilancia activa en establecimientos p\u00fablicos y privados, conforme a la legislaci\u00f3n vigente, con el fin de verificar el cumplimiento normativo y aplicar las medidas de seguridad necesarias ante cualquier irregularidad detectada.<\/p>\n<p>Adem\u00e1s, mantenemos un contacto directo con la poblaci\u00f3n a trav\u00e9s de nuestra p\u00e1gina web, redes sociales (como Facebook), y mediante pl\u00e1ticas y actividades de sensibilizaci\u00f3n dirigidas a empresas, universidades del sector p\u00fablico y privado, as\u00ed como a comunidades del estado de Nuevo Le\u00f3n.<\/p>\n<p>\ud83d\udccd Durante el a\u00f1o 2025, se han realizado 130 visitas de inspecci\u00f3n como parte de la vigilancia sanitaria en materia de tabaco y emisiones.<\/p>\n<p>\ud83d\udcda Asimismo, en lo que va del a\u00f1o, m\u00e1s de 800 personas del sector p\u00fablico y privado han participado en pl\u00e1ticas y capacitaciones sobre:<\/p>\n<ul>\n<li>La concientizaci\u00f3n sobre el uso de tabaco y vapeadores<\/li>\n<li>El Reglamento de la Ley General para el Control del Tabaco<\/li>\n<\/ul>\n<p>\ud83d\udda5\ufe0f Tambi\u00e9n, un total de 707 usuarios han completado el curso en l\u00ednea &#8220;Espacios 100% Libres de Humo de Tabaco y Emisiones&#8221; a trav\u00e9s de nuestra plataforma digital de capacitaci\u00f3n, la cual es completamente gratuita y de acceso abierto.<\/p>\n<p style=\"text-align: right;\"><em>Monterrey, Nuevo Le\u00f3n, 01 de julio de 2025<\/em><\/p>\n<p>\u00a0<\/p>\n<\/div>\n<\/div>\n<\/div>\n\n\n\n<div class=\"wp-block-columns is-layout-flex wp-container-core-columns-is-layout-9d6595d7 wp-block-columns-is-layout-flex\">\n<div class=\"wp-block-column is-layout-flow wp-block-column-is-layout-flow\" style=\"flex-basis:100%\">\n<h3>Escucha lo que Cofepris nos dice a trav\u00e9s de su P\u00f3dcast semanal &#8230;<\/h3>\n<\/div>\n<\/div>\n\n\n\n<div class=\"wp-block-group\"><div class=\"wp-block-group__inner-container is-layout-constrained wp-block-group-is-layout-constrained\">\n<div class=\"wp-block-columns is-layout-flex wp-container-core-columns-is-layout-9d6595d7 wp-block-columns-is-layout-flex\">\n<div class=\"wp-block-column is-layout-flow wp-block-column-is-layout-flow\" style=\"flex-basis:100%\">\n<div class=\"wp-block-group\"><div class=\"wp-block-group__inner-container is-layout-constrained wp-block-group-is-layout-constrained\">\n<div class=\"wp-block-columns is-layout-flex wp-container-core-columns-is-layout-9d6595d7 wp-block-columns-is-layout-flex\">\n<div class=\"wp-block-column is-layout-flow wp-block-column-is-layout-flow\" style=\"flex-basis:50%\">\n<div class=\"wp-block-group\"><div class=\"wp-block-group__inner-container is-layout-constrained wp-block-group-is-layout-constrained\">\n<figure class=\"wp-block-embed is-type-rich is-provider-spotify wp-block-embed-spotify wp-embed-aspect-21-9 wp-has-aspect-ratio\"><div class=\"wp-block-embed__wrapper\">\n<iframe title=\"Spotify Embed: 28 Espacios libres de humos\" style=\"border-radius: 12px\" width=\"100%\" height=\"152\" frameborder=\"0\" allowfullscreen allow=\"autoplay; clipboard-write; encrypted-media; fullscreen; picture-in-picture\" loading=\"lazy\" src=\"https:\/\/open.spotify.com\/embed\/episode\/5CnyPQzBhZIFBItuMLgbEA?si=8515d82df2f74efe&#038;utm_source=oembed\"><\/iframe>\n<\/div><\/figure>\n<\/div><\/div>\n<\/div>\n\n\n\n<div class=\"wp-block-column is-layout-flow wp-block-column-is-layout-flow\" style=\"flex-basis:50%\">\n<figure class=\"wp-block-embed is-type-rich is-provider-spotify wp-block-embed-spotify wp-embed-aspect-21-9 wp-has-aspect-ratio\"><div class=\"wp-block-embed__wrapper\">\n<iframe title=\"Spotify Embed: Podcast Colaboraci\u00f3n. D\u00eda Mundial Sin Tabaco: Nuevo Le\u00f3n.\" style=\"border-radius: 12px\" width=\"100%\" height=\"152\" frameborder=\"0\" allowfullscreen allow=\"autoplay; clipboard-write; encrypted-media; fullscreen; picture-in-picture\" loading=\"lazy\" src=\"https:\/\/open.spotify.com\/embed\/episode\/3legrFnPDMzG2DoPTFH0Gy?si=3cb01dfff9c74008&#038;utm_source=oembed\"><\/iframe>\n<\/div><\/figure>\n<\/div>\n<\/div>\n<\/div><\/div>\n<\/div>\n<\/div>\n\n\n\n<div class=\"wp-block-columns is-layout-flex wp-container-core-columns-is-layout-9d6595d7 wp-block-columns-is-layout-flex\">\n<div class=\"wp-block-column is-layout-flow wp-block-column-is-layout-flow\" style=\"flex-basis:50%\"><p><iframe style=\"border-radius:12px\" src=\"https:\/\/open.spotify.com\/embed\/episode\/5hwQ7qpskHd4QjJLKmmtcW?utm_source=generator\" width=\"100%\" height=\"152\" frameBorder=\"0\" allowfullscreen=\"\" allow=\"autoplay; clipboard-write; encrypted-media; fullscreen; picture-in-picture\" loading=\"lazy\"><\/iframe><\/p>\n<\/div>\n\n\n\n<div class=\"wp-block-column is-layout-flow wp-block-column-is-layout-flow\" style=\"flex-basis:50%\">\n<figure class=\"wp-block-embed is-type-rich is-provider-spotify wp-block-embed-spotify wp-embed-aspect-21-9 wp-has-aspect-ratio\"><div class=\"wp-block-embed__wrapper\">\n<iframe title=\"Spotify Embed: Podcast Caf\u00e9: Vapeadores\" style=\"border-radius: 12px\" width=\"100%\" height=\"152\" frameborder=\"0\" allowfullscreen allow=\"autoplay; clipboard-write; encrypted-media; fullscreen; picture-in-picture\" loading=\"lazy\" src=\"https:\/\/open.spotify.com\/embed\/episode\/2bZNb0OsmY9jhgBeUOnL7Z?si=be9c1c3524b24712&#038;utm_source=oembed\"><\/iframe>\n<\/div><\/figure>\n\n\n<p><iframe style=\"border-radius:12px\" src=\"https:\/\/open.spotify.com\/embed\/episode\/43CTufvoNRKXVKzXAYG373?utm_source=generator\" width=\"100%\" height=\"152\" frameBorder=\"0\" allowfullscreen=\"\" allow=\"autoplay; clipboard-write; encrypted-media; fullscreen; picture-in-picture\" loading=\"lazy\"><\/iframe><\/p>\n<\/div>\n<\/div>\n<\/div><\/div>\n","protected":false},"excerpt":{"rendered":"<p>Reconocer a todos aquellos lugares donde est\u00e1 ausente el acto de fumar y vapear, y haya protecci\u00f3n para los no fumadores y no vapeadores. En COFEPRIS se han recibido mil doscientas denuncias por la venta y publicidad de cigarrillos electr\u00f3nicos Se han decomisado m\u00e1s de 121 mil piezas a un a\u00f1o de la publicaci\u00f3n del [&hellip;]<\/p>\n","protected":false},"author":5,"featured_media":14550,"parent":0,"menu_order":0,"comment_status":"closed","ping_status":"closed","template":"","meta":{"footnotes":""},"class_list":["post-152","page","type-page","status-publish","has-post-thumbnail","hentry"],"_links":{"self":[{"href":"https:\/\/saludnl.gob.mx\/regulacion-sanitaria\/index.php\/wp-json\/wp\/v2\/pages\/152","targetHints":{"allow":["GET"]}}],"collection":[{"href":"https:\/\/saludnl.gob.mx\/regulacion-sanitaria\/index.php\/wp-json\/wp\/v2\/pages"}],"about":[{"href":"https:\/\/saludnl.gob.mx\/regulacion-sanitaria\/index.php\/wp-json\/wp\/v2\/types\/page"}],"author":[{"embeddable":true,"href":"https:\/\/saludnl.gob.mx\/regulacion-sanitaria\/index.php\/wp-json\/wp\/v2\/users\/5"}],"replies":[{"embeddable":true,"href":"https:\/\/saludnl.gob.mx\/regulacion-sanitaria\/index.php\/wp-json\/wp\/v2\/comments?post=152"}],"version-history":[{"count":50,"href":"https:\/\/saludnl.gob.mx\/regulacion-sanitaria\/index.php\/wp-json\/wp\/v2\/pages\/152\/revisions"}],"predecessor-version":[{"id":29120,"href":"https:\/\/saludnl.gob.mx\/regulacion-sanitaria\/index.php\/wp-json\/wp\/v2\/pages\/152\/revisions\/29120"}],"wp:featuredmedia":[{"embeddable":true,"href":"https:\/\/saludnl.gob.mx\/regulacion-sanitaria\/index.php\/wp-json\/wp\/v2\/media\/14550"}],"wp:attachment":[{"href":"https:\/\/saludnl.gob.mx\/regulacion-sanitaria\/index.php\/wp-json\/wp\/v2\/media?parent=152"}],"curies":[{"name":"wp","href":"https:\/\/api.w.org\/{rel}","templated":true}]}}