{"id":1500,"date":"2020-01-14T14:24:35","date_gmt":"2020-01-14T20:24:35","guid":{"rendered":"http:\/\/saludnl.gob.mx\/regulacion-sanitaria\/?page_id=1500"},"modified":"2020-01-14T14:26:58","modified_gmt":"2020-01-14T20:26:58","slug":"giros-participantes","status":"publish","type":"page","link":"https:\/\/saludnl.gob.mx\/regulacion-sanitaria\/index.php\/giros-participantes\/","title":{"rendered":"Giros SCIAN participantes"},"content":{"rendered":"<p><span style=\"color: #ffa200;\"><strong>Categor\u00eda Buenas Pr\u00e1cticas de Higiene:\u00a0<\/strong><\/span><\/p>\n<ul>\n<li style=\"text-align: justify;\">722110: Restaurantes con servicio completo (Incluyendo restaurantes y servicios de bebidas en hoteles, moteles y similares).<\/li>\n<li style=\"text-align: justify;\">722211: Restaurantes de autoservicio (Incluyendo servicios de alimentos y bebidas en centrales camioneras, de pasajeros y aeropuertos).<\/li>\n<li style=\"text-align: justify;\">722212: Restaurantes de comida para llevar (Incluyendo servicios de alimentos y bebidas en centrales camioneras, de pasajeros y aeropuertos).<\/li>\n<li style=\"text-align: justify;\">722310: Servicios de comedor para empresas e instituciones.<\/li>\n<li style=\"text-align: justify;\">722320: Servicios de preparaci\u00f3n de alimentos para ocasiones especiales.<\/li>\n<li style=\"text-align: justify;\">722330: Servicios de preparaci\u00f3n de alimentos en unidades m\u00f3viles.<\/li>\n<\/ul>\n<p><strong><span style=\"color: #5a32b0;\">Categor\u00eda Empresa Saludable<\/span><\/strong><\/p>\n<ul>\n<li style=\"text-align: justify;\">331220:\u00a0 Fabricaci\u00f3n de otros productos de hierro y acero.<\/li>\n<li style=\"text-align: justify;\">324191:\u00a0 Fabricaci\u00f3n de aceites y grasas lubricantes<\/li>\n<li style=\"text-align: justify;\">325120:\u00a0 Fabricaci\u00f3n de gases industriales.<\/li>\n<li style=\"text-align: justify;\">325510:\u00a0 Fabricaci\u00f3n de pinturas y recubrimientos.<\/li>\n<li style=\"text-align: justify;\">326140:\u00a0 Fabricaci\u00f3n de espumas y productos de poliestireno.<\/li>\n<li style=\"text-align: justify;\">327111:\u00a0 Fabricaci\u00f3n de art\u00edculos de alfarer\u00eda, porcelana y loza (incluye importadores).- Producci\u00f3n de art\u00edculos cer\u00e1micos no estructurales.<\/li>\n<li style=\"text-align: justify;\">331110:\u00a0 Complejos sider\u00fargicos (S\u00f3lo fabricaci\u00f3n primaria de hierro, ferroaleaciones y acero).<\/li>\n<li style=\"text-align: justify;\">331510:\u00a0 Moldeo por fundici\u00f3n de piezas de hierro y acero.<\/li>\n<li style=\"text-align: justify;\">332810:\u00a0 Recubrimientos y terminados met\u00e1licos (S\u00f3lo galvanoplastia).<\/li>\n<li style=\"text-align: justify;\">434111:\u00a0 Comercio al por mayor de fertilizantes, plaguicidas y semillas para siembra (S\u00f3lo plaguicidas y nutrientes vegetales, incluyendo almac\u00e9n).<\/li>\n<li style=\"text-align: justify;\">434222:\u00a0 Comercio al por mayor de productos qu\u00edmicos para la industria farmac\u00e9utica y para otro uso industrial (Para otros usos).<\/li>\n<li style=\"text-align: justify;\">434311:\u00a0 Comercio al por mayor de desechos met\u00e1licos (Incluye el manejo y tratamiento de desechos hospitalarios).<\/li>\n<li style=\"text-align: justify;\">434312:\u00a0 Comercio al por mayor de desechos de papel y de cart\u00f3n (Incluye el manejo y tratamiento de desechos hospitalarios).<\/li>\n<li style=\"text-align: justify;\">434314:\u00a0 Comercio al por mayor de desechos de pl\u00e1stico (Incluye el manejo y tratamiento de desechos hospitalarios).<\/li>\n<li style=\"text-align: justify;\">434319:\u00a0 Comercio al por mayor de otros materiales de desecho (Incluye el manejo y tratamiento de desechos hospitalarios).<\/li>\n<li style=\"text-align: justify;\">465911:\u00a0 Comercio al por menor de mascotas (S\u00f3lo productos veterinarios).<\/li>\n<li style=\"text-align: justify;\">467111:\u00a0 Comercio al por menor en ferreter\u00edas y tlapaler\u00edas (S\u00f3lo para venta plaguicidas y sustancias t\u00f3xicas).<\/li>\n<li style=\"text-align: justify;\">467113:\u00a0 Comercio al por menor de pintura. Incluye los solventes y sustancias t\u00f3xicas comercializados en tlapaler\u00eda y ferreter\u00eda.<\/li>\n<li style=\"text-align: justify;\">468411:\u00a0 Comercio al por menor de gasolina y diesel.<\/li>\n<li style=\"text-align: justify;\">541941:\u00a0 Servicios veterinarios para mascotas prestados por el sector privado.<\/li>\n<li style=\"text-align: justify;\">561710:\u00a0 Servicios de control y exterminaci\u00f3n de plagas. * Require Licencia Sanitaria.<\/li>\n<\/ul>\n<p><span style=\"color: #60c2e5;\"><strong>Categor\u00eda Espacios Libres de Humo de Tabaco<\/strong><\/span><\/p>\n<ul>\n<li style=\"text-align: justify;\">Todos los SCIAN anteriormente mencionados as\u00ed como aquellos establecimientos que no requieran de documentaci\u00f3n sanitaria (aviso de funcionamiento o licencia sanitaria)<\/li>\n<\/ul>\n<p>Consulta mayor informaci\u00f3n en relaci\u00f3n a la documentaci\u00f3n sanitaria en nuestra secci\u00f3n de <a href=\"http:\/\/saludnl.gob.mx\/regulacion-sanitaria\/index.php\/tramites\/\">Tr\u00e1mites<\/a>.<\/p>\n","protected":false},"excerpt":{"rendered":"<p>Categor\u00eda Buenas Pr\u00e1cticas de Higiene:\u00a0 722110: Restaurantes con servicio completo (Incluyendo restaurantes y servicios de bebidas en hoteles, moteles y similares). 722211: Restaurantes de autoservicio (Incluyendo servicios de alimentos y bebidas en centrales camioneras, de pasajeros y aeropuertos). 722212: Restaurantes de comida para llevar (Incluyendo servicios de alimentos y bebidas en centrales camioneras, de pasajeros [&hellip;]<\/p>\n","protected":false},"author":5,"featured_media":0,"parent":0,"menu_order":0,"comment_status":"closed","ping_status":"closed","template":"","meta":{"footnotes":""},"class_list":["post-1500","page","type-page","status-publish","hentry"],"_links":{"self":[{"href":"https:\/\/saludnl.gob.mx\/regulacion-sanitaria\/index.php\/wp-json\/wp\/v2\/pages\/1500","targetHints":{"allow":["GET"]}}],"collection":[{"href":"https:\/\/saludnl.gob.mx\/regulacion-sanitaria\/index.php\/wp-json\/wp\/v2\/pages"}],"about":[{"href":"https:\/\/saludnl.gob.mx\/regulacion-sanitaria\/index.php\/wp-json\/wp\/v2\/types\/page"}],"author":[{"embeddable":true,"href":"https:\/\/saludnl.gob.mx\/regulacion-sanitaria\/index.php\/wp-json\/wp\/v2\/users\/5"}],"replies":[{"embeddable":true,"href":"https:\/\/saludnl.gob.mx\/regulacion-sanitaria\/index.php\/wp-json\/wp\/v2\/comments?post=1500"}],"version-history":[{"count":2,"href":"https:\/\/saludnl.gob.mx\/regulacion-sanitaria\/index.php\/wp-json\/wp\/v2\/pages\/1500\/revisions"}],"predecessor-version":[{"id":1502,"href":"https:\/\/saludnl.gob.mx\/regulacion-sanitaria\/index.php\/wp-json\/wp\/v2\/pages\/1500\/revisions\/1502"}],"wp:attachment":[{"href":"https:\/\/saludnl.gob.mx\/regulacion-sanitaria\/index.php\/wp-json\/wp\/v2\/media?parent=1500"}],"curies":[{"name":"wp","href":"https:\/\/api.w.org\/{rel}","templated":true}]}}