{"id":150,"date":"2017-10-30T15:32:36","date_gmt":"2017-10-30T21:32:36","guid":{"rendered":"http:\/\/localhost\/regulacion-sanitaria\/?page_id=150"},"modified":"2025-03-25T14:40:30","modified_gmt":"2025-03-25T20:40:30","slug":"calidad-microbiologica-de-alimentos-potencialmente-peligrosos","status":"publish","type":"page","link":"https:\/\/saludnl.gob.mx\/regulacion-sanitaria\/index.php\/calidad-microbiologica-de-alimentos-potencialmente-peligrosos\/","title":{"rendered":""},"content":{"rendered":"<div class=\"wp-block-image\">\n<figure class=\"aligncenter size-large\"><img loading=\"lazy\" decoding=\"async\" width=\"1024\" height=\"375\" src=\"https:\/\/saludnl.gob.mx\/regulacion-sanitaria\/wp-content\/uploads\/2025\/03\/14_Banner_Calidad-microbiologica-de-los-alimentos-2-1024x375.png\" alt=\"\" class=\"wp-image-28029\" srcset=\"https:\/\/saludnl.gob.mx\/regulacion-sanitaria\/wp-content\/uploads\/2025\/03\/14_Banner_Calidad-microbiologica-de-los-alimentos-2-1024x375.png 1024w, https:\/\/saludnl.gob.mx\/regulacion-sanitaria\/wp-content\/uploads\/2025\/03\/14_Banner_Calidad-microbiologica-de-los-alimentos-2-300x110.png 300w, https:\/\/saludnl.gob.mx\/regulacion-sanitaria\/wp-content\/uploads\/2025\/03\/14_Banner_Calidad-microbiologica-de-los-alimentos-2-768x281.png 768w, https:\/\/saludnl.gob.mx\/regulacion-sanitaria\/wp-content\/uploads\/2025\/03\/14_Banner_Calidad-microbiologica-de-los-alimentos-2.png 1366w\" sizes=\"auto, (max-width: 1024px) 100vw, 1024px\" \/><\/figure>\n<\/div>\n\n\n<p><\/p>\n\n\n\n<div class=\"wp-block-columns is-layout-flex wp-container-core-columns-is-layout-9d6595d7 wp-block-columns-is-layout-flex\">\n<div class=\"wp-block-column is-layout-flow wp-block-column-is-layout-flow\">\n<figure class=\"wp-block-image size-full\"><img loading=\"lazy\" decoding=\"async\" width=\"601\" height=\"290\" src=\"https:\/\/saludnl.gob.mx\/regulacion-sanitaria\/wp-content\/uploads\/2025\/03\/15_\u00bfQue-estamos-haciendo-copia-1.png\" alt=\"\" class=\"wp-image-28037\" srcset=\"https:\/\/saludnl.gob.mx\/regulacion-sanitaria\/wp-content\/uploads\/2025\/03\/15_\u00bfQue-estamos-haciendo-copia-1.png 601w, https:\/\/saludnl.gob.mx\/regulacion-sanitaria\/wp-content\/uploads\/2025\/03\/15_\u00bfQue-estamos-haciendo-copia-1-300x145.png 300w\" sizes=\"auto, (max-width: 601px) 100vw, 601px\" \/><\/figure>\n<\/div>\n\n\n\n<div class=\"wp-block-column is-layout-flow wp-block-column-is-layout-flow\">\n<figure class=\"wp-block-image size-full\"><img loading=\"lazy\" decoding=\"async\" width=\"601\" height=\"290\" src=\"https:\/\/saludnl.gob.mx\/regulacion-sanitaria\/wp-content\/uploads\/2025\/03\/16_Beneficios-copia.png\" alt=\"\" class=\"wp-image-28038\" srcset=\"https:\/\/saludnl.gob.mx\/regulacion-sanitaria\/wp-content\/uploads\/2025\/03\/16_Beneficios-copia.png 601w, https:\/\/saludnl.gob.mx\/regulacion-sanitaria\/wp-content\/uploads\/2025\/03\/16_Beneficios-copia-300x145.png 300w\" sizes=\"auto, (max-width: 601px) 100vw, 601px\" \/><\/figure>\n<\/div>\n<\/div>\n\n\n\n<div class=\"wp-block-columns is-layout-flex wp-container-core-columns-is-layout-9d6595d7 wp-block-columns-is-layout-flex\">\n<div class=\"wp-block-column is-layout-flow wp-block-column-is-layout-flow\">\n<p>El proyecto tiene como fin reducir la incidencia de Enfermedades Transmitidas por Alimentos (ETA\u00b4s) monitoreando a trav\u00e9s de muestreos realizados por nuestros verificadores para despu\u00e9s ser analizados en el Laboratorio Estatal de Salud P\u00fablica, las muestras pueden comprender materias primas, alimento en proceso o producto terminado, para constatar la condici\u00f3n de los alimentos en cualquier etapa de su proceso.<\/p>\n\n\n\n<p>Brindamos un gran despliegue de fomento entre capacitaciones y material de difusi\u00f3n donde se informa al consumidor y a los manipuladores las reglas b\u00e1sicas para el correcto manejo, transporte y conservaci\u00f3n de los alimentos, que garantice su inocuidad.<\/p>\n\n\n\n<p>A la par se desarrolla la vigilancia de establecimientos donde buscamos que se d\u00e9 cumplimiento a los lineamientos que nos rigen bajo la NORMA Oficial Mexicana NOM-251-SSA1-2009: Pr\u00e1cticas de higiene para el proceso de alimentos, bebidas o suplementos alimenticios, la operaci\u00f3n se distribuye entre las 8 Oficinas Regionales y la Oficina Central que subdividen el estado para brindar cobertura y atenci\u00f3n a prestadores de servicio y p\u00fablico en general.<\/p>\n<\/div>\n\n\n\n<div class=\"wp-block-column is-layout-flow wp-block-column-is-layout-flow\">\n<p>Tener una poblaci\u00f3n m\u00e1s saludable y consciente del correcto manejo de los alimentos, que nos contribuya a reducir las ETA\u00b4s<\/p>\n\n\n\n<div class=\"wp-block-columns is-layout-flex wp-container-core-columns-is-layout-9d6595d7 wp-block-columns-is-layout-flex\">\n<div class=\"wp-block-column is-layout-flow wp-block-column-is-layout-flow\">\n<figure class=\"wp-block-image size-full\"><img loading=\"lazy\" decoding=\"async\" width=\"601\" height=\"290\" src=\"https:\/\/saludnl.gob.mx\/regulacion-sanitaria\/wp-content\/uploads\/2025\/03\/17_Mas-info-copia-1.png\" alt=\"\" class=\"wp-image-28045\" srcset=\"https:\/\/saludnl.gob.mx\/regulacion-sanitaria\/wp-content\/uploads\/2025\/03\/17_Mas-info-copia-1.png 601w, https:\/\/saludnl.gob.mx\/regulacion-sanitaria\/wp-content\/uploads\/2025\/03\/17_Mas-info-copia-1-300x145.png 300w\" sizes=\"auto, (max-width: 601px) 100vw, 601px\" \/><\/figure>\n<\/div>\n<\/div>\n\n\n\n<p><a href=\"https:\/\/www.dof.gob.mx\/normasOficiales\/3980\/salud\/salud.htm\" data-type=\"page\" data-id=\"27429\"><mark style=\"background-color:rgba(0, 0, 0, 0)\" class=\"has-inline-color has-vivid-cyan-blue-color\">NORMA Oficial Mexicana NOM-251-SSA1-2009, Pr\u00e1cticas de higiene para el proceso de alimentos, bebidas o suplementos alimenticios.<\/mark><\/a><\/p>\n<\/div>\n<\/div>\n\n\n\n<div class=\"wp-block-columns is-layout-flex wp-container-core-columns-is-layout-9d6595d7 wp-block-columns-is-layout-flex\">\n<div class=\"wp-block-column is-layout-flow wp-block-column-is-layout-flow\">\n<figure class=\"wp-block-image size-large\"><img loading=\"lazy\" decoding=\"async\" width=\"1021\" height=\"1024\" src=\"https:\/\/saludnl.gob.mx\/regulacion-sanitaria\/wp-content\/uploads\/2025\/03\/Imagen1-1021x1024.jpg\" alt=\"\" class=\"wp-image-28049\" srcset=\"https:\/\/saludnl.gob.mx\/regulacion-sanitaria\/wp-content\/uploads\/2025\/03\/Imagen1-1021x1024.jpg 1021w, https:\/\/saludnl.gob.mx\/regulacion-sanitaria\/wp-content\/uploads\/2025\/03\/Imagen1-300x300.jpg 300w, https:\/\/saludnl.gob.mx\/regulacion-sanitaria\/wp-content\/uploads\/2025\/03\/Imagen1-150x150.jpg 150w, https:\/\/saludnl.gob.mx\/regulacion-sanitaria\/wp-content\/uploads\/2025\/03\/Imagen1-768x770.jpg 768w, https:\/\/saludnl.gob.mx\/regulacion-sanitaria\/wp-content\/uploads\/2025\/03\/Imagen1.jpg 1166w\" sizes=\"auto, (max-width: 1021px) 100vw, 1021px\" \/><\/figure>\n<\/div>\n\n\n\n<div class=\"wp-block-column is-layout-flow wp-block-column-is-layout-flow\">\n<figure class=\"wp-block-image size-full\"><img loading=\"lazy\" decoding=\"async\" width=\"442\" height=\"442\" src=\"https:\/\/saludnl.gob.mx\/regulacion-sanitaria\/wp-content\/uploads\/2025\/03\/Imagen2.jpg\" alt=\"\" class=\"wp-image-28050\" srcset=\"https:\/\/saludnl.gob.mx\/regulacion-sanitaria\/wp-content\/uploads\/2025\/03\/Imagen2.jpg 442w, https:\/\/saludnl.gob.mx\/regulacion-sanitaria\/wp-content\/uploads\/2025\/03\/Imagen2-300x300.jpg 300w, https:\/\/saludnl.gob.mx\/regulacion-sanitaria\/wp-content\/uploads\/2025\/03\/Imagen2-150x150.jpg 150w\" sizes=\"auto, (max-width: 442px) 100vw, 442px\" \/><\/figure>\n<\/div>\n<\/div>\n","protected":false},"excerpt":{"rendered":"<p>El proyecto tiene como fin reducir la incidencia de Enfermedades Transmitidas por Alimentos (ETA\u00b4s) monitoreando a trav\u00e9s de muestreos realizados por nuestros verificadores para despu\u00e9s ser analizados en el Laboratorio Estatal de Salud P\u00fablica, las muestras pueden comprender materias primas, alimento en proceso o producto terminado, para constatar la condici\u00f3n de los alimentos en cualquier [&hellip;]<\/p>\n","protected":false},"author":5,"featured_media":14548,"parent":0,"menu_order":0,"comment_status":"closed","ping_status":"closed","template":"","meta":{"footnotes":""},"class_list":["post-150","page","type-page","status-publish","has-post-thumbnail","hentry"],"_links":{"self":[{"href":"https:\/\/saludnl.gob.mx\/regulacion-sanitaria\/index.php\/wp-json\/wp\/v2\/pages\/150","targetHints":{"allow":["GET"]}}],"collection":[{"href":"https:\/\/saludnl.gob.mx\/regulacion-sanitaria\/index.php\/wp-json\/wp\/v2\/pages"}],"about":[{"href":"https:\/\/saludnl.gob.mx\/regulacion-sanitaria\/index.php\/wp-json\/wp\/v2\/types\/page"}],"author":[{"embeddable":true,"href":"https:\/\/saludnl.gob.mx\/regulacion-sanitaria\/index.php\/wp-json\/wp\/v2\/users\/5"}],"replies":[{"embeddable":true,"href":"https:\/\/saludnl.gob.mx\/regulacion-sanitaria\/index.php\/wp-json\/wp\/v2\/comments?post=150"}],"version-history":[{"count":19,"href":"https:\/\/saludnl.gob.mx\/regulacion-sanitaria\/index.php\/wp-json\/wp\/v2\/pages\/150\/revisions"}],"predecessor-version":[{"id":28051,"href":"https:\/\/saludnl.gob.mx\/regulacion-sanitaria\/index.php\/wp-json\/wp\/v2\/pages\/150\/revisions\/28051"}],"wp:featuredmedia":[{"embeddable":true,"href":"https:\/\/saludnl.gob.mx\/regulacion-sanitaria\/index.php\/wp-json\/wp\/v2\/media\/14548"}],"wp:attachment":[{"href":"https:\/\/saludnl.gob.mx\/regulacion-sanitaria\/index.php\/wp-json\/wp\/v2\/media?parent=150"}],"curies":[{"name":"wp","href":"https:\/\/api.w.org\/{rel}","templated":true}]}}