{"id":14906,"date":"2023-07-18T09:43:07","date_gmt":"2023-07-18T14:43:07","guid":{"rendered":"https:\/\/saludnl.gob.mx\/regulacion-sanitaria\/?page_id=14906"},"modified":"2023-08-03T17:08:50","modified_gmt":"2023-08-03T22:08:50","slug":"requistos-sanitarios-para-ambulancias","status":"publish","type":"page","link":"https:\/\/saludnl.gob.mx\/regulacion-sanitaria\/index.php\/requistos-sanitarios-para-ambulancias\/","title":{"rendered":"Requistos Sanitarios para Ambulancias"},"content":{"rendered":"<p><img loading=\"lazy\" decoding=\"async\" class=\"size-full wp-image-14916 aligncenter\" src=\"https:\/\/saludnl.gob.mx\/regulacion-sanitaria\/wp-content\/uploads\/2023\/07\/Ambulancias-1.png\" alt=\"\" width=\"1200\" height=\"400\" srcset=\"https:\/\/saludnl.gob.mx\/regulacion-sanitaria\/wp-content\/uploads\/2023\/07\/Ambulancias-1.png 1200w, https:\/\/saludnl.gob.mx\/regulacion-sanitaria\/wp-content\/uploads\/2023\/07\/Ambulancias-1-300x100.png 300w, https:\/\/saludnl.gob.mx\/regulacion-sanitaria\/wp-content\/uploads\/2023\/07\/Ambulancias-1-1024x341.png 1024w, https:\/\/saludnl.gob.mx\/regulacion-sanitaria\/wp-content\/uploads\/2023\/07\/Ambulancias-1-768x256.png 768w\" sizes=\"auto, (max-width: 1200px) 100vw, 1200px\" \/><\/p>\n<p>El control sanitario de ambulancias, es necesario para garantizar el cumplimiento de los requerimientos m\u00ednimos indispensables de infraestructura y equipamiento de estas unidades m\u00f3viles; as\u00ed como para que el personal m\u00e9dico y param\u00e9dico que labora en ellas, cuente con los conocimientos, habilidades y destrezas necesarias para la atenci\u00f3n m\u00e9dica prehospitalaria. Lo anterior, con la finalidad de prevenir y minimizar riesgos a la salud de la poblaci\u00f3n.<\/p>\n<h2><span style=\"color: #00ccff;\">Consulta los requisitos para completar tu tr\u00e1mite en l\u00ednea<\/span><\/h2>\n<h3><strong>Para completar tu tr\u00e1mite, es necesario proporcionar informaci\u00f3n sobre el propietario, establecimiento, responsable sanitario y servicio. As\u00ed como firma electr\u00f3nica del propietario o responsable legal y del responsable sanitario.<\/strong><\/h3>\n<h2><strong>Requisitos documentales generales<\/strong><\/h2>\n<p>En caso de personas f\u00edsicas:<\/p>\n<ul>\n<li>Identificaci\u00f3n oficial del propietario (Credencial del Instituto Nacional Electoral (INE) o pasaporte vigente o cartilla del servicio militar nacional o licencia de manejo).<\/li>\n<li>Identificaci\u00f3n oficial de las personas autorizadas (Credencial del Instituto Nacional Electoral (INE) o pasaporte vigente o cartilla del servicio militar nacional o licencia de manejo).<\/li>\n<\/ul>\n<h2><strong>Aviso de funcionamiento y de responsable sanitario del establecimiento de servicios de salud&nbsp;<\/strong><\/h2>\n<h3><strong>ALTA <a href=\"https:\/\/www.gob.mx\/cms\/uploads\/attachment\/file\/770677\/COFEPRIS-05-036.pdf\">(COFEPRIS-05-036) <\/a><\/strong><\/h3>\n<h3><strong>MODIFICACI\u00d3N\/ BAJA <a href=\"https:\/\/www.gob.mx\/cms\/uploads\/attachment\/file\/770662\/COFEPRIS-05-056.pdf\">(COFEPRIS-05-056)<\/a><\/strong><\/h3>\n<h2><span style=\"color: #00ccff;\">Requisitos para Servicios de Ambulancia<\/span><\/h2>\n<ol>\n<li>Ingresar al tr\u00e1mite Aviso de Funcionamiento y de Responsable Sanitario del Establecimiento de Servicios para la Salud <em>(COFEPRIS-05-036)<\/em> para registrar el servicio de ambulancia.<\/li>\n<li>Seleccionar la clave <em><strong>SCIAN 621910 &#8211; Servicios de ambulancia<\/strong><\/em> para que el sistema habilite la captura de una ambulancia.<\/li>\n<li>En caso de requerir la captura de otra ambulancia, se tendr\u00e1 que crear un nuevo tr\u00e1mite <em>(COFEPRIS 05-036)<\/em> y seleccionar el establecimiento previamente capturado.<\/li>\n<li>Capturar los datos del responsable sanitario responsable de la ambulancia, as\u00ed como los datos de la nueva ambulancia.<\/li>\n<li>En caso de que se necesite hacer una modificaci\u00f3n o baja, la homoclave del tr\u00e1mite ser\u00e1 <em>COFEPRIS-05-056.<\/em><\/li>\n<\/ol>\n<p><em> &nbsp;<strong>Puedes registrar hasta diez ambulancias por cada responsable sanitario.<\/strong><\/em><\/p>\n<h2><span style=\"color: #00ccff;\">Manual de funcionalidades DIGIPRiS Tr\u00e1mites Autogestivos<\/span><\/h2>\n\n\n\n\n<figure class=\"wp-block-embed is-type-video is-provider-youtube wp-block-embed-youtube wp-embed-aspect-16-9 wp-has-aspect-ratio\"><div class=\"wp-block-embed__wrapper\">\n<iframe loading=\"lazy\" title=\"Aviso de funcionamiento y responsable sanitario de establecimiento servicios de salud: Ambulancias\" width=\"640\" height=\"360\" src=\"https:\/\/www.youtube.com\/embed\/vyEeEAhV_mg?feature=oembed\" frameborder=\"0\" allow=\"accelerometer; autoplay; clipboard-write; encrypted-media; gyroscope; picture-in-picture; web-share\" referrerpolicy=\"strict-origin-when-cross-origin\" allowfullscreen><\/iframe>\n<\/div><\/figure>\n\n\n<div class=\"sdm_download_item \"><div class=\"sdm_download_item_top\"><div class=\"sdm_download_thumbnail\"><img decoding=\"async\" class=\"sdm_download_thumbnail_image\" src=\"https:\/\/saludnl.gob.mx\/regulacion-sanitaria\/wp-content\/uploads\/2022\/10\/Captura.jpg\" alt = \"Manual de Registro DIGIPRiS\" \/><\/div><div class=\"sdm_download_title\">Manual de Registro DIGIPRiS<\/div><\/div><div style=\"clear:both;\"><\/div><div class=\"sdm_download_description\"><p>Manual de Registro DIGIPRis<\/p>\n<\/div><div class=\"sdm_download_link\"><span class=\"sdm_download_button\"><a href=\"https:\/\/saludnl.gob.mx\/regulacion-sanitaria\/?sdm_process_download=1&download_id=11297\" class=\"sdm_download blue\" title=\"Manual de Registro DIGIPRiS\" target=\"_blank\">Descargar<\/a><\/span><span class=\"sdm_download_item_count\"><span class=\"sdm_item_count_number\">821<\/span><span class=\"sdm_item_count_string\"> Downloads<\/span><\/span><\/div><\/div><div class=\"sdm_clear_float\"><\/div>\n<div class=\"sdm_download_count\"><span class=\"sdm_count_number\">821<\/span><span class=\"sdm_count_string\"> Downloads<\/span><\/div>\n<h2><span style=\"color: #00ccff;\">Gu\u00eda de Autoverificaci\u00f3n de Ambulancias<\/span><\/h2>\n<a href=\"https:\/\/saludnl.gob.mx\/regulacion-sanitaria\/wp-content\/uploads\/2023\/08\/Guia-de-autoevaluacion-de-ambulancias.pdf\" class=\"pdfemb-viewer\" style=\"\" data-width=\"max\" data-height=\"max\" data-toolbar=\"bottom\" data-toolbar-fixed=\"off\">Gu\u00eda de autoevaluaci\u00f3n de ambulancias<\/a>\n<div class=\"sdm_download_item \"><div class=\"sdm_download_item_top\"><div class=\"sdm_download_thumbnail\"><\/div><div class=\"sdm_download_title\">Gu\u00eda de autoevaluaci\u00f3n Ambulancias<\/div><\/div><div style=\"clear:both;\"><\/div><div class=\"sdm_download_description\"><\/div><div class=\"sdm_download_link\"><span class=\"sdm_download_button\"><a href=\"https:\/\/saludnl.gob.mx\/regulacion-sanitaria\/?sdm_process_download=1&download_id=15205\" class=\"sdm_download blue\" title=\"Gu\u00eda de autoevaluaci\u00f3n Ambulancias\" target=\"_self\">Gu\u00eda autoevaluaci\u00f3n para descarga<\/a><\/span><span class=\"sdm_download_item_count\"><span class=\"sdm_item_count_number\">422<\/span><span class=\"sdm_item_count_string\"> Downloads<\/span><\/span><\/div><\/div><div class=\"sdm_clear_float\"><\/div>","protected":false},"excerpt":{"rendered":"<p>El control sanitario de ambulancias, es necesario para garantizar el cumplimiento de los requerimientos m\u00ednimos indispensables de infraestructura y equipamiento de estas unidades m\u00f3viles; as\u00ed como para que el personal m\u00e9dico y param\u00e9dico que labora en ellas, cuente con los conocimientos, habilidades y destrezas necesarias para la atenci\u00f3n m\u00e9dica prehospitalaria. Lo anterior, con la finalidad [&hellip;]<\/p>\n","protected":false},"author":5,"featured_media":0,"parent":0,"menu_order":0,"comment_status":"closed","ping_status":"closed","template":"","meta":{"footnotes":""},"class_list":["post-14906","page","type-page","status-publish","hentry"],"_links":{"self":[{"href":"https:\/\/saludnl.gob.mx\/regulacion-sanitaria\/index.php\/wp-json\/wp\/v2\/pages\/14906","targetHints":{"allow":["GET"]}}],"collection":[{"href":"https:\/\/saludnl.gob.mx\/regulacion-sanitaria\/index.php\/wp-json\/wp\/v2\/pages"}],"about":[{"href":"https:\/\/saludnl.gob.mx\/regulacion-sanitaria\/index.php\/wp-json\/wp\/v2\/types\/page"}],"author":[{"embeddable":true,"href":"https:\/\/saludnl.gob.mx\/regulacion-sanitaria\/index.php\/wp-json\/wp\/v2\/users\/5"}],"replies":[{"embeddable":true,"href":"https:\/\/saludnl.gob.mx\/regulacion-sanitaria\/index.php\/wp-json\/wp\/v2\/comments?post=14906"}],"version-history":[{"count":6,"href":"https:\/\/saludnl.gob.mx\/regulacion-sanitaria\/index.php\/wp-json\/wp\/v2\/pages\/14906\/revisions"}],"predecessor-version":[{"id":15207,"href":"https:\/\/saludnl.gob.mx\/regulacion-sanitaria\/index.php\/wp-json\/wp\/v2\/pages\/14906\/revisions\/15207"}],"wp:attachment":[{"href":"https:\/\/saludnl.gob.mx\/regulacion-sanitaria\/index.php\/wp-json\/wp\/v2\/media?parent=14906"}],"curies":[{"name":"wp","href":"https:\/\/api.w.org\/{rel}","templated":true}]}}