{"id":14807,"date":"2023-07-14T10:24:28","date_gmt":"2023-07-14T15:24:28","guid":{"rendered":"https:\/\/saludnl.gob.mx\/regulacion-sanitaria\/?page_id=14807"},"modified":"2023-08-03T15:45:31","modified_gmt":"2023-08-03T20:45:31","slug":"codigos","status":"publish","type":"page","link":"https:\/\/saludnl.gob.mx\/regulacion-sanitaria\/index.php\/codigos\/","title":{"rendered":"C\u00f3digos"},"content":{"rendered":"\n<figure class=\"wp-block-table\"><table><tbody><tr><td>C\u00f3digos <\/td><td>\u00daltima reforma<\/td><td>Enlaces<\/td><\/tr><tr><td><a href=\"https:\/\/www.nl.gob.mx\/codigodeetica\">C\u00f3digo de \u00c9tica de los Servidores P\u00fablicos del Poder Ejecutivo del Estado de Nuevo Le\u00f3n <\/a><\/td><td>POE 19-02-2021<\/td><td><a href=\"http:\/\/sistec.nl.gob.mx\/Transparencia_2015\/Archivos\/AC_0001_0007_00169263_000001.pdf\">PDF<\/a><\/td><\/tr><\/tbody><\/table><\/figure>\n","protected":false},"excerpt":{"rendered":"<p>C\u00f3digos \u00daltima reforma Enlaces C\u00f3digo de \u00c9tica de los Servidores P\u00fablicos del Poder Ejecutivo del Estado de Nuevo Le\u00f3n POE 19-02-2021 PDF<\/p>\n","protected":false},"author":5,"featured_media":0,"parent":0,"menu_order":0,"comment_status":"closed","ping_status":"closed","template":"","meta":{"footnotes":""},"class_list":["post-14807","page","type-page","status-publish","hentry"],"_links":{"self":[{"href":"https:\/\/saludnl.gob.mx\/regulacion-sanitaria\/index.php\/wp-json\/wp\/v2\/pages\/14807","targetHints":{"allow":["GET"]}}],"collection":[{"href":"https:\/\/saludnl.gob.mx\/regulacion-sanitaria\/index.php\/wp-json\/wp\/v2\/pages"}],"about":[{"href":"https:\/\/saludnl.gob.mx\/regulacion-sanitaria\/index.php\/wp-json\/wp\/v2\/types\/page"}],"author":[{"embeddable":true,"href":"https:\/\/saludnl.gob.mx\/regulacion-sanitaria\/index.php\/wp-json\/wp\/v2\/users\/5"}],"replies":[{"embeddable":true,"href":"https:\/\/saludnl.gob.mx\/regulacion-sanitaria\/index.php\/wp-json\/wp\/v2\/comments?post=14807"}],"version-history":[{"count":3,"href":"https:\/\/saludnl.gob.mx\/regulacion-sanitaria\/index.php\/wp-json\/wp\/v2\/pages\/14807\/revisions"}],"predecessor-version":[{"id":15197,"href":"https:\/\/saludnl.gob.mx\/regulacion-sanitaria\/index.php\/wp-json\/wp\/v2\/pages\/14807\/revisions\/15197"}],"wp:attachment":[{"href":"https:\/\/saludnl.gob.mx\/regulacion-sanitaria\/index.php\/wp-json\/wp\/v2\/media?parent=14807"}],"curies":[{"name":"wp","href":"https:\/\/api.w.org\/{rel}","templated":true}]}}