{"id":14787,"date":"2023-07-12T15:14:51","date_gmt":"2023-07-12T20:14:51","guid":{"rendered":"https:\/\/saludnl.gob.mx\/regulacion-sanitaria\/?page_id=14787"},"modified":"2025-01-31T13:01:36","modified_gmt":"2025-01-31T19:01:36","slug":"acuerdos-3","status":"publish","type":"page","link":"https:\/\/saludnl.gob.mx\/regulacion-sanitaria\/index.php\/acuerdos-3\/","title":{"rendered":"Acuerdos"},"content":{"rendered":"<h3 class=\"Titulo_1\"><a href=\"https:\/\/dof.gob.mx\/nota_detalle.php?codigo=5710278&amp;fecha=04\/12\/2023#gsc.tab=0\"><strong>ACUERDO de Coordinaci\u00f3n que, para el ejercicio de facultades en materia de control y fomento sanitarios, celebran la Secretar\u00eda de Salud y el Estado de Nuevo Le\u00f3n.<\/strong><\/a><\/h3>\n<h3 class=\"Titulo_1\"><a href=\"https:\/\/www.dof.gob.mx\/nota_detalle.php?codigo=5606959&amp;fecha=08\/12\/2020#gsc.tab=0\"><strong>CONVENIO Espec\u00edfico en materia de transferencia de recursos federales con el car\u00e1cter de subsidios, para\u00a0fortalecer la ejecuci\u00f3n y desarrollo del programa y proyectos federales de Protecci\u00f3n contra Riesgos Sanitarios, as\u00ed\u00a0como de la Red Nacional de Laboratorios,\u00a0correspondiente al ejercicio fiscal 2020, que celebran la Secretar\u00eda de\u00a0Salud y el Estado de Nuevo Le\u00f3n.<\/strong><\/a><\/h3>\n<h3><strong><a href=\"https:\/\/dof.gob.mx\/nota_detalle_popup.php?codigo=5095210\" data-type=\"link\" data-id=\"https:\/\/dof.gob.mx\/nota_detalle_popup.php?codigo=5095210\" data-rich-text-format-boundary=\"true\">ACUERDO\u00a0por el que se dan a conocer los tr\u00e1mites y servicios, as\u00ed como los formatos que aplica la Secretar\u00eda de\u00a0Salud, a trav\u00e9s de la Comisi\u00f3n Federal para la Protecci\u00f3n contra Riesgos Sanitarios, inscritos en el Registro\u00a0Federal de Tr\u00e1mites y Servicios de\u00a0la Comisi\u00f3n Federal de Mejora Regulatoria (Contin\u00faa en la Tercera Secci\u00f3n)<\/a><\/strong><\/h3>\n\n\n<p><\/p>\n","protected":false},"excerpt":{"rendered":"<p>ACUERDO de Coordinaci\u00f3n que, para el ejercicio de facultades en materia de control y fomento sanitarios, celebran la Secretar\u00eda de Salud y el Estado de Nuevo Le\u00f3n. CONVENIO Espec\u00edfico en materia de transferencia de recursos federales con el car\u00e1cter de subsidios, para\u00a0fortalecer la ejecuci\u00f3n y desarrollo del programa y proyectos federales de Protecci\u00f3n contra Riesgos [&hellip;]<\/p>\n","protected":false},"author":5,"featured_media":0,"parent":0,"menu_order":0,"comment_status":"closed","ping_status":"closed","template":"","meta":{"footnotes":""},"class_list":["post-14787","page","type-page","status-publish","hentry"],"_links":{"self":[{"href":"https:\/\/saludnl.gob.mx\/regulacion-sanitaria\/index.php\/wp-json\/wp\/v2\/pages\/14787","targetHints":{"allow":["GET"]}}],"collection":[{"href":"https:\/\/saludnl.gob.mx\/regulacion-sanitaria\/index.php\/wp-json\/wp\/v2\/pages"}],"about":[{"href":"https:\/\/saludnl.gob.mx\/regulacion-sanitaria\/index.php\/wp-json\/wp\/v2\/types\/page"}],"author":[{"embeddable":true,"href":"https:\/\/saludnl.gob.mx\/regulacion-sanitaria\/index.php\/wp-json\/wp\/v2\/users\/5"}],"replies":[{"embeddable":true,"href":"https:\/\/saludnl.gob.mx\/regulacion-sanitaria\/index.php\/wp-json\/wp\/v2\/comments?post=14787"}],"version-history":[{"count":4,"href":"https:\/\/saludnl.gob.mx\/regulacion-sanitaria\/index.php\/wp-json\/wp\/v2\/pages\/14787\/revisions"}],"predecessor-version":[{"id":27000,"href":"https:\/\/saludnl.gob.mx\/regulacion-sanitaria\/index.php\/wp-json\/wp\/v2\/pages\/14787\/revisions\/27000"}],"wp:attachment":[{"href":"https:\/\/saludnl.gob.mx\/regulacion-sanitaria\/index.php\/wp-json\/wp\/v2\/media?parent=14787"}],"curies":[{"name":"wp","href":"https:\/\/api.w.org\/{rel}","templated":true}]}}