{"id":14759,"date":"2023-07-11T13:05:25","date_gmt":"2023-07-11T18:05:25","guid":{"rendered":"https:\/\/saludnl.gob.mx\/regulacion-sanitaria\/?page_id=14759"},"modified":"2023-08-08T12:44:10","modified_gmt":"2023-08-08T17:44:10","slug":"marco-juridico","status":"publish","type":"page","link":"https:\/\/saludnl.gob.mx\/regulacion-sanitaria\/index.php\/marco-juridico\/","title":{"rendered":"Marco Jur\u00eddico"},"content":{"rendered":"<p><\/p>\n<p><img loading=\"lazy\" decoding=\"async\" class=\"alignnone size-full wp-image-14779\" src=\"https:\/\/saludnl.gob.mx\/regulacion-sanitaria\/wp-content\/uploads\/2023\/07\/Marco-juridico.png\" alt=\"\" width=\"1200\" height=\"400\" srcset=\"https:\/\/saludnl.gob.mx\/regulacion-sanitaria\/wp-content\/uploads\/2023\/07\/Marco-juridico.png 1200w, https:\/\/saludnl.gob.mx\/regulacion-sanitaria\/wp-content\/uploads\/2023\/07\/Marco-juridico-300x100.png 300w, https:\/\/saludnl.gob.mx\/regulacion-sanitaria\/wp-content\/uploads\/2023\/07\/Marco-juridico-1024x341.png 1024w, https:\/\/saludnl.gob.mx\/regulacion-sanitaria\/wp-content\/uploads\/2023\/07\/Marco-juridico-768x256.png 768w\" sizes=\"auto, (max-width: 1200px) 100vw, 1200px\" \/><\/p>\n<p>La Subsecretar\u00eda de Regulaci\u00f3n y Fomento Sanitario &nbsp;tiene a su cargo el ejercicio de las atribuciones en materia de regulaci\u00f3n, control y fomento sanitarios en los t\u00e9rminos de la Ley General de Salud y dem\u00e1s disposiciones jur\u00eddicas aplicables.<\/p>\n<p><\/p>\n\n\n<div class=\"wp-block-columns is-layout-flex wp-container-core-columns-is-layout-9d6595d7 wp-block-columns-is-layout-flex\">\n<div class=\"wp-block-column is-layout-flow wp-block-column-is-layout-flow\">\n<h2><a href=\"https:\/\/saludnl.gob.mx\/regulacion-sanitaria\/index.php\/leyes\/\">Leyes&nbsp;<\/a><\/h2>\n<h2><a href=\"https:\/\/saludnl.gob.mx\/regulacion-sanitaria\/index.php\/reglamentos\/\">Reglamentos<\/a><\/h2>\n<h2><a href=\"https:\/\/saludnl.gob.mx\/regulacion-sanitaria\/index.php\/normas-oficiales-mexicanas\/\" target=\"_blank\" rel=\"noopener\">Normas Oficiales Mexicanas<\/a><\/h2>\n<h2><a href=\"https:\/\/saludnl.gob.mx\/regulacion-sanitaria\/index.php\/acuerdos-3\/\">Acuerdos<\/a><\/h2>\n<h2><a href=\"https:\/\/saludnl.gob.mx\/regulacion-sanitaria\/index.php\/codigos\/\">C\u00f3digos<\/a><\/h2>\n<p><\/p>\n<p><\/p>\n<\/div>\n\n\n\n<div class=\"wp-block-column is-layout-flow wp-block-column-is-layout-flow\"><\/div>\n<\/div>\n","protected":false},"excerpt":{"rendered":"<p>La Subsecretar\u00eda de Regulaci\u00f3n y Fomento Sanitario &nbsp;tiene a su cargo el ejercicio de las atribuciones en materia de regulaci\u00f3n, control y fomento sanitarios en los t\u00e9rminos de la Ley General de Salud y dem\u00e1s disposiciones jur\u00eddicas aplicables. Leyes&nbsp; Reglamentos Normas Oficiales Mexicanas Acuerdos C\u00f3digos<\/p>\n","protected":false},"author":5,"featured_media":0,"parent":0,"menu_order":0,"comment_status":"closed","ping_status":"closed","template":"","meta":{"footnotes":""},"class_list":["post-14759","page","type-page","status-publish","hentry"],"_links":{"self":[{"href":"https:\/\/saludnl.gob.mx\/regulacion-sanitaria\/index.php\/wp-json\/wp\/v2\/pages\/14759","targetHints":{"allow":["GET"]}}],"collection":[{"href":"https:\/\/saludnl.gob.mx\/regulacion-sanitaria\/index.php\/wp-json\/wp\/v2\/pages"}],"about":[{"href":"https:\/\/saludnl.gob.mx\/regulacion-sanitaria\/index.php\/wp-json\/wp\/v2\/types\/page"}],"author":[{"embeddable":true,"href":"https:\/\/saludnl.gob.mx\/regulacion-sanitaria\/index.php\/wp-json\/wp\/v2\/users\/5"}],"replies":[{"embeddable":true,"href":"https:\/\/saludnl.gob.mx\/regulacion-sanitaria\/index.php\/wp-json\/wp\/v2\/comments?post=14759"}],"version-history":[{"count":7,"href":"https:\/\/saludnl.gob.mx\/regulacion-sanitaria\/index.php\/wp-json\/wp\/v2\/pages\/14759\/revisions"}],"predecessor-version":[{"id":15307,"href":"https:\/\/saludnl.gob.mx\/regulacion-sanitaria\/index.php\/wp-json\/wp\/v2\/pages\/14759\/revisions\/15307"}],"wp:attachment":[{"href":"https:\/\/saludnl.gob.mx\/regulacion-sanitaria\/index.php\/wp-json\/wp\/v2\/media?parent=14759"}],"curies":[{"name":"wp","href":"https:\/\/api.w.org\/{rel}","templated":true}]}}