{"id":13932,"date":"2023-04-14T14:15:14","date_gmt":"2023-04-14T19:15:14","guid":{"rendered":"https:\/\/saludnl.gob.mx\/regulacion-sanitaria\/?page_id=13932"},"modified":"2023-04-14T14:15:14","modified_gmt":"2023-04-14T19:15:14","slug":"publicaciones-periodico-oficial","status":"publish","type":"page","link":"https:\/\/saludnl.gob.mx\/regulacion-sanitaria\/index.php\/publicaciones-periodico-oficial\/","title":{"rendered":"Publicaciones Peri\u00f3dico Oficial"},"content":{"rendered":"<p>Consulta los documentos en relaci\u00f3n a riesgos sanitarios publicados en el Peri\u00f3dico Oficial del Estado.<\/p>\n<p>&nbsp;<\/p>\n<div class=\"sdm_download_item \"><div class=\"sdm_download_item_top\"><div class=\"sdm_download_thumbnail\"><\/div><div class=\"sdm_download_title\">Peri\u00f3dico Oficial &#8211; Viernes &#8211; 14 de Abril de 2023<\/div><\/div><div style=\"clear:both;\"><\/div><div class=\"sdm_download_description\"><ul>\n<li>ACUERDO DE PROCESO DE REVOCACI\u00d3N DE LICENCIA SANITARIA DEL ESTABLECIMIENTO \u201cPLUS FUMIGACIONES\u201d.<\/li>\n<li>ACUERDO DE PROCESO DE REVOCACI\u00d3N DE LICENCIA SANITARIA DEL ESTABLECIMIENTO \u201cDEFENSE CONTROL DE PLAGAS\u201d<\/li>\n<\/ul>\n<\/div><div class=\"sdm_download_link\"><span class=\"sdm_download_button\"><a href=\"https:\/\/saludnl.gob.mx\/regulacion-sanitaria\/?sdm_process_download=1&download_id=13931\" class=\"sdm_download blue\" title=\"Peri\u00f3dico Oficial &#8211; Viernes &#8211; 14 de Abril de 2023\" target=\"_self\">Descargar<\/a><\/span><span class=\"sdm_download_item_count\"><span class=\"sdm_item_count_number\">281<\/span><span class=\"sdm_item_count_string\"> Downloads<\/span><\/span><\/div><\/div><div class=\"sdm_clear_float\"><\/div>\n","protected":false},"excerpt":{"rendered":"<p>Consulta los documentos en relaci\u00f3n a riesgos sanitarios publicados en el Peri\u00f3dico Oficial del Estado. &nbsp;<\/p>\n","protected":false},"author":5,"featured_media":0,"parent":0,"menu_order":0,"comment_status":"closed","ping_status":"closed","template":"","meta":{"footnotes":""},"class_list":["post-13932","page","type-page","status-publish","hentry"],"_links":{"self":[{"href":"https:\/\/saludnl.gob.mx\/regulacion-sanitaria\/index.php\/wp-json\/wp\/v2\/pages\/13932","targetHints":{"allow":["GET"]}}],"collection":[{"href":"https:\/\/saludnl.gob.mx\/regulacion-sanitaria\/index.php\/wp-json\/wp\/v2\/pages"}],"about":[{"href":"https:\/\/saludnl.gob.mx\/regulacion-sanitaria\/index.php\/wp-json\/wp\/v2\/types\/page"}],"author":[{"embeddable":true,"href":"https:\/\/saludnl.gob.mx\/regulacion-sanitaria\/index.php\/wp-json\/wp\/v2\/users\/5"}],"replies":[{"embeddable":true,"href":"https:\/\/saludnl.gob.mx\/regulacion-sanitaria\/index.php\/wp-json\/wp\/v2\/comments?post=13932"}],"version-history":[{"count":1,"href":"https:\/\/saludnl.gob.mx\/regulacion-sanitaria\/index.php\/wp-json\/wp\/v2\/pages\/13932\/revisions"}],"predecessor-version":[{"id":13935,"href":"https:\/\/saludnl.gob.mx\/regulacion-sanitaria\/index.php\/wp-json\/wp\/v2\/pages\/13932\/revisions\/13935"}],"wp:attachment":[{"href":"https:\/\/saludnl.gob.mx\/regulacion-sanitaria\/index.php\/wp-json\/wp\/v2\/media?parent=13932"}],"curies":[{"name":"wp","href":"https:\/\/api.w.org\/{rel}","templated":true}]}}