{"id":13130,"date":"2023-02-15T12:18:04","date_gmt":"2023-02-15T18:18:04","guid":{"rendered":"https:\/\/saludnl.gob.mx\/regulacion-sanitaria\/?page_id=13130"},"modified":"2023-10-17T17:03:15","modified_gmt":"2023-10-17T22:03:15","slug":"salud-ambiental-y-ocupacional-2","status":"publish","type":"page","link":"https:\/\/saludnl.gob.mx\/regulacion-sanitaria\/index.php\/salud-ambiental-y-ocupacional-2\/","title":{"rendered":"Salud Ambiental y Ocupacional"},"content":{"rendered":"\n<figure class=\"wp-block-image size-large\"><img loading=\"lazy\" decoding=\"async\" width=\"1024\" height=\"341\" src=\"https:\/\/saludnl.gob.mx\/regulacion-sanitaria\/wp-content\/uploads\/2023\/10\/Salud-Ambiental-1024x341.png\" alt=\"\" class=\"wp-image-17173\" srcset=\"https:\/\/saludnl.gob.mx\/regulacion-sanitaria\/wp-content\/uploads\/2023\/10\/Salud-Ambiental-1024x341.png 1024w, https:\/\/saludnl.gob.mx\/regulacion-sanitaria\/wp-content\/uploads\/2023\/10\/Salud-Ambiental-300x100.png 300w, https:\/\/saludnl.gob.mx\/regulacion-sanitaria\/wp-content\/uploads\/2023\/10\/Salud-Ambiental-768x256.png 768w, https:\/\/saludnl.gob.mx\/regulacion-sanitaria\/wp-content\/uploads\/2023\/10\/Salud-Ambiental.png 1200w\" sizes=\"auto, (max-width: 1024px) 100vw, 1024px\" \/><\/figure>\n\n\n<p>\u00a0<\/p>\n<h1><span style=\"color: #00ccff;\">Consulta los requisitos para completar tu tr\u00e1mite en l\u00ednea<\/span><\/h1>\n<h3><strong>Para completar tu tr\u00e1mite, es necesario proporcionar informaci\u00f3n sobre el propietario, establecimiento, responsable sanitario y producto o servicio. As\u00ed como firma electr\u00f3nica del propietario o responsable legal y del responsable sanitario.<\/strong><\/h3>\n<h2><strong>Requisitos documentales generales<\/strong><\/h2>\n<p>En caso de personas f\u00edsicas:<\/p>\n<ul>\n<li>Identificaci\u00f3n oficial del propietario (Credencial del Instituto Nacional Electoral (INE) o pasaporte vigente o cartilla del servicio militar nacional o licencia de manejo).<\/li>\n<li>Identificaci\u00f3n oficial de las personas autorizadas (Credencial del Instituto Nacional Electoral (INE) o pasaporte vigente o cartilla del servicio militar nacional o licencia de manejo).<\/li>\n<\/ul>\n<h2><strong>Aviso de Responsable Sanitario de establecimientos que operan con licencia Salud ambiental<\/strong><\/h2>\n<h3><strong>\u00a0(COFEPRIS-05-040) (COFEPRIS-05-051)<\/strong><\/h3>\n<ul>\n<li><a href=\"https:\/\/www.gob.mx\/cms\/uploads\/attachment\/file\/775914\/COFEPRIS-05-40_y_COFEPRIS-05-051.pdf\">Manual\u00a0<\/a><\/li>\n<li><a href=\"https:\/\/youtu.be\/08SMHrZERNc\">Video tutorial<\/a><\/li>\n<\/ul>\n<h4><b>Modalidad<\/b> <b>A.- <\/b><b>Par<\/b><b>a<\/b> <b>se<\/b><b>r<\/b><b>v<\/b><b>i<\/b><b>c<\/b><b>i<\/b><b>os<\/b> <b>u<\/b><b>r<\/b><b>b<\/b><b>a<\/b><b>nos<\/b> <b>c<\/b><b>o<\/b><b>n<\/b> <b>fumigaci<\/b><b>\u00f3<\/b><b>n,<\/b> <b>d<\/b><b>esinfec<\/b><b>c<\/b><b>i<\/b><b>\u00f3<\/b><b>n<\/b> <b>y <\/b><b>control<\/b> <b>de<\/b> <b>plagas.<\/b><\/h4>\n<ul>\n<li>Es necesario que el responsable sanitario haya aprobado el examen de conocimientos para el responsable sanitario de servicios de control y exterminaci\u00f3n de plagas, aplicado por la Subsecretar\u00eda de Regulaci\u00f3n y Fomento Sanitario. Reglamento de la Ley General de Salud en Materia de Control Sanitario de Actividades, Establecimiento, Productos y Servicios. (RLGSMCSAEPS) ART. 96.<\/li>\n<\/ul>\n<p><b style=\"font-size: revert; color: initial;\">Modalidad<\/b> <b style=\"font-size: revert; color: initial;\">B.-<\/b> <b style=\"font-size: revert; color: initial;\">Para<\/b> <b style=\"font-size: revert; color: initial;\">establecimiento<\/b> <b style=\"font-size: revert; color: initial;\">que<\/b> <b style=\"font-size: revert; color: initial;\">fabrica<\/b> <b style=\"font-size: revert; color: initial;\">o<\/b> <b style=\"font-size: revert; color: initial;\">f\u00f3rmula,<\/b> <b style=\"font-size: revert; color: initial;\">mezcla<\/b> <b style=\"font-size: revert; color: initial;\">o <\/b><b style=\"font-size: revert; color: initial;\">en<\/b><b style=\"font-size: revert; color: initial;\">v<\/b><b style=\"font-size: revert; color: initial;\">asa<\/b> <b style=\"font-size: revert; color: initial;\">plaguic<\/b><b style=\"font-size: revert; color: initial;\">i<\/b><b style=\"font-size: revert; color: initial;\">das<\/b> <b style=\"font-size: revert; color: initial;\">y nutrientes vegetales.<\/b><\/p>\n<ul>\n<li>Es necesario proporcionar informaci\u00f3n sobre el propietario, establecimiento, responsable sanitario con perfil profesional del \u00e1rea qu\u00edmico-biol\u00f3gica. Reglamento de la Ley General de Salud en Materia de Control Sanitario de Actividades, Establecimientos, Productos y Servicios (RLGSMCSAEPS) ART. 91 y datos del producto o servicio. As\u00ed como firma electr\u00f3nica del propietario o Representante Legal y del Responsable Sanitario.<\/li>\n<\/ul>\n<p><b>M<\/b><b>o<\/b><b>dalidad<\/b> <b>C<\/b><b>.<\/b><b>&#8211;<\/b> <b>Pa<\/b><b>r<\/b><b>a<\/b> <b>e<\/b><b>s<\/b><b>table<\/b><b>cim<\/b><b>i<\/b><b>en<\/b><b>t<\/b><b>o<\/b> <b>que<\/b> <b>fabrica<\/b> <b>sustanc<\/b><b>i<\/b><b>as<\/b> <b>t\u00f3<\/b><b>xic<\/b><b>as <\/b><b>o<\/b> <b>peligrosas.<\/b><\/p>\n<ul>\n<li>Es necesario proporcionar informaci\u00f3n sobre el propietario, establecimiento, responsable sanitario con perfil profesional del \u00e1rea qu\u00edmico-biol\u00f3gica. Reglamento de la Ley General de Salud en Materia de Control Sanitario de Actividades, Establecimientos, Productos y Servicios (RLGSMCSAEPS) ART. 91 y datos del producto o servicio. As\u00ed como firma electr\u00f3nica del propietario o Representante Legal y del Responsable Sanitario.<\/li>\n<\/ul>\n<h3>Requisitos para tramitar Licencia Sanitaria<\/h3>\n<ol>\n<li>Primero debes ingresar a DIGIPRiS para realizar el tr\u00e1mite: Aviso de responsable sanitario del establecimiento de plaguicidas, nutrientes vegetales y sustancias t\u00f3xicas o peligrosas que operar\u00e1 con licencia sanitaria (COFEPRIS-05-040-A \/ COFEPRIS-05-040-B \/ COFEPRIS- \u00a005-040-C). Este tr\u00e1mite debe estar firmado por el Responsable sanitario y el Representante Legal.<\/li>\n<li>Debes acudir a las oficinas de la Subsecretar\u00eda de Regulaci\u00f3n y Fomento Sanitario y presentar el Aviso que realizaste en el paso 1 para solicitar la licencia sanitaria de establecimiento. Solo tienes 30 d\u00edas h\u00e1biles para solicitarla.<\/li>\n<\/ol>\n<p><em>\u00a0 \u00a0 \u00a0 \u00a0 \u00a0*La licencia sanitaria es una autorizaci\u00f3n que se otorga si se cumplen las condiciones sanitarias de un establecimiento.<\/em><\/p>\n<h4>Requisitos documentales<\/h4>\n<ul>\n<li>Acuse de alta del aviso de funcionamiento del establecimiento que opera con Licencia.<\/li>\n<\/ul>\n<h2><strong>Alta y Modificaci\u00f3n de Aviso de Funcionamiento y de Responsable Sanitario del Establecimiento de Salud Ambiental\u00a0<\/strong><\/h2>\n<h3><strong>(COFEPRIS-05-023) (COFEPRIS-05-049)<\/strong><\/h3>\n<ul>\n<li><a href=\"https:\/\/www.gob.mx\/cms\/uploads\/attachment\/file\/772321\/Man_Dig_523-549.pdf\">Manual\u00a0<\/a><\/li>\n<li><a href=\"https:\/\/www.youtube.com\/watch?v=Ozla6nZtlG0&amp;list=PLbUTjy5M0vKTKAkaxVMH3xROmymzC7cPK&amp;index=21\">Video tutorial\u00a0<\/a><\/li>\n<\/ul>\n<h2><strong>Manual de funcionalidades DIGIPRiS Tr\u00e1mites Autogestivos<\/strong><\/h2>\n<ul>\n<li><a href=\"https:\/\/www.gob.mx\/cms\/uploads\/attachment\/file\/773459\/DIGIPRiS_manual_funcionalidad_31oct22.pdf\">Manual\u00a0<\/a><\/li>\n<\/ul>","protected":false},"excerpt":{"rendered":"<p>\u00a0 Consulta los requisitos para completar tu tr\u00e1mite en l\u00ednea Para completar tu tr\u00e1mite, es necesario proporcionar informaci\u00f3n sobre el propietario, establecimiento, responsable sanitario y producto o servicio. As\u00ed como firma electr\u00f3nica del propietario o responsable legal y del responsable sanitario. Requisitos documentales generales En caso de personas f\u00edsicas: Identificaci\u00f3n oficial del propietario (Credencial del [&hellip;]<\/p>\n","protected":false},"author":5,"featured_media":0,"parent":0,"menu_order":0,"comment_status":"closed","ping_status":"closed","template":"","meta":{"footnotes":""},"class_list":["post-13130","page","type-page","status-publish","hentry"],"_links":{"self":[{"href":"https:\/\/saludnl.gob.mx\/regulacion-sanitaria\/index.php\/wp-json\/wp\/v2\/pages\/13130","targetHints":{"allow":["GET"]}}],"collection":[{"href":"https:\/\/saludnl.gob.mx\/regulacion-sanitaria\/index.php\/wp-json\/wp\/v2\/pages"}],"about":[{"href":"https:\/\/saludnl.gob.mx\/regulacion-sanitaria\/index.php\/wp-json\/wp\/v2\/types\/page"}],"author":[{"embeddable":true,"href":"https:\/\/saludnl.gob.mx\/regulacion-sanitaria\/index.php\/wp-json\/wp\/v2\/users\/5"}],"replies":[{"embeddable":true,"href":"https:\/\/saludnl.gob.mx\/regulacion-sanitaria\/index.php\/wp-json\/wp\/v2\/comments?post=13130"}],"version-history":[{"count":5,"href":"https:\/\/saludnl.gob.mx\/regulacion-sanitaria\/index.php\/wp-json\/wp\/v2\/pages\/13130\/revisions"}],"predecessor-version":[{"id":17177,"href":"https:\/\/saludnl.gob.mx\/regulacion-sanitaria\/index.php\/wp-json\/wp\/v2\/pages\/13130\/revisions\/17177"}],"wp:attachment":[{"href":"https:\/\/saludnl.gob.mx\/regulacion-sanitaria\/index.php\/wp-json\/wp\/v2\/media?parent=13130"}],"curies":[{"name":"wp","href":"https:\/\/api.w.org\/{rel}","templated":true}]}}