{"id":13125,"date":"2023-02-15T10:16:00","date_gmt":"2023-02-15T16:16:00","guid":{"rendered":"https:\/\/saludnl.gob.mx\/regulacion-sanitaria\/?page_id=13125"},"modified":"2023-10-17T17:04:56","modified_gmt":"2023-10-17T22:04:56","slug":"servicios-de-salud-2","status":"publish","type":"page","link":"https:\/\/saludnl.gob.mx\/regulacion-sanitaria\/index.php\/servicios-de-salud-2\/","title":{"rendered":"Servicios de Salud"},"content":{"rendered":"\n<figure class=\"wp-block-image size-large\"><img loading=\"lazy\" decoding=\"async\" width=\"1024\" height=\"341\" src=\"https:\/\/saludnl.gob.mx\/regulacion-sanitaria\/wp-content\/uploads\/2023\/10\/SS-1024x341.png\" alt=\"\" class=\"wp-image-17178\" srcset=\"https:\/\/saludnl.gob.mx\/regulacion-sanitaria\/wp-content\/uploads\/2023\/10\/SS-1024x341.png 1024w, https:\/\/saludnl.gob.mx\/regulacion-sanitaria\/wp-content\/uploads\/2023\/10\/SS-300x100.png 300w, https:\/\/saludnl.gob.mx\/regulacion-sanitaria\/wp-content\/uploads\/2023\/10\/SS-768x256.png 768w, https:\/\/saludnl.gob.mx\/regulacion-sanitaria\/wp-content\/uploads\/2023\/10\/SS.png 1200w\" sizes=\"auto, (max-width: 1024px) 100vw, 1024px\" \/><\/figure>\n\n\n<p>\u00a0<\/p>\n<h1><span style=\"color: #00ccff;\">Consulta los requisitos para completar tu tr\u00e1mite en l\u00ednea<\/span><\/h1>\n<h3><strong>Para completar tu tr\u00e1mite, es necesario proporcionar informaci\u00f3n sobre el propietario, establecimiento, responsable sanitario y producto o servicio. As\u00ed como firma electr\u00f3nica del propietario o responsable legal y del responsable sanitario.<\/strong><\/h3>\n<h2><strong>Requisitos documentales generales<\/strong><\/h2>\n<p>En caso de personas f\u00edsicas:<\/p>\n<ul>\n<li>Identificaci\u00f3n oficial del propietario (Credencial del Instituto Nacional Electoral (INE) o pasaporte vigente o cartilla del servicio militar nacional o licencia de manejo).<\/li>\n<li>Identificaci\u00f3n oficial de las personas autorizadas (Credencial del Instituto Nacional Electoral (INE) o pasaporte vigente o cartilla del servicio militar nacional o licencia de manejo).<\/li>\n<\/ul>\n<h2><strong>Aviso de funcionamiento y de responsable sanitario del establecimiento de servicios de salud<\/strong><\/h2>\n<h3><strong>(COFEPRIS-05-036) (COFEPRIS-05-056)<\/strong><\/h3>\n<ul>\n<li><a href=\"https:\/\/www.gob.mx\/cms\/uploads\/attachment\/file\/769498\/Man_536-556.pdf\">Manual\u00a0<\/a><\/li>\n<li><a href=\"https:\/\/www.youtube.com\/watch?v=aExtOoJdQGY&amp;list=PLbUTjy5M0vKTKAkaxVMH3xROmymzC7cPK&amp;index=18\">Video tutorial servicios de salud\u00a0<\/a><\/li>\n<\/ul>\n<h3>Requisitos para Servicios de Ambulancia<\/h3>\n<ol>\n<li>Ingresar al tr\u00e1mite Aviso de Funcionamiento y de Responsable Sanitario del Establecimiento de Servicios para la Salud <em>(COFEPRIS-05-036)<\/em> para registrar el servicio de ambulancia.<\/li>\n<li>Seleccionar la clave <em><strong>SCIAN 621910 &#8211; Servicios de ambulancia<\/strong><\/em> para que el sistema habilite la captura de una ambulancia.<\/li>\n<li>En caso de requerir la captura de otra ambulancia, se tendr\u00e1 que crear un nuevo tr\u00e1mite <em>(COFEPRIS 05-036)<\/em> y seleccionar el establecimiento previamente capturado.<\/li>\n<li>Capturar los datos del responsable sanitario responsable de la ambulancia, as\u00ed como los datos de la nueva ambulancia.<\/li>\n<\/ol>\n<p><em> \u00a0Puedes registrar hasta diez ambulancias por cada responsable sanitario.<\/em><\/p>\n<ul>\n<li><a href=\"https:\/\/www.youtube.com\/watch?v=vyEeEAhV_mg&amp;list=PLbUTjy5M0vKTKAkaxVMH3xROmymzC7cPK&amp;index=19\">Video tutorial servicios de ambulancia\u00a0<\/a><\/li>\n<\/ul>\n<h2><strong>Manual de funcionalidades DIGIPRiS Tr\u00e1mites Autogestivos<\/strong><\/h2>\n<ul>\n<li><a href=\"https:\/\/www.gob.mx\/cms\/uploads\/attachment\/file\/773459\/DIGIPRiS_manual_funcionalidad_31oct22.pdf\">Manual\u00a0<\/a><\/li>\n<\/ul>\n\n\n<figure class=\"wp-block-embed is-type-video is-provider-youtube wp-block-embed-youtube wp-embed-aspect-16-9 wp-has-aspect-ratio\"><div class=\"wp-block-embed__wrapper\">\n<iframe loading=\"lazy\" title=\"Aviso funcionamiento y responsable sanitario del establecimiento de servicios de salud Consultorios\" width=\"640\" height=\"360\" src=\"https:\/\/www.youtube.com\/embed\/aExtOoJdQGY?feature=oembed\" frameborder=\"0\" allow=\"accelerometer; autoplay; clipboard-write; encrypted-media; gyroscope; picture-in-picture; web-share\" referrerpolicy=\"strict-origin-when-cross-origin\" allowfullscreen><\/iframe>\n<\/div><\/figure>\n\n\n\n<figure class=\"wp-block-embed is-type-video is-provider-youtube wp-block-embed-youtube wp-embed-aspect-16-9 wp-has-aspect-ratio\"><div class=\"wp-block-embed__wrapper\">\n<iframe loading=\"lazy\" title=\"Aviso de funcionamiento y responsable sanitario de establecimiento servicios de salud: Ambulancias\" width=\"640\" height=\"360\" src=\"https:\/\/www.youtube.com\/embed\/vyEeEAhV_mg?feature=oembed\" frameborder=\"0\" allow=\"accelerometer; autoplay; clipboard-write; encrypted-media; gyroscope; picture-in-picture; web-share\" referrerpolicy=\"strict-origin-when-cross-origin\" allowfullscreen><\/iframe>\n<\/div><\/figure>\n","protected":false},"excerpt":{"rendered":"<p>\u00a0 Consulta los requisitos para completar tu tr\u00e1mite en l\u00ednea Para completar tu tr\u00e1mite, es necesario proporcionar informaci\u00f3n sobre el propietario, establecimiento, responsable sanitario y producto o servicio. As\u00ed como firma electr\u00f3nica del propietario o responsable legal y del responsable sanitario. Requisitos documentales generales En caso de personas f\u00edsicas: Identificaci\u00f3n oficial del propietario (Credencial del [&hellip;]<\/p>\n","protected":false},"author":5,"featured_media":0,"parent":0,"menu_order":0,"comment_status":"closed","ping_status":"closed","template":"","meta":{"footnotes":""},"class_list":["post-13125","page","type-page","status-publish","hentry"],"_links":{"self":[{"href":"https:\/\/saludnl.gob.mx\/regulacion-sanitaria\/index.php\/wp-json\/wp\/v2\/pages\/13125","targetHints":{"allow":["GET"]}}],"collection":[{"href":"https:\/\/saludnl.gob.mx\/regulacion-sanitaria\/index.php\/wp-json\/wp\/v2\/pages"}],"about":[{"href":"https:\/\/saludnl.gob.mx\/regulacion-sanitaria\/index.php\/wp-json\/wp\/v2\/types\/page"}],"author":[{"embeddable":true,"href":"https:\/\/saludnl.gob.mx\/regulacion-sanitaria\/index.php\/wp-json\/wp\/v2\/users\/5"}],"replies":[{"embeddable":true,"href":"https:\/\/saludnl.gob.mx\/regulacion-sanitaria\/index.php\/wp-json\/wp\/v2\/comments?post=13125"}],"version-history":[{"count":6,"href":"https:\/\/saludnl.gob.mx\/regulacion-sanitaria\/index.php\/wp-json\/wp\/v2\/pages\/13125\/revisions"}],"predecessor-version":[{"id":17179,"href":"https:\/\/saludnl.gob.mx\/regulacion-sanitaria\/index.php\/wp-json\/wp\/v2\/pages\/13125\/revisions\/17179"}],"wp:attachment":[{"href":"https:\/\/saludnl.gob.mx\/regulacion-sanitaria\/index.php\/wp-json\/wp\/v2\/media?parent=13125"}],"curies":[{"name":"wp","href":"https:\/\/api.w.org\/{rel}","templated":true}]}}