{"id":13106,"date":"2023-02-14T16:31:56","date_gmt":"2023-02-14T22:31:56","guid":{"rendered":"https:\/\/saludnl.gob.mx\/regulacion-sanitaria\/?page_id=13106"},"modified":"2023-10-17T17:05:52","modified_gmt":"2023-10-17T22:05:52","slug":"insumos-para-la-salud","status":"publish","type":"page","link":"https:\/\/saludnl.gob.mx\/regulacion-sanitaria\/index.php\/digipris\/insumos-para-la-salud\/","title":{"rendered":"Insumos para la Salud"},"content":{"rendered":"\n<figure class=\"wp-block-image size-large\"><img loading=\"lazy\" decoding=\"async\" width=\"1024\" height=\"341\" src=\"https:\/\/saludnl.gob.mx\/regulacion-sanitaria\/wp-content\/uploads\/2023\/10\/Insumos-1-1024x341.png\" alt=\"\" class=\"wp-image-17171\" srcset=\"https:\/\/saludnl.gob.mx\/regulacion-sanitaria\/wp-content\/uploads\/2023\/10\/Insumos-1-1024x341.png 1024w, https:\/\/saludnl.gob.mx\/regulacion-sanitaria\/wp-content\/uploads\/2023\/10\/Insumos-1-300x100.png 300w, https:\/\/saludnl.gob.mx\/regulacion-sanitaria\/wp-content\/uploads\/2023\/10\/Insumos-1-768x256.png 768w, https:\/\/saludnl.gob.mx\/regulacion-sanitaria\/wp-content\/uploads\/2023\/10\/Insumos-1.png 1200w\" sizes=\"auto, (max-width: 1024px) 100vw, 1024px\" \/><\/figure>\n\n\n<p>\u00a0<\/p>\n<h1><span style=\"color: #00ccff;\">Consulta los requisitos para completar tu tr\u00e1mite en l\u00ednea<\/span><\/h1>\n<h3 style=\"text-align: left;\"><strong>Para completar tu tr\u00e1mite, es necesario proporcionar informaci\u00f3n sobre el propietario, establecimiento, responsable sanitario y producto o servicio. As\u00ed como firma electr\u00f3nica del propietario o responsable legal y del responsable sanitario.<\/strong><\/h3>\n<h2 style=\"text-align: left;\"><strong>Requisitos documentales generales<\/strong><\/h2>\n<p style=\"text-align: left;\">En caso de personas f\u00edsicas:<\/p>\n<ul style=\"text-align: left;\">\n<li>Identificaci\u00f3n oficial del propietario (Credencial del Instituto Nacional Electoral (INE) o pasaporte vigente o cartilla del servicio militar nacional o licencia de manejo).<\/li>\n<li>Identificaci\u00f3n oficial de las personas autorizadas (Credencial del Instituto Nacional Electoral (INE) o pasaporte vigente o cartilla del servicio militar nacional o licencia de manejo).<\/li>\n<\/ul>\n<h2 style=\"text-align: left;\"><strong>Designaci\u00f3n temporal de responsable sanitaria de insumos para la salud. \/ Aviso de responsable sanitario de insumos para la salud del establecimiento que opera con licencia sanitaria<\/strong><\/h2>\n<p style=\"text-align: left;\">Para iniciar este tr\u00e1mite, es necesario proporcionar el n\u00famero de licencia sanitaria* y el acuse que lo acredita o el n\u00famero de tr\u00e1mite de solicitud de licencia y el acuse de la solicitud. As\u00ed como firma electr\u00f3nica del propietario o representante legal y del responsable sanitario.<\/p>\n<p style=\"text-align: left;\"><em>*La licencia sanitaria es una autorizaci\u00f3n que se otorga si se cumplen las condiciones sanitarias de un establecimiento. Cualquier modificaci\u00f3n a lo autorizado requiere previa autorizaci\u00f3n y los cambios de domicilio implican solicitud de nueva licencia, sin embargo, los datos que pueden ser actualizados a trav\u00e9s de un aviso de responsable sanitario de insumos para la salud del establecimiento que opera con licencia sanitaria, son aquellos datos que no se encuentran indicados en la licencia sanitaria; por ejemplo, el domicilio del propietario, datos fiscales, entre otros.<\/em><\/p>\n<h2><strong>Alta y Modificaci\u00f3n de Aviso de funcionamiento y de Responsable sanitario del Establecimiento de insumos para la Salud<\/strong><\/h2>\n<h3><strong>(COFEPRIS-05-006) (COFEPRIS-05-007)<\/strong><\/h3>\n<ul style=\"text-align: left;\">\n<li><a href=\"https:\/\/www.gob.mx\/cms\/uploads\/attachment\/file\/774795\/Man_Dig_506-507_31oct_22.pdf\">Manual<\/a><\/li>\n<li><a href=\"https:\/\/youtu.be\/wYG1H8eLBVY\">Video tutorial\u00a0<\/a><\/li>\n<\/ul>\n<h3>\u00a0<\/h3>\n<h2><strong>Aviso de responsable sanitario de insumos para la salud del establecimiento que opera con licencia sanitaria<\/strong><\/h2>\n<h3 style=\"text-align: left;\"><strong>(COFEPRIS-05-011) (COFEPRIS-05-012) (COFEPRIS-05-013)<\/strong><\/h3>\n<ul style=\"text-align: left;\">\n<li><a href=\"https:\/\/www.gob.mx\/cms\/uploads\/attachment\/file\/768963\/Man_511-12y13.pdf\">Manual\u00a0<\/a><\/li>\n<li><a href=\"https:\/\/youtu.be\/YE2xDhZJx7o\">Video tutorial<\/a><\/li>\n<\/ul>\n<h3>\u00a0<\/h3>\n<h2><strong>Manual de funcionalidades DIGIPRiS Tr\u00e1mites Autogestivos<\/strong><\/h2>\n<ul>\n<li><a href=\"https:\/\/www.gob.mx\/cms\/uploads\/attachment\/file\/773459\/DIGIPRiS_manual_funcionalidad_31oct22.pdf\">Manual\u00a0<\/a><\/li>\n<\/ul>","protected":false},"excerpt":{"rendered":"<p>\u00a0 Consulta los requisitos para completar tu tr\u00e1mite en l\u00ednea Para completar tu tr\u00e1mite, es necesario proporcionar informaci\u00f3n sobre el propietario, establecimiento, responsable sanitario y producto o servicio. As\u00ed como firma electr\u00f3nica del propietario o responsable legal y del responsable sanitario. Requisitos documentales generales En caso de personas f\u00edsicas: Identificaci\u00f3n oficial del propietario (Credencial del [&hellip;]<\/p>\n","protected":false},"author":5,"featured_media":0,"parent":11335,"menu_order":0,"comment_status":"closed","ping_status":"closed","template":"","meta":{"footnotes":""},"class_list":["post-13106","page","type-page","status-publish","hentry"],"_links":{"self":[{"href":"https:\/\/saludnl.gob.mx\/regulacion-sanitaria\/index.php\/wp-json\/wp\/v2\/pages\/13106","targetHints":{"allow":["GET"]}}],"collection":[{"href":"https:\/\/saludnl.gob.mx\/regulacion-sanitaria\/index.php\/wp-json\/wp\/v2\/pages"}],"about":[{"href":"https:\/\/saludnl.gob.mx\/regulacion-sanitaria\/index.php\/wp-json\/wp\/v2\/types\/page"}],"author":[{"embeddable":true,"href":"https:\/\/saludnl.gob.mx\/regulacion-sanitaria\/index.php\/wp-json\/wp\/v2\/users\/5"}],"replies":[{"embeddable":true,"href":"https:\/\/saludnl.gob.mx\/regulacion-sanitaria\/index.php\/wp-json\/wp\/v2\/comments?post=13106"}],"version-history":[{"count":7,"href":"https:\/\/saludnl.gob.mx\/regulacion-sanitaria\/index.php\/wp-json\/wp\/v2\/pages\/13106\/revisions"}],"predecessor-version":[{"id":17180,"href":"https:\/\/saludnl.gob.mx\/regulacion-sanitaria\/index.php\/wp-json\/wp\/v2\/pages\/13106\/revisions\/17180"}],"up":[{"embeddable":true,"href":"https:\/\/saludnl.gob.mx\/regulacion-sanitaria\/index.php\/wp-json\/wp\/v2\/pages\/11335"}],"wp:attachment":[{"href":"https:\/\/saludnl.gob.mx\/regulacion-sanitaria\/index.php\/wp-json\/wp\/v2\/media?parent=13106"}],"curies":[{"name":"wp","href":"https:\/\/api.w.org\/{rel}","templated":true}]}}