{"id":12895,"date":"2023-02-02T14:28:34","date_gmt":"2023-02-02T20:28:34","guid":{"rendered":"https:\/\/saludnl.gob.mx\/regulacion-sanitaria\/?page_id=12895"},"modified":"2026-03-03T09:26:47","modified_gmt":"2026-03-03T15:26:47","slug":"tramites-2","status":"publish","type":"page","link":"https:\/\/saludnl.gob.mx\/regulacion-sanitaria\/index.php\/tramites-2\/","title":{"rendered":"Tr\u00e1mites"},"content":{"rendered":"<h3><img loading=\"lazy\" decoding=\"async\" class=\"size-full wp-image-30837 aligncenter\" src=\"https:\/\/saludnl.gob.mx\/regulacion-sanitaria\/wp-content\/uploads\/2026\/01\/WhatsApp-Image-2026-01-28-at-4.38.04-PM.jpeg\" alt=\"\" width=\"1600\" height=\"538\" srcset=\"https:\/\/saludnl.gob.mx\/regulacion-sanitaria\/wp-content\/uploads\/2026\/01\/WhatsApp-Image-2026-01-28-at-4.38.04-PM.jpeg 1600w, https:\/\/saludnl.gob.mx\/regulacion-sanitaria\/wp-content\/uploads\/2026\/01\/WhatsApp-Image-2026-01-28-at-4.38.04-PM-300x101.jpeg 300w, https:\/\/saludnl.gob.mx\/regulacion-sanitaria\/wp-content\/uploads\/2026\/01\/WhatsApp-Image-2026-01-28-at-4.38.04-PM-1024x344.jpeg 1024w, https:\/\/saludnl.gob.mx\/regulacion-sanitaria\/wp-content\/uploads\/2026\/01\/WhatsApp-Image-2026-01-28-at-4.38.04-PM-768x258.jpeg 768w, https:\/\/saludnl.gob.mx\/regulacion-sanitaria\/wp-content\/uploads\/2026\/01\/WhatsApp-Image-2026-01-28-at-4.38.04-PM-1536x516.jpeg 1536w\" sizes=\"auto, (max-width: 1600px) 100vw, 1600px\" \/><\/h3>\n<h3 class=\"wp-block-heading has-text-align-center\">D\u00edas y horarios de atenci\u00f3n:\u00a0 Lunes a Viernes\u00a0 de 8:00 a 16:00 horas<\/h3>\n<h3 class=\"wp-block-heading has-text-align-center\">Horario de recepci\u00f3n de documentos: Lunes a Viernes\u00a0 de 8:00 a 15:00 horas<\/h3>\n<h4 style=\"text-align: center;\">\u00a0<\/h4>\n\n\n<figure class=\"wp-block-gallery has-nested-images columns-default is-cropped wp-block-gallery-1 is-layout-flex wp-block-gallery-is-layout-flex\">\n<figure class=\"wp-block-image size-large\"><a href=\"https:\/\/saludnl.gob.mx\/regulacion-sanitaria\/index.php\/tramites-de-servicios-de-salud\/\"><img loading=\"lazy\" decoding=\"async\" width=\"400\" height=\"400\" data-id=\"30815\" src=\"https:\/\/saludnl.gob.mx\/regulacion-sanitaria\/wp-content\/uploads\/2026\/01\/SERVICIOS-DE-SALUD.png\" alt=\"\" class=\"wp-image-30815\" srcset=\"https:\/\/saludnl.gob.mx\/regulacion-sanitaria\/wp-content\/uploads\/2026\/01\/SERVICIOS-DE-SALUD.png 400w, https:\/\/saludnl.gob.mx\/regulacion-sanitaria\/wp-content\/uploads\/2026\/01\/SERVICIOS-DE-SALUD-300x300.png 300w, https:\/\/saludnl.gob.mx\/regulacion-sanitaria\/wp-content\/uploads\/2026\/01\/SERVICIOS-DE-SALUD-150x150.png 150w\" sizes=\"auto, (max-width: 400px) 100vw, 400px\" \/><\/a><\/figure>\n\n\n\n<figure class=\"wp-block-image size-large\"><a href=\"https:\/\/saludnl.gob.mx\/regulacion-sanitaria\/index.php\/tramites-salud-ambiental-y-ocupacional\/\"><img loading=\"lazy\" decoding=\"async\" width=\"400\" height=\"400\" data-id=\"30814\" src=\"https:\/\/saludnl.gob.mx\/regulacion-sanitaria\/wp-content\/uploads\/2026\/01\/SAYO.png\" alt=\"\" class=\"wp-image-30814\" srcset=\"https:\/\/saludnl.gob.mx\/regulacion-sanitaria\/wp-content\/uploads\/2026\/01\/SAYO.png 400w, https:\/\/saludnl.gob.mx\/regulacion-sanitaria\/wp-content\/uploads\/2026\/01\/SAYO-300x300.png 300w, https:\/\/saludnl.gob.mx\/regulacion-sanitaria\/wp-content\/uploads\/2026\/01\/SAYO-150x150.png 150w\" sizes=\"auto, (max-width: 400px) 100vw, 400px\" \/><\/a><\/figure>\n\n\n\n<figure class=\"wp-block-image size-large\"><a href=\"https:\/\/saludnl.gob.mx\/regulacion-sanitaria\/index.php\/tramites-de-publicidad-regulatoria\/\"><img loading=\"lazy\" decoding=\"async\" width=\"400\" height=\"400\" data-id=\"30813\" src=\"https:\/\/saludnl.gob.mx\/regulacion-sanitaria\/wp-content\/uploads\/2026\/01\/PUBLICIDAD.png\" alt=\"\" class=\"wp-image-30813\" srcset=\"https:\/\/saludnl.gob.mx\/regulacion-sanitaria\/wp-content\/uploads\/2026\/01\/PUBLICIDAD.png 400w, https:\/\/saludnl.gob.mx\/regulacion-sanitaria\/wp-content\/uploads\/2026\/01\/PUBLICIDAD-300x300.png 300w, https:\/\/saludnl.gob.mx\/regulacion-sanitaria\/wp-content\/uploads\/2026\/01\/PUBLICIDAD-150x150.png 150w\" sizes=\"auto, (max-width: 400px) 100vw, 400px\" \/><\/a><\/figure>\n\n\n\n<figure class=\"wp-block-image size-large\"><a href=\"https:\/\/saludnl.gob.mx\/regulacion-sanitaria\/index.php\/tramites-insumos-para-la-salud\/\"><img loading=\"lazy\" decoding=\"async\" width=\"400\" height=\"400\" data-id=\"30812\" src=\"https:\/\/saludnl.gob.mx\/regulacion-sanitaria\/wp-content\/uploads\/2026\/01\/INSUMOS.png\" alt=\"\" class=\"wp-image-30812\" srcset=\"https:\/\/saludnl.gob.mx\/regulacion-sanitaria\/wp-content\/uploads\/2026\/01\/INSUMOS.png 400w, https:\/\/saludnl.gob.mx\/regulacion-sanitaria\/wp-content\/uploads\/2026\/01\/INSUMOS-300x300.png 300w, https:\/\/saludnl.gob.mx\/regulacion-sanitaria\/wp-content\/uploads\/2026\/01\/INSUMOS-150x150.png 150w\" sizes=\"auto, (max-width: 400px) 100vw, 400px\" \/><\/a><\/figure>\n\n\n\n<figure class=\"wp-block-image size-large\"><a href=\"https:\/\/saludnl.gob.mx\/regulacion-sanitaria\/index.php\/tramites-comercio-exterior\/\"><img loading=\"lazy\" decoding=\"async\" width=\"400\" height=\"400\" data-id=\"30811\" src=\"https:\/\/saludnl.gob.mx\/regulacion-sanitaria\/wp-content\/uploads\/2026\/01\/COMERCIO.png\" alt=\"\" class=\"wp-image-30811\" srcset=\"https:\/\/saludnl.gob.mx\/regulacion-sanitaria\/wp-content\/uploads\/2026\/01\/COMERCIO.png 400w, https:\/\/saludnl.gob.mx\/regulacion-sanitaria\/wp-content\/uploads\/2026\/01\/COMERCIO-300x300.png 300w, https:\/\/saludnl.gob.mx\/regulacion-sanitaria\/wp-content\/uploads\/2026\/01\/COMERCIO-150x150.png 150w\" sizes=\"auto, (max-width: 400px) 100vw, 400px\" \/><\/a><\/figure>\n\n\n\n<figure class=\"wp-block-image size-large\"><a href=\"https:\/\/www.gob.mx\/cofepris\/es\/acciones-y-programas\/tipo\"><img loading=\"lazy\" decoding=\"async\" width=\"400\" height=\"400\" data-id=\"30823\" src=\"https:\/\/saludnl.gob.mx\/regulacion-sanitaria\/wp-content\/uploads\/2026\/01\/OTROS-TRAMITES.png\" alt=\"\" class=\"wp-image-30823\" srcset=\"https:\/\/saludnl.gob.mx\/regulacion-sanitaria\/wp-content\/uploads\/2026\/01\/OTROS-TRAMITES.png 400w, https:\/\/saludnl.gob.mx\/regulacion-sanitaria\/wp-content\/uploads\/2026\/01\/OTROS-TRAMITES-300x300.png 300w, https:\/\/saludnl.gob.mx\/regulacion-sanitaria\/wp-content\/uploads\/2026\/01\/OTROS-TRAMITES-150x150.png 150w\" sizes=\"auto, (max-width: 400px) 100vw, 400px\" \/><\/a><\/figure>\n<\/figure>\n\n\n\n<hr class=\"wp-block-separator has-alpha-channel-opacity\"\/>\n\n\n\n<h3 class=\"wp-block-heading\">Formatos Vigentes:<\/h3>\n\n\n\n<ul class=\"wp-block-list\">\n<li><a href=\"https:\/\/www.gob.mx\/cofepris\/acciones-y-programas\/formatos-vigentes?idiom=es\">Los formatos presentados en esta p\u00e1gina son los vigentes (Actualizaci\u00f3n enero 2026) <\/a><\/li>\n<\/ul>\n\n\n\n<h3 class=\"wp-block-heading\">Pago de Derechos:<\/h3>\n\n\n\n<ul class=\"wp-block-list\">\n<li><a href=\"https:\/\/saludnl.gob.mx\/regulacion-sanitaria\/?sdm_process_download=1&amp;download_id=30714\">Consulta de Pagos de Derechos Vigente 2026<\/a><\/li>\n\n\n\n<li><a href=\"https:\/\/tramiteselectronicos04.cofepris.gob.mx\/e5cinco\/\">Ayuda para la Generaci\u00f3n Del Formato de Pago de Derechos<\/a>.<\/li>\n<\/ul>\n\n\n\n<hr class=\"wp-block-separator has-alpha-channel-opacity\"\/>\n\n\n\n<h3 class=\"wp-block-heading\">Sistema de Clasificaci\u00f3n Industrial de Am\u00e9rica del Norte (SCIAN).<\/h3>\n\n\n\n<ul class=\"wp-block-list\">\n<li><a href=\"https:\/\/www.inegi.org.mx\/scian\/\">Clasifica tu establecimiento por SCIAN.<\/a><\/li>\n\n\n\n<li><a href=\"https:\/\/www.gob.mx\/cofepris\/documentos\/sistema-de-clasificacion-industrial-de-america-del-norte-scian\">Consulta las actividades, productos y establecimientos sujetos a presentaci\u00f3n de Aviso de Funcionamiento o que requieren Licencia Sanitaria.<\/a><\/li>\n<\/ul>\n\n\n\n<hr class=\"wp-block-separator has-alpha-channel-opacity\"\/>\n\n\n\n<h3 class=\"wp-block-heading\">Consulta los tr\u00e1mites competencia de la Subsecretar\u00eda de Regulaci\u00f3n y Fomento Sanitario.<\/h3>\n\n\n\n<p><a href=\"https:\/\/dof.gob.mx\/nota_detalle.php?codigo=5710278&amp;fecha=04\/12\/2023#gsc.tab=0\">ACUERDO de Coordinaci\u00f3n para el ejercicio de facultades en materia de control y fomento sanitarios, que celebran la Secretar\u00eda de Salud, con la participaci\u00f3n de la Comisi\u00f3n Federal para la Protecci\u00f3n contra Riesgos Sanitarios, y el Estado de Nuevo Le\u00f3n.<\/a><\/p>\n\n\n\n<p><\/p>\n\n\n\n<h3 class=\"wp-block-heading has-text-align-center\"><strong>Consulta los tr\u00e1mites y los tiempos de atenci\u00f3n de competencia de la Subsecretar\u00eda de Regulaci\u00f3n y Fomento Sanitario.<\/strong><\/h3>\n\n\n\n<h3 class=\"wp-block-heading\" style=\"font-size:15px\"><\/h3>\n\n\n<div class=\"wp-block-image\">\n<figure class=\"aligncenter size-full\"><a href=\"https:\/\/saludnl.gob.mx\/regulacion-sanitaria\/?page_id=30842&amp;preview=true\"><img loading=\"lazy\" decoding=\"async\" width=\"400\" height=\"400\" src=\"https:\/\/saludnl.gob.mx\/regulacion-sanitaria\/wp-content\/uploads\/2026\/01\/ACUERDOS-DE-SIMPLIFICACION.png\" alt=\"\" class=\"wp-image-30841\" srcset=\"https:\/\/saludnl.gob.mx\/regulacion-sanitaria\/wp-content\/uploads\/2026\/01\/ACUERDOS-DE-SIMPLIFICACION.png 400w, https:\/\/saludnl.gob.mx\/regulacion-sanitaria\/wp-content\/uploads\/2026\/01\/ACUERDOS-DE-SIMPLIFICACION-300x300.png 300w, https:\/\/saludnl.gob.mx\/regulacion-sanitaria\/wp-content\/uploads\/2026\/01\/ACUERDOS-DE-SIMPLIFICACION-150x150.png 150w\" sizes=\"auto, (max-width: 400px) 100vw, 400px\" \/><\/a><\/figure>\n<\/div>\n\n\n<div class=\"wp-block-group\"><div class=\"wp-block-group__inner-container is-layout-constrained wp-block-group-is-layout-constrained\">\n<p style=\"font-size:15px\">NOTA: TODOS LOS TR\u00c1MITES QUE SE LLEVAN A CABO EN LA SUBSECRETAR\u00cdA DE REGULACI\u00d3N Y FOMENTO SANITARIO SON DE CAR\u00c1CTER FEDERAL. <\/p>\n<\/div><\/div>\n","protected":false},"excerpt":{"rendered":"<p>D\u00edas y horarios de atenci\u00f3n:\u00a0 Lunes a Viernes\u00a0 de 8:00 a 16:00 horas Horario de recepci\u00f3n de documentos: Lunes a Viernes\u00a0 de 8:00 a 15:00 horas \u00a0 Formatos Vigentes: Pago de Derechos: Sistema de Clasificaci\u00f3n Industrial de Am\u00e9rica del Norte (SCIAN). Consulta los tr\u00e1mites competencia de la Subsecretar\u00eda de Regulaci\u00f3n y Fomento Sanitario. ACUERDO de [&hellip;]<\/p>\n","protected":false},"author":5,"featured_media":0,"parent":0,"menu_order":0,"comment_status":"closed","ping_status":"closed","template":"","meta":{"footnotes":""},"class_list":["post-12895","page","type-page","status-publish","hentry"],"_links":{"self":[{"href":"https:\/\/saludnl.gob.mx\/regulacion-sanitaria\/index.php\/wp-json\/wp\/v2\/pages\/12895","targetHints":{"allow":["GET"]}}],"collection":[{"href":"https:\/\/saludnl.gob.mx\/regulacion-sanitaria\/index.php\/wp-json\/wp\/v2\/pages"}],"about":[{"href":"https:\/\/saludnl.gob.mx\/regulacion-sanitaria\/index.php\/wp-json\/wp\/v2\/types\/page"}],"author":[{"embeddable":true,"href":"https:\/\/saludnl.gob.mx\/regulacion-sanitaria\/index.php\/wp-json\/wp\/v2\/users\/5"}],"replies":[{"embeddable":true,"href":"https:\/\/saludnl.gob.mx\/regulacion-sanitaria\/index.php\/wp-json\/wp\/v2\/comments?post=12895"}],"version-history":[{"count":59,"href":"https:\/\/saludnl.gob.mx\/regulacion-sanitaria\/index.php\/wp-json\/wp\/v2\/pages\/12895\/revisions"}],"predecessor-version":[{"id":31090,"href":"https:\/\/saludnl.gob.mx\/regulacion-sanitaria\/index.php\/wp-json\/wp\/v2\/pages\/12895\/revisions\/31090"}],"wp:attachment":[{"href":"https:\/\/saludnl.gob.mx\/regulacion-sanitaria\/index.php\/wp-json\/wp\/v2\/media?parent=12895"}],"curies":[{"name":"wp","href":"https:\/\/api.w.org\/{rel}","templated":true}]}}