{"id":1275,"date":"2019-10-13T18:56:23","date_gmt":"2019-10-13T23:56:23","guid":{"rendered":"http:\/\/saludnl.gob.mx\/regulacion-sanitaria\/?page_id=1275"},"modified":"2024-05-09T10:39:35","modified_gmt":"2024-05-09T15:39:35","slug":"autorizaciones","status":"publish","type":"page","link":"https:\/\/saludnl.gob.mx\/regulacion-sanitaria\/index.php\/autorizaciones\/","title":{"rendered":"Autorizaciones"},"content":{"rendered":"<p>En esta secci\u00f3n dando click en la materia de su inter\u00e9s encontrar\u00e1 las <strong>Autorizaciones<\/strong> emitidas por las entidades federativas en coordinaci\u00f3n con la <strong>Comisi\u00f3n Federal para la Protecci\u00f3n contra Riesgos Sanitarios:<\/strong><\/p>\n<ul>\n<li><a href=\"https:\/\/www.gob.mx\/cofepris\/acciones-y-programas\/licencias-sanitarias-emitidas-a-establecimientos-d-ei\"><strong>Insumos para la Salud<\/strong>.<\/a> La fabricaci\u00f3n, almacenamiento, distribuci\u00f3n, y venta de medicamentos y\/o productos biol\u00f3gicos para uso humano,<\/li>\n<li><a href=\"https:\/\/www.gob.mx\/cofepris\/acciones-y-programas\/licencias-salud-ambiental\"><strong>Salud Ambiental<\/strong><\/a>. La fabricaci\u00f3n de plaguicidas y nutrientes vegetales, el control de plagas urbanas, y la fabricaci\u00f3n y\/o importaci\u00f3n de productos del tabaco.<\/li>\n<li><a href=\"https:\/\/www.gob.mx\/cofepris\/acciones-y-programas\/licencias-sanitarias-de-servicios-de-salud\"><strong>Servicios de Salud<\/strong><\/a>. Estableciemintos con actividades espec\u00edfica de atenci\u00f3n m\u00e9dica y actividades relacionadas a la salud.<\/li>\n<\/ul>\n<h3>Autorizaciones emitidas por la Subsecretar\u00eda de Regulaci\u00f3n y Fomento Sanitario.<\/h3>\n<p>Autorizaciones emitidas por la Subsecretar\u00eda de Regulaci\u00f3n y Fomento Sanitario mediante el <a href=\"https:\/\/dof.gob.mx\/nota_detalle.php?codigo=5710278&amp;fecha=04\/12\/2023#gsc.tab=0\">Acuerdo de Coordinaci\u00f3n para el ejercicio de facultades en materia de control y fomento sanitarios, que celebran la Secretar\u00eda de Salud, con la participaci\u00f3n de la Comisi\u00f3n Federal para la Protecci\u00f3n contra Riesgos Sanitarios, y el Estado de Nuevo Le\u00f3n<\/a>. Publicado el <b>04\/12\/2023.<\/b><\/p>\n<div class=\"sdm_download_item \"><div class=\"sdm_download_item_top\"><div class=\"sdm_download_thumbnail\"><\/div><div class=\"sdm_download_title\">Licencias de control de plagas activas.<\/div><\/div><div style=\"clear:both;\"><\/div><div class=\"sdm_download_description\"><p>Licencias de Control de Plagas activas emitidas por la Subsecretar\u00eda de Regulaci\u00f3n y Fomento Sanitario.<\/p>\n<p>Actualizaci\u00f3n marzo 2026<\/p>\n<\/div><div class=\"sdm_download_link\"><span class=\"sdm_download_button\"><a href=\"https:\/\/saludnl.gob.mx\/regulacion-sanitaria\/?sdm_process_download=1&download_id=19935\" class=\"sdm_download blue\" title=\"Licencias de control de plagas activas.\" target=\"_self\">Descarga ahora<\/a><\/span><span class=\"sdm_download_item_count\"><span class=\"sdm_item_count_number\">1908<\/span><span class=\"sdm_item_count_string\"> Downloads<\/span><\/span><\/div><\/div><div class=\"sdm_clear_float\"><\/div>\n","protected":false},"excerpt":{"rendered":"<p>En esta secci\u00f3n dando click en la materia de su inter\u00e9s encontrar\u00e1 las Autorizaciones emitidas por las entidades federativas en coordinaci\u00f3n con la Comisi\u00f3n Federal para la Protecci\u00f3n contra Riesgos Sanitarios: Insumos para la Salud. La fabricaci\u00f3n, almacenamiento, distribuci\u00f3n, y venta de medicamentos y\/o productos biol\u00f3gicos para uso humano, Salud Ambiental. La fabricaci\u00f3n de plaguicidas [&hellip;]<\/p>\n","protected":false},"author":5,"featured_media":0,"parent":0,"menu_order":0,"comment_status":"closed","ping_status":"closed","template":"","meta":{"footnotes":""},"class_list":["post-1275","page","type-page","status-publish","hentry"],"_links":{"self":[{"href":"https:\/\/saludnl.gob.mx\/regulacion-sanitaria\/index.php\/wp-json\/wp\/v2\/pages\/1275","targetHints":{"allow":["GET"]}}],"collection":[{"href":"https:\/\/saludnl.gob.mx\/regulacion-sanitaria\/index.php\/wp-json\/wp\/v2\/pages"}],"about":[{"href":"https:\/\/saludnl.gob.mx\/regulacion-sanitaria\/index.php\/wp-json\/wp\/v2\/types\/page"}],"author":[{"embeddable":true,"href":"https:\/\/saludnl.gob.mx\/regulacion-sanitaria\/index.php\/wp-json\/wp\/v2\/users\/5"}],"replies":[{"embeddable":true,"href":"https:\/\/saludnl.gob.mx\/regulacion-sanitaria\/index.php\/wp-json\/wp\/v2\/comments?post=1275"}],"version-history":[{"count":7,"href":"https:\/\/saludnl.gob.mx\/regulacion-sanitaria\/index.php\/wp-json\/wp\/v2\/pages\/1275\/revisions"}],"predecessor-version":[{"id":19947,"href":"https:\/\/saludnl.gob.mx\/regulacion-sanitaria\/index.php\/wp-json\/wp\/v2\/pages\/1275\/revisions\/19947"}],"wp:attachment":[{"href":"https:\/\/saludnl.gob.mx\/regulacion-sanitaria\/index.php\/wp-json\/wp\/v2\/media?parent=1275"}],"curies":[{"name":"wp","href":"https:\/\/api.w.org\/{rel}","templated":true}]}}