{"id":12335,"date":"2023-01-05T11:40:12","date_gmt":"2023-01-05T17:40:12","guid":{"rendered":"https:\/\/saludnl.gob.mx\/regulacion-sanitaria\/?page_id=12335"},"modified":"2023-08-29T11:47:50","modified_gmt":"2023-08-29T16:47:50","slug":"alertas-sanitarias-2021","status":"publish","type":"page","link":"https:\/\/saludnl.gob.mx\/regulacion-sanitaria\/index.php\/alertas-sanitarias-2021\/","title":{"rendered":"Comunicados y Alertas Sanitarias 2021"},"content":{"rendered":"<p><img loading=\"lazy\" decoding=\"async\" class=\"alignnone size-full wp-image-12338\" src=\"https:\/\/saludnl.gob.mx\/regulacion-sanitaria\/wp-content\/uploads\/2023\/01\/WhatsApp-Image-2023-01-05-at-10.43.29.jpeg\" alt=\"\" width=\"1200\" height=\"400\" srcset=\"https:\/\/saludnl.gob.mx\/regulacion-sanitaria\/wp-content\/uploads\/2023\/01\/WhatsApp-Image-2023-01-05-at-10.43.29.jpeg 1200w, https:\/\/saludnl.gob.mx\/regulacion-sanitaria\/wp-content\/uploads\/2023\/01\/WhatsApp-Image-2023-01-05-at-10.43.29-300x100.jpeg 300w, https:\/\/saludnl.gob.mx\/regulacion-sanitaria\/wp-content\/uploads\/2023\/01\/WhatsApp-Image-2023-01-05-at-10.43.29-1024x341.jpeg 1024w, https:\/\/saludnl.gob.mx\/regulacion-sanitaria\/wp-content\/uploads\/2023\/01\/WhatsApp-Image-2023-01-05-at-10.43.29-768x256.jpeg 768w\" sizes=\"auto, (max-width: 1200px) 100vw, 1200px\" \/><\/p>\n<p><em>Las presentes alertas se emiten \u00fanica y exclusivamente con fines de difusi\u00f3n y est\u00e1n dirigida a la poblaci\u00f3n en general, por lo cual no representan una resoluci\u00f3n que autorice, prorrogue, revoque autorizaciones sanitarias o represente un pronunciamiento definitivo que involucre la imposici\u00f3n inminente de sanciones administrativas ni medidas de seguridad preventivas o correctivas.<\/em><\/p>\n<p><strong>Noviembre 2021<\/strong><\/p>\n<ol>\n<li>Cofepris y Conadic emiten alerta sanitaria para vapeadores y productos emergentes de tabaco: ocasionan graves da\u00f1os a la salud. <a href=\"https:\/\/www.gob.mx\/cofepris\/articulos\/cofepris-y-conadic-emiten-alerta-sanitaria-para-vapeadores-y-productos-emergentes-de-tabaco-ocasionan-graves-danos-a-la-salud?state=published\">Ver nota completa.\u00a0<\/a><\/li>\n<li>Cofepris emite alertas sanitarias contra cinco productos enga\u00f1o (antes conocidos como \u201cproductos milagros\u201d). <a href=\"https:\/\/www.gob.mx\/cofepris\/es\/articulos\/cofepris-emite-alertas-sanitarias-contra-cinco-productos-engano?idiom=es\">Ver nota completa<\/a><\/li>\n<li>Cofepris informa sobre hallazgo de productos falsificados y adulterados en dos farmacias del Estado de M\u00e9xico. <a href=\"https:\/\/www.gob.mx\/cofepris\/es\/articulos\/cofepris-informa-sobre-hallazgo-de-productos-falsificados-y-adulterados-en-dos-farmacias-del-estado-de-mexico?idiom=es\">Ver nota completa.<\/a><\/li>\n<\/ol>\n<p><strong>Diciembre 2021<\/strong><\/p>\n<ol>\n<li>ALERTA SANITARIA &#8211; Como resultado del an\u00e1lisis t\u00e9cnico y acciones de vigilancia, la Comisi\u00f3n Federal para la Protecci\u00f3n contra Riesgos Sanitarios (Cofepris), determin\u00f3 que \u201cZol-Z Pantoprazol\u201d y cualquier otro producto comercializado por la empresa Productos Medzena, S.A. de C.V., es irregular ya que carece de licencia sanitaria. <a href=\"https:\/\/www.gob.mx\/cofepris\/articulos\/zol-z-pantoprazol-y-cualquier-otro-producto-comercializado-por-medzena-s-a-de-c-v-es-irregular?state=published&amp;fbclid=IwAR0FM0BkyIbCVQQd7SPJURtwMGsuapaJ_J5dAPctWvg3nOD2fG2_SEou8zs\">Ver nota completa<\/a>.<\/li>\n<li>Cofepris alerta sobre falsificaci\u00f3n de lotes de cinco medicamentos.\u00a0Los medicamentos identificados son Herceptin (trastuzumab), Avastin (bevacizumab), Relacum (midazolam), Bridion (sugammadex) y Krytantek Ofteno (dorzolamida, timolol, brimonidina). <a href=\"https:\/\/www.gob.mx\/cofepris\/articulos\/cofepris-alerta-sobre-falsificacion-de-lotes-de-cinco-medicamentos?state=published&amp;fbclid=IwAR0MvaM9AaVMK_DQS9YCSN7qP_k62ektv3e3qvAl1GkAggLsunErnCF1Sc8\">Ver nota completa.<\/a><\/li>\n<\/ol>\n","protected":false},"excerpt":{"rendered":"<p>Las presentes alertas se emiten \u00fanica y exclusivamente con fines de difusi\u00f3n y est\u00e1n dirigida a la poblaci\u00f3n en general, por lo cual no representan una resoluci\u00f3n que autorice, prorrogue, revoque autorizaciones sanitarias o represente un pronunciamiento definitivo que involucre la imposici\u00f3n inminente de sanciones administrativas ni medidas de seguridad preventivas o correctivas. Noviembre 2021 [&hellip;]<\/p>\n","protected":false},"author":5,"featured_media":0,"parent":0,"menu_order":0,"comment_status":"closed","ping_status":"closed","template":"","meta":{"footnotes":""},"class_list":["post-12335","page","type-page","status-publish","hentry"],"_links":{"self":[{"href":"https:\/\/saludnl.gob.mx\/regulacion-sanitaria\/index.php\/wp-json\/wp\/v2\/pages\/12335","targetHints":{"allow":["GET"]}}],"collection":[{"href":"https:\/\/saludnl.gob.mx\/regulacion-sanitaria\/index.php\/wp-json\/wp\/v2\/pages"}],"about":[{"href":"https:\/\/saludnl.gob.mx\/regulacion-sanitaria\/index.php\/wp-json\/wp\/v2\/types\/page"}],"author":[{"embeddable":true,"href":"https:\/\/saludnl.gob.mx\/regulacion-sanitaria\/index.php\/wp-json\/wp\/v2\/users\/5"}],"replies":[{"embeddable":true,"href":"https:\/\/saludnl.gob.mx\/regulacion-sanitaria\/index.php\/wp-json\/wp\/v2\/comments?post=12335"}],"version-history":[{"count":3,"href":"https:\/\/saludnl.gob.mx\/regulacion-sanitaria\/index.php\/wp-json\/wp\/v2\/pages\/12335\/revisions"}],"predecessor-version":[{"id":15591,"href":"https:\/\/saludnl.gob.mx\/regulacion-sanitaria\/index.php\/wp-json\/wp\/v2\/pages\/12335\/revisions\/15591"}],"wp:attachment":[{"href":"https:\/\/saludnl.gob.mx\/regulacion-sanitaria\/index.php\/wp-json\/wp\/v2\/media?parent=12335"}],"curies":[{"name":"wp","href":"https:\/\/api.w.org\/{rel}","templated":true}]}}