{"id":11335,"date":"2022-10-24T11:17:21","date_gmt":"2022-10-24T16:17:21","guid":{"rendered":"https:\/\/saludnl.gob.mx\/regulacion-sanitaria\/?page_id=11335"},"modified":"2024-03-02T07:56:22","modified_gmt":"2024-03-02T13:56:22","slug":"digipris","status":"publish","type":"page","link":"https:\/\/saludnl.gob.mx\/regulacion-sanitaria\/index.php\/digipris\/","title":{"rendered":"DIGIPRIS"},"content":{"rendered":"\n<h2 class=\"wp-block-heading\"><\/h2>\n\n\n\n<h2 class=\"wp-block-heading\">DIGIPRiS te ofrece la opci\u00f3n de realizar tr\u00e1mites a trav\u00e9s de la web<\/h2>\n\n\n\n<p><\/p>\n\n\n<p>Con DIGIPRiS, nos dirigimos hacia:<\/p>\n<ul>\n<li>Una mayor eficiencia en la gesti\u00f3n de los tr\u00e1mites, lo que reduce la carga administrativa de la ciudadan\u00eda.<\/li>\n<li>Una transformaci\u00f3n profunda al interior de la Cofepris, en t\u00e9rminos de modernizaci\u00f3n administrativa y sustentabilidad, con el fin de convertirnos en una instituci\u00f3n 100% libre de papel.<\/li>\n<li>El ejercicio efectivo de la transparencia, la rendici\u00f3n de cuentas y el combate a la corrupci\u00f3n, al garantizar la trazabilidad de cada uno de los tr\u00e1mites.<\/li>\n<\/ul>\n<h2>\u00bfQui\u00e9nes pueden usar la plataforma?<\/h2>\n<p>La digitalizaci\u00f3n refrenda nuestro compromiso como agencia de regulaci\u00f3n sanitaria innovadora, que protege la salud de las personas en nuestro pa\u00eds. De esta forma, se optimiza y garantiza la confianza, certeza y seguridad en nuestros tr\u00e1mites y servicios.<\/p>\n<p>Por ello, a trav\u00e9s de DIGIPRiS se busca que personas f\u00edsicas y morales puedan ingresar de forma digital sus tr\u00e1mites, desde la comodidad de su hogar, negocio u oficina las 24 horas del d\u00eda, los 365 d\u00edas del a\u00f1o.<\/p>\n<h2 class=\"bottom-buffer\">DIGIPRIS &#8211; Tr\u00e1mites autogestivos<\/h2>\n<p>Los tr\u00e1mites autogestivos son aquellos que no requieren evaluaci\u00f3n por parte de la Cofepris ya que DIGIPRiS validar\u00e1 los datos que cargue el usuario dentro de esta plataforma, dando una respuesta inmediata y digital.<\/p>\n<p><a href=\"https:\/\/www.gob.mx\/cofepris\/documentos\/digipris-tramites-autogestivos?state=published\">\u00a1Consulta los manuales aqu\u00ed!<\/a><\/p>\n<p><a href=\"https:\/\/www.gob.mx\/cofepris\/acciones-y-programas\/preguntas-frecuentes-287270\">\u00a1Consulta las preguntas frecuentes aqu\u00ed!<\/a><\/p>\n<p>Reg\u00edstrate o inicia sesi\u00f3n para utilizar DIGIPRiS y realizar tus tr\u00e1mites y servicios en l\u00ednea.<\/p>\n<\/p>\n\n<div class=\"wp-block-image\">\n<figure class=\"aligncenter size-full\"><a href=\"https:\/\/digipris.cofepris.gob.mx\/\"><img loading=\"lazy\" decoding=\"async\" width=\"378\" height=\"189\" src=\"https:\/\/saludnl.gob.mx\/regulacion-sanitaria\/wp-content\/uploads\/2022\/10\/accede.jpg.png\" alt=\"\" class=\"wp-image-11345\" srcset=\"https:\/\/saludnl.gob.mx\/regulacion-sanitaria\/wp-content\/uploads\/2022\/10\/accede.jpg.png 378w, https:\/\/saludnl.gob.mx\/regulacion-sanitaria\/wp-content\/uploads\/2022\/10\/accede.jpg-300x150.png 300w\" sizes=\"auto, (max-width: 378px) 100vw, 378px\" \/><\/a><\/figure>\n<\/div>\n\n\n<p><strong>\u00a1Conoce el manual! <\/strong><\/p>\n\n\n\n<h4 class=\"wp-block-heading\"><div class=\"sdm_download_item \"><div class=\"sdm_download_item_top\"><div class=\"sdm_download_thumbnail\"><img decoding=\"async\" class=\"sdm_download_thumbnail_image\" src=\"https:\/\/saludnl.gob.mx\/regulacion-sanitaria\/wp-content\/uploads\/2022\/10\/Captura.jpg\" alt = \"Manual de Registro DIGIPRiS\" \/><\/div><div class=\"sdm_download_title\">Manual de Registro DIGIPRiS<\/div><\/div><div style=\"clear:both;\"><\/div><div class=\"sdm_download_description\"><p>Manual de Registro DIGIPRis<\/p>\n<\/div><div class=\"sdm_download_link\"><span class=\"sdm_download_button\"><a href=\"https:\/\/saludnl.gob.mx\/regulacion-sanitaria\/?sdm_process_download=1&download_id=11297\" class=\"sdm_download blue\" title=\"Manual de Registro DIGIPRiS\" target=\"_blank\">Descargar<\/a><\/span><span class=\"sdm_download_item_count\"><span class=\"sdm_item_count_number\">832<\/span><span class=\"sdm_item_count_string\"> Downloads<\/span><\/span><\/div><\/div><div class=\"sdm_clear_float\"><\/div><\/h4>\n\n\n<h2><strong>Tr\u00e1mites electr\u00f3nicos&nbsp;<\/strong><\/h2>\n<p>Tr\u00e1mites realizados v\u00eda portal de internet que pueden tener una resoluci\u00f3n en el portal \u00f3&nbsp;bien en ventanilla.&nbsp;<\/p>\n<p>*Recuerda: Los usuarios para acceder a DIGIPRiS \/ Tr\u00e1mites Electr\u00f3nicos ser\u00e1n emitidos a Representantes Legales y Responsables Sanitarios. Solic\u00edtalo a trav\u00e9s del correo digipris@cofepris.gob.mx<\/p>\n<p><a href=\"https:\/\/www.gob.mx\/cofepris\/documentos\/manuales-tramites-electronicos?state=published\">Conoce los manuales<\/a><\/p>\n<p><a href=\"https:\/\/www.gob.mx\/cofepris\/acciones-y-programas\/preguntas-frecuentes-tramites-electronicos?state=published\">Preguntas frecuentes tr\u00e1mites el\u00e9ctronicos<\/a><\/p>\n<p><a href=\"https:\/\/www.gob.mx\/cofepris\/acciones-y-programas\/preguntas-frecuentes-prorrogas?state=published\">Preguntas frecuentes pr\u00f3rrogas<\/a><\/p>\n\n<div class=\"wp-block-image\">\n<figure class=\"aligncenter size-full\"><a href=\"https:\/\/tramiteselectronicos02.cofepris.gob.mx\/Frontendnuevoportal\/login.aspx\"><img loading=\"lazy\" decoding=\"async\" width=\"378\" height=\"189\" src=\"https:\/\/saludnl.gob.mx\/regulacion-sanitaria\/wp-content\/uploads\/2022\/10\/accede-aqui.png\" alt=\"\" class=\"wp-image-11348\" srcset=\"https:\/\/saludnl.gob.mx\/regulacion-sanitaria\/wp-content\/uploads\/2022\/10\/accede-aqui.png 378w, https:\/\/saludnl.gob.mx\/regulacion-sanitaria\/wp-content\/uploads\/2022\/10\/accede-aqui-300x150.png 300w\" sizes=\"auto, (max-width: 378px) 100vw, 378px\" \/><\/a><\/figure>\n<\/div>\n\n<div class=\"sdm_download_item \"><div class=\"sdm_download_item_top\"><div class=\"sdm_download_thumbnail\"><\/div><div class=\"sdm_download_title\">Oficio Circular<\/div><\/div><div style=\"clear:both;\"><\/div><div class=\"sdm_download_description\"><p>DIRIGIDO A POBLACI\u00d3N EN GENERAL, PROPIETARIOS Y RESPONSABLES DE ESTABLECIMIENTOS P\u00daBLICOS Y PRIVADOS EN EL ESTADO DE NUEVO LE\u00d3N.<\/p>\n<p>14 de octubre de 2022<\/p>\n<\/div><div class=\"sdm_download_link\"><span class=\"sdm_download_button\"><a href=\"https:\/\/saludnl.gob.mx\/regulacion-sanitaria\/?sdm_process_download=1&download_id=11360\" class=\"sdm_download blue\" title=\"Oficio Circular\" target=\"_blank\">Descargar<\/a><\/span><span class=\"sdm_download_item_count\"><span class=\"sdm_item_count_number\">602<\/span><span class=\"sdm_item_count_string\"> Downloads<\/span><\/span><\/div><\/div><div class=\"sdm_clear_float\"><\/div>\n\n\n<p><strong>Diferencia entre tr\u00e1mites autogestivos y tr\u00e1mites electr\u00f3nicos<\/strong><\/p>\n\n\n\n<figure class=\"wp-block-embed is-type-video is-provider-youtube wp-block-embed-youtube wp-embed-aspect-16-9 wp-has-aspect-ratio\"><div class=\"wp-block-embed__wrapper\">\n<iframe loading=\"lazy\" title=\"Diferencia entre tr\u00e1mites electr\u00f3nicos y tr\u00e1mites autogestivos\" width=\"640\" height=\"360\" src=\"https:\/\/www.youtube.com\/embed\/dkrFZTWp_Rk?feature=oembed\" frameborder=\"0\" allow=\"accelerometer; autoplay; clipboard-write; encrypted-media; gyroscope; picture-in-picture; web-share\" referrerpolicy=\"strict-origin-when-cross-origin\" allowfullscreen><\/iframe>\n<\/div><\/figure>\n\n\n\n<p><\/p>\n\n\n\n<p><\/p>\n\n\n\n<p><\/p>\n\n\n\n<p><strong>Manual de registro DIGIPRiS<\/strong><\/p>\n\n\n\n<figure class=\"wp-block-embed is-type-video is-provider-youtube wp-block-embed-youtube wp-embed-aspect-16-9 wp-has-aspect-ratio\"><div class=\"wp-block-embed__wrapper\">\n<iframe loading=\"lazy\" title=\"Manual de registro DIGIPRiS\" width=\"640\" height=\"360\" src=\"https:\/\/www.youtube.com\/embed\/IWTanVF-8J4?feature=oembed\" frameborder=\"0\" allow=\"accelerometer; autoplay; clipboard-write; encrypted-media; gyroscope; picture-in-picture; web-share\" referrerpolicy=\"strict-origin-when-cross-origin\" allowfullscreen><\/iframe>\n<\/div><\/figure>\n","protected":false},"excerpt":{"rendered":"<p>DIGIPRiS te ofrece la opci\u00f3n de realizar tr\u00e1mites a trav\u00e9s de la web Con DIGIPRiS, nos dirigimos hacia: Una mayor eficiencia en la gesti\u00f3n de los tr\u00e1mites, lo que reduce la carga administrativa de la ciudadan\u00eda. Una transformaci\u00f3n profunda al interior de la Cofepris, en t\u00e9rminos de modernizaci\u00f3n administrativa y sustentabilidad, con el fin de [&hellip;]<\/p>\n","protected":false},"author":5,"featured_media":0,"parent":0,"menu_order":0,"comment_status":"closed","ping_status":"closed","template":"","meta":{"footnotes":""},"class_list":["post-11335","page","type-page","status-publish","hentry"],"_links":{"self":[{"href":"https:\/\/saludnl.gob.mx\/regulacion-sanitaria\/index.php\/wp-json\/wp\/v2\/pages\/11335","targetHints":{"allow":["GET"]}}],"collection":[{"href":"https:\/\/saludnl.gob.mx\/regulacion-sanitaria\/index.php\/wp-json\/wp\/v2\/pages"}],"about":[{"href":"https:\/\/saludnl.gob.mx\/regulacion-sanitaria\/index.php\/wp-json\/wp\/v2\/types\/page"}],"author":[{"embeddable":true,"href":"https:\/\/saludnl.gob.mx\/regulacion-sanitaria\/index.php\/wp-json\/wp\/v2\/users\/5"}],"replies":[{"embeddable":true,"href":"https:\/\/saludnl.gob.mx\/regulacion-sanitaria\/index.php\/wp-json\/wp\/v2\/comments?post=11335"}],"version-history":[{"count":13,"href":"https:\/\/saludnl.gob.mx\/regulacion-sanitaria\/index.php\/wp-json\/wp\/v2\/pages\/11335\/revisions"}],"predecessor-version":[{"id":19192,"href":"https:\/\/saludnl.gob.mx\/regulacion-sanitaria\/index.php\/wp-json\/wp\/v2\/pages\/11335\/revisions\/19192"}],"wp:attachment":[{"href":"https:\/\/saludnl.gob.mx\/regulacion-sanitaria\/index.php\/wp-json\/wp\/v2\/media?parent=11335"}],"curies":[{"name":"wp","href":"https:\/\/api.w.org\/{rel}","templated":true}]}}