{"id":11022,"date":"2022-09-21T14:30:07","date_gmt":"2022-09-21T19:30:07","guid":{"rendered":"https:\/\/saludnl.gob.mx\/regulacion-sanitaria\/?page_id=11022"},"modified":"2024-04-12T17:34:38","modified_gmt":"2024-04-12T22:34:38","slug":"plataforma-de-distribuidores-irregulares-de-medicamentos","status":"publish","type":"page","link":"https:\/\/saludnl.gob.mx\/regulacion-sanitaria\/index.php\/plataforma-de-distribuidores-irregulares-de-medicamentos\/","title":{"rendered":"Plataforma de distribuidores irregulares de medicamentos"},"content":{"rendered":"<div class=\"sdm_download_item \"><div class=\"sdm_download_item_top\"><div class=\"sdm_download_thumbnail\"><\/div><div class=\"sdm_download_title\">Lista de distribuidores de medicamentos que no cumplen con la regulaci\u00f3n sanitaria<\/div><\/div><div style=\"clear:both;\"><\/div><div class=\"sdm_download_description\"><\/div><div class=\"sdm_download_link\"><span class=\"sdm_download_button\"><a href=\"https:\/\/saludnl.gob.mx\/regulacion-sanitaria\/?sdm_process_download=1&download_id=12074\" class=\"sdm_download blue\" title=\"Lista de distribuidores de medicamentos que no cumplen con la regulaci\u00f3n sanitaria\" target=\"_blank\">\u00a1Descarga la lista aqu\u00ed!<\/a><\/span><span class=\"sdm_download_item_count\"><span class=\"sdm_item_count_number\">1285<\/span><span class=\"sdm_item_count_string\"> Downloads<\/span><\/span><\/div><\/div><div class=\"sdm_clear_float\"><\/div>\n<p>\u00daltima actualizaci\u00f3n: <strong>05-04-2024<\/strong><\/p>\n<h2 style=\"text-align: left;\">Conoce la lista de distribuidores de medicamentos que no cumplen con la regulaci\u00f3n sanitaria<\/h2>\n<h4 style=\"text-align: left;\"><strong>A qui\u00e9n va dirigido\u00a0<\/strong><\/h4>\n<p style=\"text-align: left;\">Establecimientos p\u00fablicos y privados dedicados a la comercializaci\u00f3n, recepci\u00f3n y distribuci\u00f3n de insumos para la salud, como farmacias, aseguradoras, almacenes, cl\u00ednicas y hospitales, as\u00ed como pacientes o personas interesadas en compras de medicamentos.<\/p>\n<h4 style=\"text-align: left;\"><strong>Objetivo<\/strong><\/h4>\n<p style=\"text-align: left;\">Te permite conocer si para\u00a0Cofepris alg\u00fan distribuidor de medicamentos infringe la regulaci\u00f3n sanitaria, ya sea por no contar con autorizaci\u00f3n o no cumplir con los requerimientos normativos de infraestructura, documentaci\u00f3n, personal y\/o equipamiento, de tal forma que se evite la adquisici\u00f3n de medicamentos que no tengan garantizada su calidad, seguridad y eficacia.<\/p>\n<h3>Manual para la Identificaci\u00f3n de Medicamentos Falsificados<\/h3>\n<div class=\"sdm_download_item \"><div class=\"sdm_download_item_top\"><div class=\"sdm_download_thumbnail\"><img decoding=\"async\" class=\"sdm_download_thumbnail_image\" src=\"https:\/\/saludnl.gob.mx\/regulacion-sanitaria\/wp-content\/uploads\/2024\/01\/Manual-de-medicamentos.jpg\" alt = \"Manual para la Identificaci\u00f3n de Medicamentos Falsificados\" \/><\/div><div class=\"sdm_download_title\">Manual para la Identificaci\u00f3n de Medicamentos Falsificados<\/div><\/div><div style=\"clear:both;\"><\/div><div class=\"sdm_download_description\"><p>Dirigido a toda la cadena de suministro de medicamentos, fabricantes, almacenes de dep\u00f3sito y distribuci\u00f3n, farmacias, boticas y droguer\u00edas y p\u00fablico en general.<\/p>\n<\/div><div class=\"sdm_download_link\"><span class=\"sdm_download_button\"><a href=\"https:\/\/saludnl.gob.mx\/regulacion-sanitaria\/?sdm_process_download=1&download_id=18865\" class=\"sdm_download blue\" title=\"Manual para la Identificaci\u00f3n de Medicamentos Falsificados\" target=\"_blank\">Descargar aqu\u00ed<\/a><\/span><span class=\"sdm_download_item_count\"><span class=\"sdm_item_count_number\">325<\/span><span class=\"sdm_item_count_string\"> Downloads<\/span><\/span><\/div><\/div><div class=\"sdm_clear_float\"><\/div>\n<h3>Oficios Circulares<\/h3>\n<div class=\"sdm_download_item \"><div class=\"sdm_download_item_top\"><div class=\"sdm_download_thumbnail\"><\/div><div class=\"sdm_download_title\">Oficio Circular<\/div><\/div><div style=\"clear:both;\"><\/div><div class=\"sdm_download_description\"><p>31 de enero del 2024<\/p>\n<p>Actualizaci\u00f3n de lista de distribuidores irregulares que no cumplen con la regulaci\u00f3n sanitaria vigente; con respecto al Estado de Nuevo Le\u00f3n.<\/p>\n<\/div><div class=\"sdm_download_link\"><span class=\"sdm_download_button\"><a href=\"https:\/\/saludnl.gob.mx\/regulacion-sanitaria\/?sdm_process_download=1&download_id=18871\" class=\"sdm_download blue\" title=\"Oficio Circular\" target=\"_self\">Descarga aqu\u00ed<\/a><\/span><span class=\"sdm_download_item_count\"><span class=\"sdm_item_count_number\">650<\/span><span class=\"sdm_item_count_string\"> Downloads<\/span><\/span><\/div><\/div><div class=\"sdm_clear_float\"><\/div>\n<div class=\"sdm_download_item \"><div class=\"sdm_download_item_top\"><div class=\"sdm_download_thumbnail\"><\/div><div class=\"sdm_download_title\">Oficio Circular<\/div><\/div><div style=\"clear:both;\"><\/div><div class=\"sdm_download_description\"><p>30 de enero 2024<\/p>\n<p>Comercializaci\u00f3n de medicamentos en v\u00eda p\u00fablica (tianguis, puestos y comercios ambulantes)<\/p>\n<\/div><div class=\"sdm_download_link\"><span class=\"sdm_download_button\"><a href=\"https:\/\/saludnl.gob.mx\/regulacion-sanitaria\/?sdm_process_download=1&download_id=18874\" class=\"sdm_download blue\" title=\"Oficio Circular\" target=\"_blank\">Descarga aqu\u00ed<\/a><\/span><span class=\"sdm_download_item_count\"><span class=\"sdm_item_count_number\">355<\/span><span class=\"sdm_item_count_string\"> Downloads<\/span><\/span><\/div><\/div><div class=\"sdm_clear_float\"><\/div>\n<div class=\"sdm_download_item \"><div class=\"sdm_download_item_top\"><div class=\"sdm_download_thumbnail\"><\/div><div class=\"sdm_download_title\">Oficio Circular<\/div><\/div><div style=\"clear:both;\"><\/div><div class=\"sdm_download_description\"><p>11 de abril del 2024<\/p>\n<p>Actualizaci\u00f3n de lista de distribuidores irregulares que no cumplen con la regulaci\u00f3n sanitaria vigente; con respecto al Estado de Nuevo Le\u00f3n.<\/p>\n<\/div><div class=\"sdm_download_link\"><span class=\"sdm_download_button\"><a href=\"https:\/\/saludnl.gob.mx\/regulacion-sanitaria\/?sdm_process_download=1&download_id=19609\" class=\"sdm_download blue\" title=\"Oficio Circular\" target=\"_self\">Descargar aqu\u00ed<\/a><\/span><span class=\"sdm_download_item_count\"><span class=\"sdm_item_count_number\">437<\/span><span class=\"sdm_item_count_string\"> Downloads<\/span><\/span><\/div><\/div><div class=\"sdm_clear_float\"><\/div>\n","protected":false},"excerpt":{"rendered":"<p>\u00daltima actualizaci\u00f3n: 05-04-2024 Conoce la lista de distribuidores de medicamentos que no cumplen con la regulaci\u00f3n sanitaria A qui\u00e9n va dirigido\u00a0 Establecimientos p\u00fablicos y privados dedicados a la comercializaci\u00f3n, recepci\u00f3n y distribuci\u00f3n de insumos para la salud, como farmacias, aseguradoras, almacenes, cl\u00ednicas y hospitales, as\u00ed como pacientes o personas interesadas en compras de medicamentos. Objetivo [&hellip;]<\/p>\n","protected":false},"author":5,"featured_media":0,"parent":0,"menu_order":0,"comment_status":"closed","ping_status":"closed","template":"","meta":{"footnotes":""},"class_list":["post-11022","page","type-page","status-publish","hentry"],"_links":{"self":[{"href":"https:\/\/saludnl.gob.mx\/regulacion-sanitaria\/index.php\/wp-json\/wp\/v2\/pages\/11022","targetHints":{"allow":["GET"]}}],"collection":[{"href":"https:\/\/saludnl.gob.mx\/regulacion-sanitaria\/index.php\/wp-json\/wp\/v2\/pages"}],"about":[{"href":"https:\/\/saludnl.gob.mx\/regulacion-sanitaria\/index.php\/wp-json\/wp\/v2\/types\/page"}],"author":[{"embeddable":true,"href":"https:\/\/saludnl.gob.mx\/regulacion-sanitaria\/index.php\/wp-json\/wp\/v2\/users\/5"}],"replies":[{"embeddable":true,"href":"https:\/\/saludnl.gob.mx\/regulacion-sanitaria\/index.php\/wp-json\/wp\/v2\/comments?post=11022"}],"version-history":[{"count":21,"href":"https:\/\/saludnl.gob.mx\/regulacion-sanitaria\/index.php\/wp-json\/wp\/v2\/pages\/11022\/revisions"}],"predecessor-version":[{"id":19613,"href":"https:\/\/saludnl.gob.mx\/regulacion-sanitaria\/index.php\/wp-json\/wp\/v2\/pages\/11022\/revisions\/19613"}],"wp:attachment":[{"href":"https:\/\/saludnl.gob.mx\/regulacion-sanitaria\/index.php\/wp-json\/wp\/v2\/media?parent=11022"}],"curies":[{"name":"wp","href":"https:\/\/api.w.org\/{rel}","templated":true}]}}