{"id":10759,"date":"2022-08-22T14:59:01","date_gmt":"2022-08-22T19:59:01","guid":{"rendered":"https:\/\/saludnl.gob.mx\/regulacion-sanitaria\/?page_id=10759"},"modified":"2022-08-22T15:04:30","modified_gmt":"2022-08-22T20:04:30","slug":"guia-de-auto-verificacion-para-establecimientos-que-otorgan-el-servicio-de-laboratorios-clinicos-modulos-para-la-toma-de-muestras-de-sars-cov-2","status":"publish","type":"page","link":"https:\/\/saludnl.gob.mx\/regulacion-sanitaria\/index.php\/guia-de-auto-verificacion-para-establecimientos-que-otorgan-el-servicio-de-laboratorios-clinicos-modulos-para-la-toma-de-muestras-de-sars-cov-2\/","title":{"rendered":"Gu\u00eda de auto verificaci\u00f3n para establecimientos que otorgan el servicio de laboratorios cl\u00ednicos ( m\u00f3dulos para la toma de muestras de SARS-CoV-2)-"},"content":{"rendered":"<p><img loading=\"lazy\" decoding=\"async\" class=\"alignnone size-full wp-image-10763\" src=\"https:\/\/saludnl.gob.mx\/regulacion-sanitaria\/wp-content\/uploads\/2022\/08\/labs.jpg\" alt=\"\" width=\"465\" height=\"598\" srcset=\"https:\/\/saludnl.gob.mx\/regulacion-sanitaria\/wp-content\/uploads\/2022\/08\/labs.jpg 465w, https:\/\/saludnl.gob.mx\/regulacion-sanitaria\/wp-content\/uploads\/2022\/08\/labs-233x300.jpg 233w\" sizes=\"auto, (max-width: 465px) 100vw, 465px\" \/><\/p>\n<div class=\"sdm_download_button_box_default\"><div class=\"sdm_download_link\"><a href=\"https:\/\/saludnl.gob.mx\/regulacion-sanitaria\/?sdm_process_download=1&download_id=10758\" class=\"sdm_download blue\" title=\"Gu\u00eda de auto verificaci\u00f3n para establecimientos que otorgan el servicio de laboratorios cl\u00ednicos ( m\u00f3dulos para la toma de muestras de SARS-CoV-2)-\" >Descargar<\/a><\/div><\/div>\n<div class=\"sdm_download_count\"><span class=\"sdm_count_number\">242<\/span><span class=\"sdm_count_string\"> Downloads<\/span><\/div>\n","protected":false},"excerpt":{"rendered":"","protected":false},"author":5,"featured_media":0,"parent":0,"menu_order":0,"comment_status":"closed","ping_status":"closed","template":"","meta":{"footnotes":""},"class_list":["post-10759","page","type-page","status-publish","hentry"],"_links":{"self":[{"href":"https:\/\/saludnl.gob.mx\/regulacion-sanitaria\/index.php\/wp-json\/wp\/v2\/pages\/10759","targetHints":{"allow":["GET"]}}],"collection":[{"href":"https:\/\/saludnl.gob.mx\/regulacion-sanitaria\/index.php\/wp-json\/wp\/v2\/pages"}],"about":[{"href":"https:\/\/saludnl.gob.mx\/regulacion-sanitaria\/index.php\/wp-json\/wp\/v2\/types\/page"}],"author":[{"embeddable":true,"href":"https:\/\/saludnl.gob.mx\/regulacion-sanitaria\/index.php\/wp-json\/wp\/v2\/users\/5"}],"replies":[{"embeddable":true,"href":"https:\/\/saludnl.gob.mx\/regulacion-sanitaria\/index.php\/wp-json\/wp\/v2\/comments?post=10759"}],"version-history":[{"count":3,"href":"https:\/\/saludnl.gob.mx\/regulacion-sanitaria\/index.php\/wp-json\/wp\/v2\/pages\/10759\/revisions"}],"predecessor-version":[{"id":10765,"href":"https:\/\/saludnl.gob.mx\/regulacion-sanitaria\/index.php\/wp-json\/wp\/v2\/pages\/10759\/revisions\/10765"}],"wp:attachment":[{"href":"https:\/\/saludnl.gob.mx\/regulacion-sanitaria\/index.php\/wp-json\/wp\/v2\/media?parent=10759"}],"curies":[{"name":"wp","href":"https:\/\/api.w.org\/{rel}","templated":true}]}}