{"id":10239,"date":"2022-06-28T18:03:34","date_gmt":"2022-06-28T23:03:34","guid":{"rendered":"https:\/\/saludnl.gob.mx\/regulacion-sanitaria\/?page_id=10239"},"modified":"2022-06-28T18:03:34","modified_gmt":"2022-06-28T23:03:34","slug":"guia-de-autoverificacion-para-farmacias","status":"publish","type":"page","link":"https:\/\/saludnl.gob.mx\/regulacion-sanitaria\/index.php\/guia-de-autoverificacion-para-farmacias\/","title":{"rendered":"Gu\u00eda de autoverificaci\u00f3n para Farmacias"},"content":{"rendered":"<p><img loading=\"lazy\" decoding=\"async\" class=\"alignnone size-full wp-image-10242\" src=\"https:\/\/saludnl.gob.mx\/regulacion-sanitaria\/wp-content\/uploads\/2022\/06\/farmcias.jpg\" alt=\"\" width=\"462\" height=\"602\" srcset=\"https:\/\/saludnl.gob.mx\/regulacion-sanitaria\/wp-content\/uploads\/2022\/06\/farmcias.jpg 462w, https:\/\/saludnl.gob.mx\/regulacion-sanitaria\/wp-content\/uploads\/2022\/06\/farmcias-230x300.jpg 230w\" sizes=\"auto, (max-width: 462px) 100vw, 462px\" \/><\/p>\n<p>La Comisi\u00f3n Federal para la Protecci\u00f3n contra Riesgos Sanitarios (Cofepris), en cumplimiento de su misi\u00f3n para proteger a la poblaci\u00f3n por el uso y\/o consumo de insumos para la salud, se encarga del control sanitario, as\u00ed como de la importaci\u00f3n, y de los establecimientos dedicados al proceso de los insumos para la salud.<br \/>\nPara ello, se apega a la legislaci\u00f3n, partiendo del art\u00edculo 4 de la Constituci\u00f3n Pol\u00edtica de los Estados Unidos Mexicanos, seguido de la Ley General de Salud (LGS), del Reglamento de Insumos para la Salud<br \/>\n(RIS), del SUPLEMENTO para establecimientos dedicados a la venta y suministro de medicamentos y dem\u00e1s insumos para la salud en su sexta edici\u00f3n, as\u00ed como las normas vigentes y aplicables. Al ser las anteriores de observancia obligatoria y dada la relevancia que implica el control sanitario de los insumos para la salud que se comercializan en el \u00e1mbito nacional, se da a conocer la presente Gu\u00eda de Autoverificaci\u00f3n para Farmacias.<\/p>\n<div class=\"sdm_download_button_box_default\"><div class=\"sdm_download_link\"><a href=\"https:\/\/saludnl.gob.mx\/regulacion-sanitaria\/?sdm_process_download=1&download_id=10227\" class=\"sdm_download blue\" title=\"Gu\u00eda de autoverificaci\u00f3n para Farmacias\" >Descargar<\/a><\/div><\/div>\n","protected":false},"excerpt":{"rendered":"<p>La Comisi\u00f3n Federal para la Protecci\u00f3n contra Riesgos Sanitarios (Cofepris), en cumplimiento de su misi\u00f3n para proteger a la poblaci\u00f3n por el uso y\/o consumo de insumos para la salud, se encarga del control sanitario, as\u00ed como de la importaci\u00f3n, y de los establecimientos dedicados al proceso de los insumos para la salud. Para ello, [&hellip;]<\/p>\n","protected":false},"author":5,"featured_media":0,"parent":0,"menu_order":0,"comment_status":"closed","ping_status":"closed","template":"","meta":{"footnotes":""},"class_list":["post-10239","page","type-page","status-publish","hentry"],"_links":{"self":[{"href":"https:\/\/saludnl.gob.mx\/regulacion-sanitaria\/index.php\/wp-json\/wp\/v2\/pages\/10239","targetHints":{"allow":["GET"]}}],"collection":[{"href":"https:\/\/saludnl.gob.mx\/regulacion-sanitaria\/index.php\/wp-json\/wp\/v2\/pages"}],"about":[{"href":"https:\/\/saludnl.gob.mx\/regulacion-sanitaria\/index.php\/wp-json\/wp\/v2\/types\/page"}],"author":[{"embeddable":true,"href":"https:\/\/saludnl.gob.mx\/regulacion-sanitaria\/index.php\/wp-json\/wp\/v2\/users\/5"}],"replies":[{"embeddable":true,"href":"https:\/\/saludnl.gob.mx\/regulacion-sanitaria\/index.php\/wp-json\/wp\/v2\/comments?post=10239"}],"version-history":[{"count":1,"href":"https:\/\/saludnl.gob.mx\/regulacion-sanitaria\/index.php\/wp-json\/wp\/v2\/pages\/10239\/revisions"}],"predecessor-version":[{"id":10251,"href":"https:\/\/saludnl.gob.mx\/regulacion-sanitaria\/index.php\/wp-json\/wp\/v2\/pages\/10239\/revisions\/10251"}],"wp:attachment":[{"href":"https:\/\/saludnl.gob.mx\/regulacion-sanitaria\/index.php\/wp-json\/wp\/v2\/media?parent=10239"}],"curies":[{"name":"wp","href":"https:\/\/api.w.org\/{rel}","templated":true}]}}