{"id":10238,"date":"2022-06-28T18:02:08","date_gmt":"2022-06-28T23:02:08","guid":{"rendered":"https:\/\/saludnl.gob.mx\/regulacion-sanitaria\/?page_id=10238"},"modified":"2022-06-28T18:02:08","modified_gmt":"2022-06-28T23:02:08","slug":"guia-de-autoverificacion-para-establecimientos-de-atencion-medica-ambulatoria-o-consultorios-medicos-generales-y-de-especialidad","status":"publish","type":"page","link":"https:\/\/saludnl.gob.mx\/regulacion-sanitaria\/index.php\/guia-de-autoverificacion-para-establecimientos-de-atencion-medica-ambulatoria-o-consultorios-medicos-generales-y-de-especialidad\/","title":{"rendered":"Gu\u00eda de autoverificaci\u00f3n para Establecimientos de atenci\u00f3n m\u00e9dica ambulatoria o consultorios m\u00e9dicos generales y de especialidad"},"content":{"rendered":"<p><img loading=\"lazy\" decoding=\"async\" class=\"alignnone size-full wp-image-10241\" src=\"https:\/\/saludnl.gob.mx\/regulacion-sanitaria\/wp-content\/uploads\/2022\/06\/atencion-medica.jpg\" alt=\"\" width=\"466\" height=\"599\" srcset=\"https:\/\/saludnl.gob.mx\/regulacion-sanitaria\/wp-content\/uploads\/2022\/06\/atencion-medica.jpg 466w, https:\/\/saludnl.gob.mx\/regulacion-sanitaria\/wp-content\/uploads\/2022\/06\/atencion-medica-233x300.jpg 233w\" sizes=\"auto, (max-width: 466px) 100vw, 466px\" \/><\/p>\n<p>Con el objetivo de garantizar el cumplimiento del derecho a la protecci\u00f3n de la salud, establecido en la Constituci\u00f3n Pol\u00edtica de los Estados Unidos Mexicanos, y disminuir los riesgos sanitarios de la poblaci\u00f3n en materia de atenci\u00f3n m\u00e9dica ambulatoria, se establece esta herramienta, con la finalidad de que los prestadores de servicios de atenci\u00f3n m\u00e9dica ambulatoria, puedan contar con un marco de referencia basado en la legislaci\u00f3n sanitaria.<\/p>\n<div class=\"sdm_download_button_box_default\"><div class=\"sdm_download_link\"><a href=\"https:\/\/saludnl.gob.mx\/regulacion-sanitaria\/?sdm_process_download=1&download_id=10224\" class=\"sdm_download blue\" title=\"Gu\u00eda de autoverificaci\u00f3n para Establecimientos de atenci\u00f3n m\u00e9dica ambulatoria o consultorios m\u00e9dicos generales y de especialidad\" >Descargar<\/a><\/div><\/div>\n","protected":false},"excerpt":{"rendered":"<p>Con el objetivo de garantizar el cumplimiento del derecho a la protecci\u00f3n de la salud, establecido en la Constituci\u00f3n Pol\u00edtica de los Estados Unidos Mexicanos, y disminuir los riesgos sanitarios de la poblaci\u00f3n en materia de atenci\u00f3n m\u00e9dica ambulatoria, se establece esta herramienta, con la finalidad de que los prestadores de servicios de atenci\u00f3n m\u00e9dica [&hellip;]<\/p>\n","protected":false},"author":5,"featured_media":0,"parent":0,"menu_order":0,"comment_status":"closed","ping_status":"closed","template":"","meta":{"footnotes":""},"class_list":["post-10238","page","type-page","status-publish","hentry"],"_links":{"self":[{"href":"https:\/\/saludnl.gob.mx\/regulacion-sanitaria\/index.php\/wp-json\/wp\/v2\/pages\/10238","targetHints":{"allow":["GET"]}}],"collection":[{"href":"https:\/\/saludnl.gob.mx\/regulacion-sanitaria\/index.php\/wp-json\/wp\/v2\/pages"}],"about":[{"href":"https:\/\/saludnl.gob.mx\/regulacion-sanitaria\/index.php\/wp-json\/wp\/v2\/types\/page"}],"author":[{"embeddable":true,"href":"https:\/\/saludnl.gob.mx\/regulacion-sanitaria\/index.php\/wp-json\/wp\/v2\/users\/5"}],"replies":[{"embeddable":true,"href":"https:\/\/saludnl.gob.mx\/regulacion-sanitaria\/index.php\/wp-json\/wp\/v2\/comments?post=10238"}],"version-history":[{"count":1,"href":"https:\/\/saludnl.gob.mx\/regulacion-sanitaria\/index.php\/wp-json\/wp\/v2\/pages\/10238\/revisions"}],"predecessor-version":[{"id":10250,"href":"https:\/\/saludnl.gob.mx\/regulacion-sanitaria\/index.php\/wp-json\/wp\/v2\/pages\/10238\/revisions\/10250"}],"wp:attachment":[{"href":"https:\/\/saludnl.gob.mx\/regulacion-sanitaria\/index.php\/wp-json\/wp\/v2\/media?parent=10238"}],"curies":[{"name":"wp","href":"https:\/\/api.w.org\/{rel}","templated":true}]}}