{"id":10236,"date":"2022-06-28T17:59:58","date_gmt":"2022-06-28T22:59:58","guid":{"rendered":"https:\/\/saludnl.gob.mx\/regulacion-sanitaria\/?page_id=10236"},"modified":"2022-06-28T17:59:58","modified_gmt":"2022-06-28T22:59:58","slug":"guia-de-autoverificacion-para-almacenes-de-deposito-distribucion-de-medicamentos-y-demas-insumos-para-la-salud","status":"publish","type":"page","link":"https:\/\/saludnl.gob.mx\/regulacion-sanitaria\/index.php\/guia-de-autoverificacion-para-almacenes-de-deposito-distribucion-de-medicamentos-y-demas-insumos-para-la-salud\/","title":{"rendered":"Gu\u00eda de autoverificaci\u00f3n para almacenes de dep\u00f3sito, distribuci\u00f3n de medicamentos y dem\u00e1s insumos para la salud."},"content":{"rendered":"<p><img loading=\"lazy\" decoding=\"async\" class=\"alignnone size-full wp-image-10240\" src=\"https:\/\/saludnl.gob.mx\/regulacion-sanitaria\/wp-content\/uploads\/2022\/06\/almacenes.jpg\" alt=\"\" width=\"466\" height=\"599\" srcset=\"https:\/\/saludnl.gob.mx\/regulacion-sanitaria\/wp-content\/uploads\/2022\/06\/almacenes.jpg 466w, https:\/\/saludnl.gob.mx\/regulacion-sanitaria\/wp-content\/uploads\/2022\/06\/almacenes-233x300.jpg 233w\" sizes=\"auto, (max-width: 466px) 100vw, 466px\" \/><\/p>\n<p>El presente documento tiene el prop\u00f3sito de informar a los responsables de los establecimientos que almacenan y distribuyen medicamentos y dem\u00e1s insumos para la salud, las condiciones sanitarias que deben prevalecer para cumplir con la normatividad vigente.<\/p>\n<div class=\"sdm_download_button_box_default\"><div class=\"sdm_download_link\"><a href=\"https:\/\/saludnl.gob.mx\/regulacion-sanitaria\/?sdm_process_download=1&download_id=10222\" class=\"sdm_download blue\" title=\"Gu\u00eda de autoverificaci\u00f3n para almacenes de dep\u00f3sito, distribuci\u00f3n de medicamentos y dem\u00e1s insumos para la salud.\" >Descargar<\/a><\/div><\/div>\n","protected":false},"excerpt":{"rendered":"<p>El presente documento tiene el prop\u00f3sito de informar a los responsables de los establecimientos que almacenan y distribuyen medicamentos y dem\u00e1s insumos para la salud, las condiciones sanitarias que deben prevalecer para cumplir con la normatividad vigente.<\/p>\n","protected":false},"author":5,"featured_media":0,"parent":0,"menu_order":0,"comment_status":"closed","ping_status":"closed","template":"","meta":{"footnotes":""},"class_list":["post-10236","page","type-page","status-publish","hentry"],"_links":{"self":[{"href":"https:\/\/saludnl.gob.mx\/regulacion-sanitaria\/index.php\/wp-json\/wp\/v2\/pages\/10236","targetHints":{"allow":["GET"]}}],"collection":[{"href":"https:\/\/saludnl.gob.mx\/regulacion-sanitaria\/index.php\/wp-json\/wp\/v2\/pages"}],"about":[{"href":"https:\/\/saludnl.gob.mx\/regulacion-sanitaria\/index.php\/wp-json\/wp\/v2\/types\/page"}],"author":[{"embeddable":true,"href":"https:\/\/saludnl.gob.mx\/regulacion-sanitaria\/index.php\/wp-json\/wp\/v2\/users\/5"}],"replies":[{"embeddable":true,"href":"https:\/\/saludnl.gob.mx\/regulacion-sanitaria\/index.php\/wp-json\/wp\/v2\/comments?post=10236"}],"version-history":[{"count":1,"href":"https:\/\/saludnl.gob.mx\/regulacion-sanitaria\/index.php\/wp-json\/wp\/v2\/pages\/10236\/revisions"}],"predecessor-version":[{"id":10248,"href":"https:\/\/saludnl.gob.mx\/regulacion-sanitaria\/index.php\/wp-json\/wp\/v2\/pages\/10236\/revisions\/10248"}],"wp:attachment":[{"href":"https:\/\/saludnl.gob.mx\/regulacion-sanitaria\/index.php\/wp-json\/wp\/v2\/media?parent=10236"}],"curies":[{"name":"wp","href":"https:\/\/api.w.org\/{rel}","templated":true}]}}