{"id":10235,"date":"2022-06-28T17:57:59","date_gmt":"2022-06-28T22:57:59","guid":{"rendered":"https:\/\/saludnl.gob.mx\/regulacion-sanitaria\/?page_id=10235"},"modified":"2022-06-28T17:57:59","modified_gmt":"2022-06-28T22:57:59","slug":"guia-para-el-ingreso-de-recetarios-especiales","status":"publish","type":"page","link":"https:\/\/saludnl.gob.mx\/regulacion-sanitaria\/index.php\/guia-para-el-ingreso-de-recetarios-especiales\/","title":{"rendered":"Gu\u00eda para el ingreso de recetarios especiales"},"content":{"rendered":"<p><img loading=\"lazy\" decoding=\"async\" class=\"alignnone size-full wp-image-10245\" src=\"https:\/\/saludnl.gob.mx\/regulacion-sanitaria\/wp-content\/uploads\/2022\/06\/recetarios.jpg\" alt=\"\" width=\"474\" height=\"602\" srcset=\"https:\/\/saludnl.gob.mx\/regulacion-sanitaria\/wp-content\/uploads\/2022\/06\/recetarios.jpg 474w, https:\/\/saludnl.gob.mx\/regulacion-sanitaria\/wp-content\/uploads\/2022\/06\/recetarios-236x300.jpg 236w\" sizes=\"auto, (max-width: 474px) 100vw, 474px\" \/><\/p>\n<p>Esta gu\u00eda tiene por objetivo ser contar con un instrumento de referencia para el correcto ingreso del tr\u00e1mite de recetarios especiales con c\u00f3digo de barras, modalidad de primera vez o subsecuente, p\u00e9rdida o robo.<\/p>\n<div class=\"sdm_download_button_box_default\"><div class=\"sdm_download_link\"><a href=\"https:\/\/saludnl.gob.mx\/regulacion-sanitaria\/?sdm_process_download=1&download_id=10221\" class=\"sdm_download blue\" title=\"Gu\u00eda para el ingreso de recetarios especiales\" >Descargar<\/a><\/div><\/div>\n","protected":false},"excerpt":{"rendered":"<p>Esta gu\u00eda tiene por objetivo ser contar con un instrumento de referencia para el correcto ingreso del tr\u00e1mite de recetarios especiales con c\u00f3digo de barras, modalidad de primera vez o subsecuente, p\u00e9rdida o robo.<\/p>\n","protected":false},"author":5,"featured_media":0,"parent":0,"menu_order":0,"comment_status":"closed","ping_status":"closed","template":"","meta":{"footnotes":""},"class_list":["post-10235","page","type-page","status-publish","hentry"],"_links":{"self":[{"href":"https:\/\/saludnl.gob.mx\/regulacion-sanitaria\/index.php\/wp-json\/wp\/v2\/pages\/10235","targetHints":{"allow":["GET"]}}],"collection":[{"href":"https:\/\/saludnl.gob.mx\/regulacion-sanitaria\/index.php\/wp-json\/wp\/v2\/pages"}],"about":[{"href":"https:\/\/saludnl.gob.mx\/regulacion-sanitaria\/index.php\/wp-json\/wp\/v2\/types\/page"}],"author":[{"embeddable":true,"href":"https:\/\/saludnl.gob.mx\/regulacion-sanitaria\/index.php\/wp-json\/wp\/v2\/users\/5"}],"replies":[{"embeddable":true,"href":"https:\/\/saludnl.gob.mx\/regulacion-sanitaria\/index.php\/wp-json\/wp\/v2\/comments?post=10235"}],"version-history":[{"count":1,"href":"https:\/\/saludnl.gob.mx\/regulacion-sanitaria\/index.php\/wp-json\/wp\/v2\/pages\/10235\/revisions"}],"predecessor-version":[{"id":10247,"href":"https:\/\/saludnl.gob.mx\/regulacion-sanitaria\/index.php\/wp-json\/wp\/v2\/pages\/10235\/revisions\/10247"}],"wp:attachment":[{"href":"https:\/\/saludnl.gob.mx\/regulacion-sanitaria\/index.php\/wp-json\/wp\/v2\/media?parent=10235"}],"curies":[{"name":"wp","href":"https:\/\/api.w.org\/{rel}","templated":true}]}}