{"id":175,"date":"2020-03-30T11:06:33","date_gmt":"2020-03-30T17:06:33","guid":{"rendered":"http:\/\/saludnl.gob.mx\/regulacion-sanitaria\/cursos\/?page_id=175"},"modified":"2025-01-29T15:05:43","modified_gmt":"2025-01-29T21:05:43","slug":"inicio","status":"publish","type":"page","link":"https:\/\/saludnl.gob.mx\/regulacion-sanitaria\/cursos\/","title":{"rendered":""},"content":{"rendered":"<div id=\"pl-175\"  class=\"panel-layout\" ><div id=\"pg-175-0\"  class=\"panel-grid panel-no-style\" ><div id=\"pgc-175-0-0\"  class=\"panel-grid-cell\" ><div id=\"panel-175-0-0-0\" class=\"so-panel widget widget_metaslider_widget panel-first-child panel-last-child\" data-index=\"0\" ><div id=\"metaslider-id-178\" style=\"width: 100%;\" class=\"ml-slider-3-107-0 metaslider metaslider-flex metaslider-178 ml-slider has-dots-nav has-carousel-mode ms-theme-default\" role=\"region\" aria-label=\"P\u00c1GINA INICIO\" data-height=\"400\" data-width=\"1200\">\n    <div id=\"metaslider_container_178\">\n        <div id=\"metaslider_178\">\n            <ul class='slides'>\n                <li style=\"display: none; width: 100%;\" class=\"slide-183363 ms-image \" aria-roledescription=\"slide\" data-date=\"2025-02-19 15:03:24\" data-filename=\"Banner_ubicacion.png\" data-slide-type=\"image\"><img loading=\"lazy\" decoding=\"async\" src=\"https:\/\/saludnl.gob.mx\/regulacion-sanitaria\/cursos\/wp-content\/uploads\/2025\/02\/Banner_ubicacion.png\" height=\"400\" width=\"1200\" alt=\"\" class=\"slider-178 slide-183363 msDefaultImage\" title=\"Banner_ubicaci\u00f3n\" \/><\/li>\n                <li style=\"display: none; width: 100%;\" class=\"slide-183365 ms-image \" aria-roledescription=\"slide\" data-date=\"2025-02-19 15:03:40\" data-filename=\"Banner_\u00bfQue-hacemos-.png\" data-slide-type=\"image\"><img loading=\"lazy\" decoding=\"async\" src=\"https:\/\/saludnl.gob.mx\/regulacion-sanitaria\/cursos\/wp-content\/uploads\/2025\/02\/Banner_\u00bfQue-hacemos-.png\" height=\"400\" width=\"1200\" alt=\"\" class=\"slider-178 slide-183365 msDefaultImage\" title=\"Banner_\u00bfQu\u00e9 hacemos-\" \/><\/li>\n            <\/ul>\n        <\/div>\n        \n    <\/div>\n<\/div><\/div><\/div><\/div><div id=\"pg-175-1\"  class=\"panel-grid panel-no-style\" ><div id=\"pgc-175-1-0\"  class=\"panel-grid-cell\" ><div id=\"panel-175-1-0-0\" class=\"so-panel widget widget_siteorigin-panels-builder panel-first-child panel-last-child\" data-index=\"1\" ><div id=\"pl-w621d276a2302f\"  class=\"panel-layout\" ><div id=\"pg-w621d276a2302f-0\"  class=\"panel-grid panel-no-style\" ><div id=\"pgc-w621d276a2302f-0-0\"  class=\"panel-grid-cell\" ><div id=\"panel-w621d276a2302f-0-0-0\" class=\"so-panel widget widget_sow-editor panel-first-child panel-last-child\" data-index=\"0\" ><div\n\t\t\t\n\t\t\tclass=\"so-widget-sow-editor so-widget-sow-editor-base\"\n\t\t\t\n\t\t>\n<div class=\"siteorigin-widget-tinymce textwidget\">\n\t<h3 style=\"text-align: center;\">Bienvenido al Sistema de Capacitaci\u00f3n en l\u00ednea de la Subsecretar\u00eda de Regulaci\u00f3n y Fomento Sanitario<\/h3>\n<p style=\"text-align: justify;\">En este sistema podr\u00e1s encontrar los principales cursos de capacitaci\u00f3n que brindamos con el objetivo de proteger la salud de la poblaci\u00f3n neolonesa mediante la adquisici\u00f3n de conocimientos en las diferentes \u00e1rea de especialidad, te informamos que todos nuestros cursos son GRATUITOS y al final de cada uno de ellos al obtener una calificaci\u00f3n aprobatoria recibir\u00e1s una constancia de participaci\u00f3n brindada por la Subsecretar\u00eda.<\/p>\n<p style=\"text-align: center;\">Esta plataforma es para t\u00ed, consulta su <a href=\"https:\/\/saludnl.gob.mx\/regulacion-sanitaria\/cursos\/manual-del-sistema\/\">manual de uso aqu\u00ed<\/a> y en caso de cualquier duda o comentario no dudes en contactarnos.<\/p>\n<p><strong>NOTA:<\/strong><\/p>\n<p>En caso de finalizar tu curso en l\u00ednea y no recibir tu constancia de participaci\u00f3n, env\u00eda un correo a contacto.regulacionsanitaria@saludnl.gob.mx para obtenerla.<\/p>\n<\/div>\n<\/div><\/div><\/div><div id=\"pgc-w621d276a2302f-0-1\"  class=\"panel-grid-cell\" ><div id=\"panel-w621d276a2302f-0-1-0\" class=\"so-panel widget widget_sow-button panel-first-child panel-last-child\" data-index=\"1\" ><div\n\t\t\t\n\t\t\tclass=\"so-widget-sow-button so-widget-sow-button-flat-5c39935b4b51\"\n\t\t\t\n\t\t><div class=\"ow-button-base ow-button-align-center\"\n>\n\t\t\t<a\n\t\t\t\t\thref=\"https:\/\/saludnl.gob.mx\/regulacion-sanitaria\/cursos\/pagina-perfil\/\"\n\t\t\t\t\tclass=\"sowb-button ow-icon-placement-left\" \t>\n\t\t<span>\n\t\t\t<span class=\"sow-icon-fontawesome sow-far\" data-sow-icon=\"&#xf2bb;\"\n\t\tstyle=\"\" \n\t\taria-hidden=\"true\"><\/span>\n\t\t\tIngresa al sistema\t\t<\/span>\n\t\t\t<\/a>\n\t<\/div>\n<\/div><\/div><\/div><\/div><div id=\"pg-w621d276a2302f-1\"  class=\"panel-grid panel-no-style\" ><div id=\"pgc-w621d276a2302f-1-0\"  class=\"panel-grid-cell panel-grid-cell-empty panel-grid-cell-mobile-last\" ><\/div><div id=\"pgc-w621d276a2302f-1-1\"  class=\"panel-grid-cell panel-grid-cell-empty\" ><\/div><\/div><\/div><\/div><\/div><\/div><\/div>","protected":false},"excerpt":{"rendered":"<p>Bienvenido al Sistema de Capacitaci\u00f3n en l\u00ednea de la Subsecretar\u00eda de Regulaci\u00f3n y Fomento Sanitario En este sistema podr\u00e1s encontrar [&hellip;]<\/p>\n","protected":false},"author":6,"featured_media":0,"parent":0,"menu_order":0,"comment_status":"closed","ping_status":"closed","template":"templates\/home-page.php","meta":{"footnotes":""},"class_list":["post-175","page","type-page","status-publish","hentry"],"_links":{"self":[{"href":"https:\/\/saludnl.gob.mx\/regulacion-sanitaria\/cursos\/wp-json\/wp\/v2\/pages\/175","targetHints":{"allow":["GET"]}}],"collection":[{"href":"https:\/\/saludnl.gob.mx\/regulacion-sanitaria\/cursos\/wp-json\/wp\/v2\/pages"}],"about":[{"href":"https:\/\/saludnl.gob.mx\/regulacion-sanitaria\/cursos\/wp-json\/wp\/v2\/types\/page"}],"author":[{"embeddable":true,"href":"https:\/\/saludnl.gob.mx\/regulacion-sanitaria\/cursos\/wp-json\/wp\/v2\/users\/6"}],"replies":[{"embeddable":true,"href":"https:\/\/saludnl.gob.mx\/regulacion-sanitaria\/cursos\/wp-json\/wp\/v2\/comments?post=175"}],"version-history":[{"count":71,"href":"https:\/\/saludnl.gob.mx\/regulacion-sanitaria\/cursos\/wp-json\/wp\/v2\/pages\/175\/revisions"}],"predecessor-version":[{"id":184786,"href":"https:\/\/saludnl.gob.mx\/regulacion-sanitaria\/cursos\/wp-json\/wp\/v2\/pages\/175\/revisions\/184786"}],"wp:attachment":[{"href":"https:\/\/saludnl.gob.mx\/regulacion-sanitaria\/cursos\/wp-json\/wp\/v2\/media?parent=175"}],"curies":[{"name":"wp","href":"https:\/\/api.w.org\/{rel}","templated":true}]}}